{"id":463,"date":"2023-09-21T11:18:21","date_gmt":"2023-09-21T09:18:21","guid":{"rendered":"https:\/\/ecstatic-roentgen.31-24-155-213.plesk.page\/la-nostra-clinica\/"},"modified":"2023-11-06T18:36:55","modified_gmt":"2023-11-06T17:36:55","slug":"la-nostra-clinica","status":"publish","type":"page","link":"https:\/\/dental-planet.eu\/it\/la-nostra-clinica\/","title":{"rendered":"La nostra clinica"},"content":{"rendered":"<section class=\"l-section wpb_row height_medium\"><div class=\"l-section-h i-cf\"><div class=\"g-cols vc_row via_grid cols_1 laptops-cols_inherit tablets-cols_inherit mobiles-cols_1 valign_top type_default stacking_default\"><div class=\"wpb_column vc_column_container\"><div class=\"vc_column-inner\"><div class=\"g-cols wpb_row via_grid cols_2 laptops-cols_inherit tablets-cols_inherit mobiles-cols_1 valign_top type_default stacking_default\"><div class=\"wpb_column vc_column_container\"><div class=\"vc_column-inner\"><div class=\"w-image style_shadow-1 align_center\"><div url class=\"w-image-h\"><img loading=\"lazy\" decoding=\"async\" width=\"1024\" height=\"768\" src=\"https:\/\/dental-planet.eu\/wp-content\/uploads\/2023\/09\/Eingang-Zahnarztpraxis-neu1-1024x768.jpg\" class=\"attachment-large size-large\" alt=\"\" srcset=\"https:\/\/dental-planet.eu\/wp-content\/uploads\/2023\/09\/Eingang-Zahnarztpraxis-neu1-1024x768.jpg 1024w, https:\/\/dental-planet.eu\/wp-content\/uploads\/2023\/09\/Eingang-Zahnarztpraxis-neu1-300x225.jpg 300w, https:\/\/dental-planet.eu\/wp-content\/uploads\/2023\/09\/Eingang-Zahnarztpraxis-neu1.jpg 1500w\" sizes=\"auto, (max-width: 1024px) 100vw, 1024px\" \/><\/div><\/div><\/div><\/div><div class=\"wpb_column vc_column_container\"><div class=\"vc_column-inner\"><div class=\"wpb_text_column\"><div class=\"wpb_wrapper\"><p style=\"text-align: justify;\">Dental Planet &#8211; Il vostro dentista a Quesada, Rojales, Torrevieja &amp; Alicante in Spagna<br \/>\nLa nostra missione \u00e8 fornire cure eccezionali a pazienti che si aspettano il meglio.<\/p>\n<p style=\"text-align: justify;\">Puntiamo alla perfezione e dedichiamo il giusto tempo per realizzare ogni lavoro al meglio. Per ottenere i migliori risultati, manteniamo i seguenti standard elevati:<\/p>\n<p style=\"text-align: justify;\">La pi\u00f9 alta qualit\u00e0 e i pi\u00f9 recenti metodi di trattamento odontoiatrico.<\/p>\n<p style=\"text-align: justify;\">Noi di Dental Planet offriamo ai nostri pazienti trattamenti dentali di altissima qualit\u00e0, senza eccezioni. Il nostro obiettivo \u00e8 quello di offrire la migliore odontoiatria disponibile: i materiali pi\u00f9 moderni, metodi di trattamento innovativi e, soprattutto, un&#8217;ospitalit\u00e0 e un servizio clienti senza pari per ogni paziente.<\/p>\n<\/div><\/div><\/div><\/div><\/div><div class=\"wpb_text_column\"><div class=\"wpb_wrapper\"><p style=\"text-align: justify;\">Trattamento delicato e indolore.<\/p>\n<p style=\"text-align: justify;\">Ci impegniamo sempre a trattarvi nel modo pi\u00f9 delicato e indolore possibile mentre restauriamo o ricostruiamo i vostri denti. Questo vale soprattutto per i pazienti che hanno paura del dentista. Denti nuovi, confortevoli e belli possono avere un&#8217;influenza molto positiva sulla fiducia in se stessi e sulla qualit\u00e0 della vita.<\/p>\n<p style=\"text-align: justify;\">Profilassi dentale &#8211; cure dentali preventive<\/p>\n<p style=\"text-align: justify;\">La nostra profilassi dentale e i nostri trattamenti parodontali di alta qualit\u00e0 garantiscono la conservazione dei denti e degli impianti dentali per lungo tempo.<\/p>\n<p style=\"text-align: justify;\">Lavoriamo per voi, il paziente<\/p>\n<p style=\"text-align: justify;\">Il responsabile del nostro studio dentistico tratta e cura personalmente ogni paziente. Pianifica e coordina ogni intervento chirurgico in collaborazione con l&#8217;implantologo e il laboratorio odontotecnico in loco. Tutte le protesi sono montate da lui. Si assicura che ogni paziente riceva un servizio eccellente durante tutto il trattamento odontoiatrico.<\/p>\n<p style=\"text-align: justify;\">Un team di specialisti<\/p>\n<p style=\"text-align: justify;\">Il team del nostro studio dentistico, esperto e cordiale, garantisce che tutti i lavori odontoiatrici siano eseguiti senza problemi, si adattino perfettamente e soddisfino i pi\u00f9 alti standard estetici &#8211; denti di cui innamorarsi!<\/p>\n<\/div><\/div><\/div><\/div><\/div><\/div><\/section>\n","protected":false},"excerpt":{"rendered":"Dental Planet &#8211; Il vostro dentista a Quesada, Rojales, Torrevieja &amp; Alicante in Spagna La nostra missione \u00e8 fornire cure eccezionali a pazienti che si aspettano il meglio. Puntiamo alla perfezione e dedichiamo il giusto tempo per realizzare ogni lavoro al meglio. Per ottenere i migliori risultati, manteniamo i seguenti standard elevati: La pi\u00f9 alta...","protected":false},"author":1,"featured_media":0,"parent":0,"menu_order":0,"comment_status":"closed","ping_status":"closed","template":"","meta":{"footnotes":""},"class_list":["post-463","page","type-page","status-publish","hentry"],"_links":{"self":[{"href":"https:\/\/dental-planet.eu\/it\/wp-json\/wp\/v2\/pages\/463","targetHints":{"allow":["GET"]}}],"collection":[{"href":"https:\/\/dental-planet.eu\/it\/wp-json\/wp\/v2\/pages"}],"about":[{"href":"https:\/\/dental-planet.eu\/it\/wp-json\/wp\/v2\/types\/page"}],"author":[{"embeddable":true,"href":"https:\/\/dental-planet.eu\/it\/wp-json\/wp\/v2\/users\/1"}],"replies":[{"embeddable":true,"href":"https:\/\/dental-planet.eu\/it\/wp-json\/wp\/v2\/comments?post=463"}],"version-history":[{"count":6,"href":"https:\/\/dental-planet.eu\/it\/wp-json\/wp\/v2\/pages\/463\/revisions"}],"predecessor-version":[{"id":2757,"href":"https:\/\/dental-planet.eu\/it\/wp-json\/wp\/v2\/pages\/463\/revisions\/2757"}],"wp:attachment":[{"href":"https:\/\/dental-planet.eu\/it\/wp-json\/wp\/v2\/media?parent=463"}],"curies":[{"name":"wp","href":"https:\/\/api.w.org\/{rel}","templated":true}]}}