{"id":1336,"date":"2023-09-28T11:20:36","date_gmt":"2023-09-28T09:20:36","guid":{"rendered":"https:\/\/ecstatic-roentgen.31-24-155-213.plesk.page\/la-vostra-vacanza-con-dental-planet-2\/"},"modified":"2023-09-28T11:28:04","modified_gmt":"2023-09-28T09:28:04","slug":"la-vostra-vacanza-con-dental-planet-2","status":"publish","type":"page","link":"https:\/\/dental-planet.eu\/it\/la-vostra-vacanza-con-dental-planet-2\/","title":{"rendered":"La vostra vacanza con Dental Planet"},"content":{"rendered":"<section class=\"l-section wpb_row us_custom_e11ab399 height_medium\"><div class=\"l-section-h i-cf\"><div class=\"g-cols vc_row via_grid cols_1 laptops-cols_inherit tablets-cols_inherit mobiles-cols_1 valign_top type_default stacking_default\"><div class=\"wpb_column vc_column_container\"><div class=\"vc_column-inner\"><div class=\"g-cols wpb_row via_grid cols_2 laptops-cols_inherit tablets-cols_inherit mobiles-cols_1 valign_top type_default stacking_default\"><div class=\"wpb_column vc_column_container\"><div class=\"vc_column-inner\"><div class=\"wpb_text_column\"><div class=\"wpb_wrapper\"><h3 style=\"text-align: justify;\">Vacanze da dentista al Dental Planet Implant Center<\/h3>\n<h4 style=\"text-align: justify;\">Protesi dentali di alta qualit\u00e0 sotto le palme!<\/h4>\n<p style=\"text-align: justify;\"><strong>Combinate le cure dentistiche con le vacanze e la salute al mare in Spagna. La nostra clinica odontoiatrica di Quesada, Rojales, in Spagna, offre eccellenti trattamenti odontoiatrici ad un rapporto qualit\u00e0-prezzo eccezionalmente interessante in un&#8217;atmosfera rilassata.<\/strong><\/p>\n<\/div><\/div><\/div><\/div><div class=\"wpb_column vc_column_container\"><div class=\"vc_column-inner\"><div class=\"w-image align_center\"><div url class=\"w-image-h\"><img loading=\"lazy\" decoding=\"async\" width=\"1200\" height=\"675\" src=\"https:\/\/dental-planet.eu\/wp-content\/uploads\/2023\/09\/9fb51d1b-b64e-44ad-88d5-e7ed3217ca23_16-9-discover-aspect-ratio_default_0.jpg\" class=\"attachment-full size-full\" alt=\"\" srcset=\"https:\/\/dental-planet.eu\/wp-content\/uploads\/2023\/09\/9fb51d1b-b64e-44ad-88d5-e7ed3217ca23_16-9-discover-aspect-ratio_default_0.jpg 1200w, https:\/\/dental-planet.eu\/wp-content\/uploads\/2023\/09\/9fb51d1b-b64e-44ad-88d5-e7ed3217ca23_16-9-discover-aspect-ratio_default_0-300x169.jpg 300w, https:\/\/dental-planet.eu\/wp-content\/uploads\/2023\/09\/9fb51d1b-b64e-44ad-88d5-e7ed3217ca23_16-9-discover-aspect-ratio_default_0-1024x576.jpg 1024w\" sizes=\"auto, (max-width: 1200px) 100vw, 1200px\" \/><\/div><\/div><\/div><\/div><\/div><div class=\"w-separator size_custom\" style=\"height:15px\"><\/div><div class=\"wpb_text_column\"><div class=\"wpb_wrapper\"><p style=\"text-align: justify;\">Sempre pi\u00f9 tedeschi decidono di farsi raddrizzare i denti all&#8217;estero. Le vacanze con il dentista <strong>(o vacanze per il dentista) stanno diventando sempre pi\u00f9 popolari<\/strong> perch\u00e9 in Germania le protesi dentarie di buona qualit\u00e0 sono costose.<\/p>\n<p style=\"text-align: justify;\">Dal 2004, in linea di principio, \u00e8 possibile farsi curare nei Paesi dell&#8217;UE pi\u00f9 economici senza perdere i benefici dell&#8217;assicurazione sanitaria.<br \/>\nIl <strong>nostro team di dentisti esperti offre trattamenti odontoiatrici o protesi dentarie seri, di alta qualit\u00e0 e allo stesso tempo convenienti,<\/strong> oltre a una consulenza attenta e obiettiva al paziente. E&#8230; <strong><a title=\"Prezzi economici per le protesi dentarie con la massima qualit\u00e0 presso il nostro studio dentistico Dental Planet in Spagna.\" href=\"https:\/\/www.dental-planet.eu\/kosten-preise-zahnersatz-zahnarzt-spanien-guenstige-implantate-preiswerte-krone-bruecke-\/\">potete risparmiare fino al 75% sui costi di trattamento<\/a> e andare anche in vacanza<\/strong>.<\/p>\n<h3 style=\"text-align: justify;\">I vantaggi di una vacanza dentale con Dental Planet in Spagna in sintesi<\/h3>\n<ul style=\"text-align: justify;\">\n<li>I costi e i prezzi delle nostre <strong>protesi sono<\/strong>, a parit\u00e0 di qualit\u00e0 o addirittura superiori, fino al <strong>75% pi\u00f9 bassi rispetto ai prezzi<\/strong> praticati da buoni dentisti in Germania o in Inghilterra.<\/li>\n<li><strong><br \/>\n  <a title=\"Il team del nostro studio: un team di specialisti. Denatl Planet, il vostro dentista tedesco in Spagna.\" href=\"https:\/\/www.dental-planet.eu\/zahnarzt-spezialisten-team-deutsche-zahnarztpraxis-spanien-rojales-alicante-torrevieja\/\">Team dello studio dentistico<\/a><br \/>\n<\/strong><strong> team altamente qualificato, multilingue, amichevole ed esperto<\/strong><br \/>\n(lingue: inglese, tedesco, spagnolo, francese, italiano)<\/li>\n<li><strong><br \/>\n  <a title=\"Immagini della nostra clinica dentale Dental Planet Spagna per farvi un'idea prima della vostra visita.\" href=\"https:\/\/www.dental-planet.eu\/zahnarzt-spanien-bilder-zahnarztpraxis-rojales-behandlungszimmer-praxis-ausstattung\/\">Studio dentistico<\/a><br \/>\n<\/strong><strong> moderno e di alta qualit\u00e0<\/strong> con sale di trattamento accoglienti e luminose<\/li>\n<li><strong><br \/>\n  <a title=\"Trattamento dentale senza trapano e senza iniezioni, faccette o faccette senza preparazione presso Dental Planet in Spagna.\" href=\"https:\/\/www.dental-planet.eu\/zahn-veneers-spanien-schiefe-verfaerbte-frontzaehne-richten-rojales-alicante-torrevieja\/\">Il trattamento pi\u00f9 moderno e delicato<\/a><br \/>\n<\/strong><strong> e i<\/strong> metodi di trattamento pi\u00f9 moderni e delicati, oltre ad attrezzature dentali &#8220;all&#8217;avanguardia&#8221;.<\/li>\n<li>Utilizziamo <strong><br \/>\n  <a title=\"Materiali dentali di alta qualit\u00e0 e di pregio presso Dental Planet, la vostra clinica dentale tedesca in Spagna.\" href=\"https:\/\/www.dental-planet.eu\/zahnersatz-keramik-spanien-zirkon-dental-werkstoff-zahnarzt-rojales-alicante-torrevieja\/\">materiali per protesi<\/a><br \/>\n<\/strong><strong> materiali per protesi ipoallergenici, altamente estetici e di altissima qualit\u00e0.<\/strong><\/li>\n<li><strong>Prima consulenza a costi contenuti<\/strong> nel nostro studio dentistico con preventivo<\/li>\n<li><strong>Rinnovamento completo dei denti in modo semplice e veloce.<\/strong><br \/>\nGrazie alla stretta collaborazione con un laboratorio specializzato, siamo in grado di eseguire tutti i lavori protesici in modo ottimale e in breve tempo durante la vostra breve vacanza.<\/li>\n<li><strong>Atmosfera rilassante e idilliaca<\/strong> sulla Costa Blanca con campi da golf nelle vicinanze<\/li>\n<li>Se lo desiderate, possiamo aiutarvi a <strong>pianificare la vostra vacanza con il dentista<\/strong> (arrivo, hotel, dintorni).<\/li>\n<\/ul>\n<p style=\"text-align: justify;\">Oltre ai numerosi vantaggi dentali ed economici di una visita al nostro studio, vorremmo anche parlare brevemente del <strong>valore ricreativo del nostro ambiente<\/strong>.<\/p>\n<p style=\"text-align: justify;\">Il nostro studio dentistico Dental Planet si trova nel piccolo e idilliaco villaggio di Quesada, una frazione di Rojales. Siamo a circa 15 km dalla citt\u00e0 di Torrevieja e a 10 km da Guardamar del Segura, sulla Costa Blanca.<\/p>\n<p style=\"text-align: justify;\"><strong>La nostra zona offre numerosi campi da golf, hotel, centri termali e attrazioni da visitare durante il vostro soggiorno.<\/strong><\/p>\n<\/div><\/div><\/div><\/div><\/div><\/div><\/section>\n","protected":false},"excerpt":{"rendered":"Vacanze da dentista al Dental Planet Implant Center Protesi dentali di alta qualit\u00e0 sotto le palme! Combinate le cure dentistiche con le vacanze e la salute al mare in Spagna. La nostra clinica odontoiatrica di Quesada, Rojales, in Spagna, offre eccellenti trattamenti odontoiatrici ad un rapporto qualit\u00e0-prezzo eccezionalmente interessante in un&#8217;atmosfera rilassata. Sempre pi\u00f9 tedeschi...","protected":false},"author":1,"featured_media":0,"parent":0,"menu_order":0,"comment_status":"closed","ping_status":"closed","template":"","meta":{"footnotes":""},"class_list":["post-1336","page","type-page","status-publish","hentry"],"_links":{"self":[{"href":"https:\/\/dental-planet.eu\/it\/wp-json\/wp\/v2\/pages\/1336","targetHints":{"allow":["GET"]}}],"collection":[{"href":"https:\/\/dental-planet.eu\/it\/wp-json\/wp\/v2\/pages"}],"about":[{"href":"https:\/\/dental-planet.eu\/it\/wp-json\/wp\/v2\/types\/page"}],"author":[{"embeddable":true,"href":"https:\/\/dental-planet.eu\/it\/wp-json\/wp\/v2\/users\/1"}],"replies":[{"embeddable":true,"href":"https:\/\/dental-planet.eu\/it\/wp-json\/wp\/v2\/comments?post=1336"}],"version-history":[{"count":10,"href":"https:\/\/dental-planet.eu\/it\/wp-json\/wp\/v2\/pages\/1336\/revisions"}],"predecessor-version":[{"id":1383,"href":"https:\/\/dental-planet.eu\/it\/wp-json\/wp\/v2\/pages\/1336\/revisions\/1383"}],"wp:attachment":[{"href":"https:\/\/dental-planet.eu\/it\/wp-json\/wp\/v2\/media?parent=1336"}],"curies":[{"name":"wp","href":"https:\/\/api.w.org\/{rel}","templated":true}]}}