{"id":573,"date":"2023-09-21T11:19:18","date_gmt":"2023-09-21T09:19:18","guid":{"rendered":"https:\/\/ecstatic-roentgen.31-24-155-213.plesk.page\/notre-clinique\/prix\/"},"modified":"2023-11-06T18:36:51","modified_gmt":"2023-11-06T17:36:51","slug":"prix","status":"publish","type":"page","link":"https:\/\/dental-planet.eu\/fr\/notre-clinique\/prix\/","title":{"rendered":"Prix"},"content":{"rendered":"<section class=\"l-section wpb_row us_custom_e11ab399 height_medium\"><div class=\"l-section-h i-cf\"><div class=\"g-cols vc_row via_grid cols_1 laptops-cols_inherit tablets-cols_inherit mobiles-cols_1 valign_top type_default stacking_default\"><div class=\"wpb_column vc_column_container\"><div class=\"vc_column-inner\">[vc_custom_heading source=\u00a0\u00bbpost_title\u00a0\u00bb font_container=\u00a0\u00bbtag:h2|text_align:center\u00a0\u00bb use_theme_fonts=\u00a0\u00bbyes\u00a0\u00bb]<div class=\"g-cols wpb_row via_grid cols_2 laptops-cols_inherit tablets-cols_inherit mobiles-cols_1 valign_top type_default stacking_default\"><div class=\"wpb_column vc_column_container\"><div class=\"vc_column-inner\"><div class=\"w-image align_center\"><div url class=\"w-image-h\"><img loading=\"lazy\" decoding=\"async\" width=\"1458\" height=\"973\" src=\"https:\/\/dental-planet.eu\/wp-content\/uploads\/2023\/09\/cortinas-opacas-modelo-dental-con-billetes-de-euro.jpg.jpg\" class=\"attachment-full size-full\" alt=\"\" srcset=\"https:\/\/dental-planet.eu\/wp-content\/uploads\/2023\/09\/cortinas-opacas-modelo-dental-con-billetes-de-euro.jpg.jpg 1458w, https:\/\/dental-planet.eu\/wp-content\/uploads\/2023\/09\/cortinas-opacas-modelo-dental-con-billetes-de-euro.jpg-300x200.jpg 300w, https:\/\/dental-planet.eu\/wp-content\/uploads\/2023\/09\/cortinas-opacas-modelo-dental-con-billetes-de-euro.jpg-1024x683.jpg 1024w\" sizes=\"auto, (max-width: 1458px) 100vw, 1458px\" \/><\/div><\/div><\/div><\/div><div class=\"wpb_column vc_column_container\"><div class=\"vc_column-inner\"><div class=\"wpb_text_column\"><div class=\"wpb_wrapper\"><p style=\"text-align: justify;\">La r\u00e9ception demande g\u00e9n\u00e9ralement une liste de prix. C&rsquo;est pourquoi nous avons dress\u00e9 une liste g\u00e9n\u00e9rale des services les plus importants \u00e0 titre indicatif. Il est important pour nous que vous preniez la d\u00e9cision la mieux inform\u00e9e concernant vos dents. En fonction de ce que vous appr\u00e9ciez, qu&rsquo;il s&rsquo;agisse de soins \u00e9conomiques, de confort, de long\u00e9vit\u00e9, d&rsquo;esth\u00e9tique, de soins peu invasifs ou de pr\u00e9servation des dents, la dentisterie d&rsquo;aujourd&rsquo;hui offre de nombreuses options pour r\u00e9pondre \u00e0 vos besoins personnels. Nous nous ferons un plaisir de vous expliquer les avantages et les inconv\u00e9nients de chaque solution lors d&rsquo;une consultation. Vous prendrez alors votre d\u00e9cision en b\u00e9n\u00e9ficiant de conseils avis\u00e9s.<\/p>\n<\/div><\/div><\/div><\/div><\/div><div class=\"wpb_text_column\"><div class=\"wpb_wrapper\"><p style=\"text-align: justify;\">Nous pouvons proposer des couronnes abordables et de haute qualit\u00e9. Par exemple, vous pouvez payer 290 euros pour une couronne ou 590 euros. Cela ne signifie pas pour autant que la version de meilleure qualit\u00e9 est trop ch\u00e8re. Il s&rsquo;agit plut\u00f4t d&rsquo;une question d&rsquo;\u00e9quipement. De m\u00eame, une Ford Fiesta ne co\u00fbte pas le m\u00eame prix qu&rsquo;une Mercedes Classe S. Ces diff\u00e9rences existent en dentisterie comme dans l&rsquo;automobile. Malheureusement, en dentisterie, il n&rsquo;est pas possible de \u00ab\u00a0prouver la mastication\u00a0\u00bb. Cependant, les diff\u00e9rences peuvent \u00eatre tr\u00e8s bien expliqu\u00e9es lors d&rsquo;une consultation. Il y a une chose que vous devez toujours garder \u00e0 l&rsquo;esprit : tout le monde peut travailler pour peu d&rsquo;argent (y compris nous). Mais peuvent-ils tous fournir un travail de qualit\u00e9 ? La Classe S dans la bouche \u00e0 un prix \u00e9quitable : c&rsquo;est Dental Planet.<\/p>\n<p style=\"text-align: justify;\">Exemples de prix<br \/>\nNous vous proposons une premi\u00e8re consultation abordable pour seulement 70 \u20ac (y compris une image panoramique num\u00e9rique).<\/p>\n<p style=\"text-align: justify;\">Implant dentaire : 1.650\u20ac &#8211; ce prix comprend une couronne en c\u00e9ramique.<br \/>\nCouronne en zircone \u00e0 partir de 490<br \/>\nZircone esth\u00e9tique (pour les dents ant\u00e9rieures) : 590\u20ac.<\/p>\n<p style=\"text-align: justify;\">Informations pour les patients vivant en Allemagne :<br \/>\nPour les patients allemands, le devis et la facture sont \u00e9tablis conform\u00e9ment au GOZ. Le remboursement des frais est le m\u00eame qu&rsquo;en Allemagne.<\/p>\n<p style=\"text-align: justify;\">Comment dois-je proc\u00e9der avant de voyager ?<br \/>\nFaire \u00e9tablir un plan de traitement et de co\u00fbts en Allemagne.<br \/>\nDemander une subvention \u00e0 l&rsquo;assurance maladie.<br \/>\nDemandez nos tarifs (par e-mail ou par fax).<br \/>\nEnvoyez un mod\u00e8le de formulaire d&rsquo;assurance maladie \u00e0 notre cabinet et remplissez-le.<br \/>\nEnvoyer l&rsquo;estimation des co\u00fbts \u00e0 la compagnie d&rsquo;assurance maladie pour examen.<br \/>\nCarnet de voyage.<br \/>\nPayez pour vous-m\u00eame sur le site.<br \/>\nDemandez \u00e0 la caisse d&rsquo;assurance maladie en Allemagne de vous rembourser le subside en m\u00eame temps que la facture (moins les 12 % de frais administratifs, d&rsquo;un montant maximum de 55 euros).<\/p>\n<p style=\"text-align: justify;\">Garantie sur les proth\u00e8ses dentaires<br \/>\nGarantie de 4 ans sur les couronnes et les bridges<br \/>\nGarantie de 4 ans pour les proth\u00e8ses amovibles<\/p>\n<p style=\"text-align: justify;\">Comme indiqu\u00e9 ci-dessus, nous ne pouvons fournir une estimation valable des co\u00fbts qu&rsquo;apr\u00e8s une consultation ou un examen d\u00e9taill\u00e9.<br \/>\nSi vous avez d&rsquo;autres questions concernant nos prix ou nos co\u00fbts, notre r\u00e9ceptionniste se fera un plaisir de vous aider.<\/p>\n<\/div><\/div><\/div><\/div><\/div><\/div><\/section>\n","protected":false},"excerpt":{"rendered":"[vc_custom_heading source=\"post_title\" font_container=\"tag:h2|text_align:center\" use_theme_fonts=\"yes\"]La r\u00e9ception demande g\u00e9n\u00e9ralement une liste de prix. C&rsquo;est pourquoi nous avons dress\u00e9 une liste g\u00e9n\u00e9rale des services les plus importants \u00e0 titre indicatif. Il est important pour nous que vous preniez la d\u00e9cision la mieux inform\u00e9e concernant vos dents. En fonction de ce que vous appr\u00e9ciez, qu&rsquo;il s&rsquo;agisse de soins \u00e9conomiques,...","protected":false},"author":1,"featured_media":0,"parent":451,"menu_order":0,"comment_status":"closed","ping_status":"closed","template":"","meta":{"footnotes":""},"class_list":["post-573","page","type-page","status-publish","hentry"],"_links":{"self":[{"href":"https:\/\/dental-planet.eu\/fr\/wp-json\/wp\/v2\/pages\/573","targetHints":{"allow":["GET"]}}],"collection":[{"href":"https:\/\/dental-planet.eu\/fr\/wp-json\/wp\/v2\/pages"}],"about":[{"href":"https:\/\/dental-planet.eu\/fr\/wp-json\/wp\/v2\/types\/page"}],"author":[{"embeddable":true,"href":"https:\/\/dental-planet.eu\/fr\/wp-json\/wp\/v2\/users\/1"}],"replies":[{"embeddable":true,"href":"https:\/\/dental-planet.eu\/fr\/wp-json\/wp\/v2\/comments?post=573"}],"version-history":[{"count":11,"href":"https:\/\/dental-planet.eu\/fr\/wp-json\/wp\/v2\/pages\/573\/revisions"}],"predecessor-version":[{"id":2753,"href":"https:\/\/dental-planet.eu\/fr\/wp-json\/wp\/v2\/pages\/573\/revisions\/2753"}],"up":[{"embeddable":true,"href":"https:\/\/dental-planet.eu\/fr\/wp-json\/wp\/v2\/pages\/451"}],"wp:attachment":[{"href":"https:\/\/dental-planet.eu\/fr\/wp-json\/wp\/v2\/media?parent=573"}],"curies":[{"name":"wp","href":"https:\/\/api.w.org\/{rel}","templated":true}]}}