{"id":561,"date":"2023-09-27T13:42:54","date_gmt":"2023-09-27T11:42:54","guid":{"rendered":"https:\/\/ecstatic-roentgen.31-24-155-213.plesk.page\/notre-clinique\/avant-votre-visite\/"},"modified":"2023-09-28T09:51:34","modified_gmt":"2023-09-28T07:51:34","slug":"avant-votre-visite","status":"publish","type":"page","link":"https:\/\/dental-planet.eu\/fr\/notre-clinique\/avant-votre-visite\/","title":{"rendered":"Avant votre visite"},"content":{"rendered":"<section class=\"l-section wpb_row us_custom_e11ab399 height_medium\"><div class=\"l-section-h i-cf\"><div class=\"g-cols vc_row via_grid cols_1 laptops-cols_inherit tablets-cols_inherit mobiles-cols_1 valign_top type_default stacking_default\"><div class=\"wpb_column vc_column_container\"><div class=\"vc_column-inner\">[vc_custom_heading source=\u00a0\u00bbpost_title\u00a0\u00bb font_container=\u00a0\u00bbtag:h2|text_align:center\u00a0\u00bb use_theme_fonts=\u00a0\u00bbyes\u00a0\u00bb]<div class=\"g-cols wpb_row via_grid cols_2 laptops-cols_inherit tablets-cols_inherit mobiles-cols_1 valign_top type_default stacking_default\"><div class=\"wpb_column vc_column_container\"><div class=\"vc_column-inner\"><div class=\"w-image align_center\"><div url class=\"w-image-h\"><img loading=\"lazy\" decoding=\"async\" width=\"1960\" height=\"1470\" src=\"https:\/\/dental-planet.eu\/wp-content\/uploads\/2023\/09\/4U7TVZYF4CV35LVRFXXAGTPUTA.jpg\" class=\"attachment-full size-full\" alt=\"\" srcset=\"https:\/\/dental-planet.eu\/wp-content\/uploads\/2023\/09\/4U7TVZYF4CV35LVRFXXAGTPUTA.jpg 1960w, https:\/\/dental-planet.eu\/wp-content\/uploads\/2023\/09\/4U7TVZYF4CV35LVRFXXAGTPUTA-300x225.jpg 300w, https:\/\/dental-planet.eu\/wp-content\/uploads\/2023\/09\/4U7TVZYF4CV35LVRFXXAGTPUTA-1024x768.jpg 1024w\" sizes=\"auto, (max-width: 1960px) 100vw, 1960px\" \/><\/div><\/div><\/div><\/div><div class=\"wpb_column vc_column_container\"><div class=\"vc_column-inner\"><div class=\"wpb_text_column\"><div class=\"wpb_wrapper\"><p style=\"text-align: justify;\"><strong>Une fois que vous avez pris rendez-vous avec notre clinique dentaire, Dental Planet \u00e0 Rojales, en Espagne, nous pr\u00e9parons minutieusement votre visite.<\/strong><br \/>\nVous trouverez ici des <strong>informations utiles<\/strong> qui peuvent vous int\u00e9resser avant de nous rendre visite.<\/p>\n<h2 style=\"text-align: justify;\">Patients ayant peur du dentiste<\/h2>\n<p style=\"text-align: justify;\">Si vous vous d\u00e9crivez comme un <strong>patient<\/strong> dit <strong>anxieux<\/strong>, nous vous demandons de nous en informer lors de la prise de rendez-vous afin que nous puissions nous pr\u00e9parer en cons\u00e9quence. \ud83d\ude42<\/p>\n<\/div><\/div><\/div><\/div><\/div><div class=\"w-separator size_custom\" style=\"height:15px\"><\/div><div class=\"wpb_text_column\"><div class=\"wpb_wrapper\"><h2 style=\"text-align: justify;\">Facturation &#8211; co\u00fbts<\/h2>\n<p style=\"text-align: justify;\">Nous n&rsquo;utilisons pas de centre de facturation comme beaucoup d&rsquo;autres cabinets dentaires. La facturation est g\u00e9r\u00e9e directement dans notre cabinet par notre assistante de facturation.<\/p>\n<p style=\"text-align: justify;\">Pour les <strong>patients allemands, nous facturons selon le GOZ<\/strong> (bar\u00e8me d&rsquo;honoraires des dentistes). Le remboursement des frais est le m\u00eame qu&rsquo;en Allemagne.<\/p>\n<h2 style=\"text-align: justify;\">Formulaire d&rsquo;inscription &#8211; formalit\u00e9s<\/h2>\n<p style=\"text-align: justify;\">Votre sant\u00e9 dentaire \u00e9tant tr\u00e8s importante pour nous, nous vous demandons de <strong>remplir le <\/strong><strong>formulaire d&rsquo;inscription dans son int\u00e9gralit\u00e9<\/strong> avant le traitement. Le formulaire pouvant prendre jusqu&rsquo;\u00e0 15 minutes, <strong>nous vous demandons d&rsquo;arriver 15 minutes AVANT votre rendez-vous<\/strong> afin d&rsquo;avoir le temps de remplir les formalit\u00e9s.<\/p>\n<\/div><\/div><div class=\"w-separator size_custom\" style=\"height:15px\"><\/div><div class=\"g-cols wpb_row via_grid cols_2 laptops-cols_inherit tablets-cols_inherit mobiles-cols_1 valign_top type_default stacking_default\"><div class=\"wpb_column vc_column_container\"><div class=\"vc_column-inner\"><div class=\"wpb_text_column\"><div class=\"wpb_wrapper\"><h2 style=\"text-align: justify;\">Annulation de rendez-vous<\/h2>\n<p style=\"text-align: justify;\">Dans notre clinique dentaire, Dental Planet, nous nous effor\u00e7ons toujours d&rsquo;\u00e9viter les temps d&rsquo;attente inutiles et de vous traiter ponctuellement au rendez-vous convenu. Nous vous laissons suffisamment de temps libre en tant que patient sur rendez-vous et mettons \u00e0 votre disposition les locaux, l&rsquo;\u00e9quipement et le personnel n\u00e9cessaires.  <strong>Si vous ne pouvez pas vous rendre \u00e0 un rendez-vous, veuillez nous en informer le plus t\u00f4t possible, au moins 48 heures avant l&rsquo;heure convenue.<\/strong><br \/>\nCela nous permet d&rsquo;\u00e9viter les annulations et de transf\u00e9rer votre rendez-vous \u00e0 des patients en attente dans un d\u00e9lai tr\u00e8s court.<\/p>\n<h2 style=\"text-align: justify;\">Nos prix<\/h2>\n<p style=\"text-align: justify;\">De nombreux patients trouvent int\u00e9ressant de v\u00e9rifier nos prix \u00e0 l&rsquo;avance. Comme chaque cas est particulier et que nous ne souhaitons pas donner d&rsquo;informations g\u00e9n\u00e9rales, nous vous prions de poser vos questions directement \u00e0 notre r\u00e9ception.<br \/>\nCependant, vous pouvez trouver des directives g\u00e9n\u00e9rales sur les prix ici : <strong><br \/>\n  <a title=\"Prix des cliniques dentaires Dental Planet en Espagne.\" href=\"https:\/\/ecstatic-roentgen.31-24-155-213.plesk.page\/fr\/notre-clinique\/prix\/\">Prix Dental Planet<\/a><br \/>\n<\/strong><\/p>\n<p style=\"text-align: justify;\">Si vous avez des questions, n&rsquo;h\u00e9sitez pas \u00e0 nous contacter par t\u00e9l\u00e9phone ou \u00e0 vous adresser directement \u00e0 la r\u00e9ception, qui se fera un plaisir de vous aider et de vous conseiller.<\/p>\n<\/div><\/div><\/div><\/div><div class=\"wpb_column vc_column_container\"><div class=\"vc_column-inner\"><div class=\"w-image align_center\"><div url class=\"w-image-h\"><img loading=\"lazy\" decoding=\"async\" width=\"900\" height=\"600\" src=\"https:\/\/dental-planet.eu\/wp-content\/uploads\/2023\/09\/Visitar-al-dentista-en-valencia-Carla-Moreono.png\" class=\"attachment-full size-full\" alt=\"\" srcset=\"https:\/\/dental-planet.eu\/wp-content\/uploads\/2023\/09\/Visitar-al-dentista-en-valencia-Carla-Moreono.png 900w, https:\/\/dental-planet.eu\/wp-content\/uploads\/2023\/09\/Visitar-al-dentista-en-valencia-Carla-Moreono-300x200.png 300w\" sizes=\"auto, (max-width: 900px) 100vw, 900px\" \/><\/div><\/div><\/div><\/div><\/div><\/div><\/div><\/div><\/div><\/section>\n","protected":false},"excerpt":{"rendered":"[vc_custom_heading source=\"post_title\" font_container=\"tag:h2|text_align:center\" use_theme_fonts=\"yes\"]Une fois que vous avez pris rendez-vous avec notre clinique dentaire, Dental Planet \u00e0 Rojales, en Espagne, nous pr\u00e9parons minutieusement votre visite. Vous trouverez ici des informations utiles qui peuvent vous int\u00e9resser avant de nous rendre visite. Patients ayant peur du dentiste Si vous vous d\u00e9crivez comme un patient dit anxieux, nous...","protected":false},"author":1,"featured_media":0,"parent":451,"menu_order":0,"comment_status":"closed","ping_status":"closed","template":"","meta":{"footnotes":""},"class_list":["post-561","page","type-page","status-publish","hentry"],"_links":{"self":[{"href":"https:\/\/dental-planet.eu\/fr\/wp-json\/wp\/v2\/pages\/561","targetHints":{"allow":["GET"]}}],"collection":[{"href":"https:\/\/dental-planet.eu\/fr\/wp-json\/wp\/v2\/pages"}],"about":[{"href":"https:\/\/dental-planet.eu\/fr\/wp-json\/wp\/v2\/types\/page"}],"author":[{"embeddable":true,"href":"https:\/\/dental-planet.eu\/fr\/wp-json\/wp\/v2\/users\/1"}],"replies":[{"embeddable":true,"href":"https:\/\/dental-planet.eu\/fr\/wp-json\/wp\/v2\/comments?post=561"}],"version-history":[{"count":11,"href":"https:\/\/dental-planet.eu\/fr\/wp-json\/wp\/v2\/pages\/561\/revisions"}],"predecessor-version":[{"id":1112,"href":"https:\/\/dental-planet.eu\/fr\/wp-json\/wp\/v2\/pages\/561\/revisions\/1112"}],"up":[{"embeddable":true,"href":"https:\/\/dental-planet.eu\/fr\/wp-json\/wp\/v2\/pages\/451"}],"wp:attachment":[{"href":"https:\/\/dental-planet.eu\/fr\/wp-json\/wp\/v2\/media?parent=561"}],"curies":[{"name":"wp","href":"https:\/\/api.w.org\/{rel}","templated":true}]}}