{"id":549,"date":"2023-09-27T13:50:42","date_gmt":"2023-09-27T11:50:42","guid":{"rendered":"https:\/\/ecstatic-roentgen.31-24-155-213.plesk.page\/blog\/"},"modified":"2023-10-18T13:27:05","modified_gmt":"2023-10-18T11:27:05","slug":"blog","status":"publish","type":"page","link":"https:\/\/dental-planet.eu\/fr\/blog\/","title":{"rendered":"Blog"},"content":{"rendered":"<section class=\"l-section wpb_row height_medium\"><div class=\"l-section-h i-cf\"><div class=\"g-cols vc_row via_grid cols_1 laptops-cols_inherit tablets-cols_inherit mobiles-cols_1 valign_top type_default stacking_default\"><div class=\"wpb_column vc_column_container\"><div class=\"vc_column-inner\"><div class=\"g-cols wpb_row via_grid cols_1 laptops-cols_inherit tablets-cols_inherit mobiles-cols_1 valign_top type_default stacking_default\"><div class=\"wpb_column vc_column_container\"><div class=\"vc_column-inner\"><div class=\"w-grid type_grid layout_portfolio_3 cols_4 ratio_1x1\" id=\"us_grid_1\" style=\"--gap:1.5rem;\" data-filterable=\"true\"><style>@media (max-width:1380px){#us_grid_1 .w-grid-item{width:33.3333%}#us_grid_1 .w-grid-item.size_2x1,#us_grid_1 .w-grid-item.size_2x2{width:66.6667%}}@media (max-width:1024px){#us_grid_1 .w-grid-item{width:50%}#us_grid_1 .w-grid-item.size_2x1,#us_grid_1 .w-grid-item.size_2x2{width:100%}}@media (max-width:600px){#us_grid_1 .w-grid-list{margin:0}#us_grid_1 .w-grid-item{width:100%;padding:0;margin-bottom:var(--gap,0px)}}.layout_portfolio_3 .w-grid-item-h:before{padding-bottom:100%}@media (min-width:601px){.layout_portfolio_3 .w-grid-item.size_1x2 .w-grid-item-h:before{padding-bottom:calc(200% + var(--gap,0px) * 2)}.layout_portfolio_3 .w-grid-item.size_2x1 .w-grid-item-h:before{padding-bottom:calc(50% - var(--gap,0px) * 1)}.layout_portfolio_3 .w-grid-item.size_2x2 .w-grid-item-h:before{padding-bottom:calc(100% - var(--gap,0px) * 0)}}.layout_portfolio_3 .w-grid-item-h{}.layout_portfolio_3 .usg_post_image_1{transition-duration:0.4s;transform-origin:50% 50%;transform:scale(1) translate(0%,0%);opacity:0.25}.layout_portfolio_3 .w-grid-item-h:hover .usg_post_image_1{transform:scale(1) translate(0%,0%);opacity:1}.layout_portfolio_3 .usg_post_title_1{transition-duration:0.3s;transform-origin:50% 50%;transform:scale(1) translate(0%,0%)}.layout_portfolio_3 .w-grid-item-h:hover .usg_post_title_1{transform:scale(1) translate(0%,-100%);opacity:0}.layout_portfolio_3 .usg_post_taxonomy_1{transition-duration:0.3s;transform-origin:50% 50%;transform:scale(1) translate(0%,0%)}.layout_portfolio_3 .w-grid-item-h:hover .usg_post_taxonomy_1{transform:scale(1) translate(0%,100%);opacity:0}.layout_portfolio_3 .usg_post_image_1{position:absolute!important;top:0!important;right:0!important;bottom:0!important;left:0!important}.layout_portfolio_3 .usg_vwrapper_1{position:absolute!important;top:0!important;right:0!important;bottom:0!important;left:0!important;padding:2rem!important}.layout_portfolio_3 .usg_post_title_1{color:inherit!important;font-size:1.4rem!important}<\/style><div class=\"w-grid-list\">\t<article class=\"w-grid-item post-2405 post type-post status-publish format-standard has-post-thumbnail hentry category-implants-dentaires\" data-id=\"2405\">\r\n\t\t<div class=\"w-grid-item-h\">\r\n\t\t\t\t\t\t\t<a href=\"https:\/\/dental-planet.eu\/fr\/2023\/10\/30\/dentiste-dr-alvaro-farnos-visedo\/\" class=\"w-grid-item-anchor\" aria-label=\"Dentiste Dr. \u00c1lvaro Farn\u00f3s Visedo\"><\/a>\r\n\t\t\t\t\t\t<div class=\"w-post-elm post_image usg_post_image_1 stretched\"><img loading=\"lazy\" decoding=\"async\" width=\"1024\" height=\"1024\" src=\"https:\/\/dental-planet.eu\/wp-content\/uploads\/2023\/10\/farnos-v1.png\" class=\"attachment-large size-large wp-post-image\" alt=\"\" srcset=\"https:\/\/dental-planet.eu\/wp-content\/uploads\/2023\/10\/farnos-v1.png 1024w, https:\/\/dental-planet.eu\/wp-content\/uploads\/2023\/10\/farnos-v1-300x300.png 300w, https:\/\/dental-planet.eu\/wp-content\/uploads\/2023\/10\/farnos-v1-150x150.png 150w\" sizes=\"auto, (max-width: 1024px) 100vw, 1024px\" \/><\/div><div class=\"w-vwrapper usg_vwrapper_1 align_center valign_middle\"><h2 class=\"w-post-elm post_title usg_post_title_1 has_text_color entry-title color_link_inherit\">Dentiste Dr. \u00c1lvaro Farn\u00f3s Visedo<\/h2><\/div>\t\t<\/div>\r\n\t<\/article>\r\n\t<article class=\"w-grid-item post-626 post type-post status-publish format-standard has-post-thumbnail hentry category-general-fr\" data-id=\"626\">\r\n\t\t<div class=\"w-grid-item-h\">\r\n\t\t\t\t\t\t\t<a href=\"https:\/\/dental-planet.eu\/fr\/2023\/09\/27\/la-medecine-du-21e-siecle\/\" class=\"w-grid-item-anchor\" aria-label=\"La m\u00e9decine du 21e si\u00e8cle\"><\/a>\r\n\t\t\t\t\t\t<div class=\"w-post-elm post_image usg_post_image_1 stretched\"><img loading=\"lazy\" decoding=\"async\" width=\"640\" height=\"360\" src=\"https:\/\/dental-planet.eu\/wp-content\/uploads\/2023\/09\/avances-en-medicina1.jpg\" class=\"attachment-large size-large wp-post-image\" alt=\"\" srcset=\"https:\/\/dental-planet.eu\/wp-content\/uploads\/2023\/09\/avances-en-medicina1.jpg 640w, https:\/\/dental-planet.eu\/wp-content\/uploads\/2023\/09\/avances-en-medicina1-300x169.jpg 300w\" sizes=\"auto, (max-width: 640px) 100vw, 640px\" \/><\/div><div class=\"w-vwrapper usg_vwrapper_1 align_center valign_middle\"><h2 class=\"w-post-elm post_title usg_post_title_1 has_text_color entry-title color_link_inherit\">La m\u00e9decine du 21e si\u00e8cle<\/h2><\/div>\t\t<\/div>\r\n\t<\/article>\r\n\t<article class=\"w-grid-item post-638 post type-post status-publish format-standard has-post-thumbnail hentry category-esthetique-dentaire\" data-id=\"638\">\r\n\t\t<div class=\"w-grid-item-h\">\r\n\t\t\t\t\t\t\t<a href=\"https:\/\/dental-planet.eu\/fr\/2023\/09\/27\/remplissages\/\" class=\"w-grid-item-anchor\" aria-label=\"Remplissages\"><\/a>\r\n\t\t\t\t\t\t<div class=\"w-post-elm post_image usg_post_image_1 stretched\"><img loading=\"lazy\" decoding=\"async\" width=\"700\" height=\"467\" src=\"https:\/\/dental-planet.eu\/wp-content\/uploads\/2023\/09\/obturacion.jpg\" class=\"attachment-large size-large wp-post-image\" alt=\"\" srcset=\"https:\/\/dental-planet.eu\/wp-content\/uploads\/2023\/09\/obturacion.jpg 700w, https:\/\/dental-planet.eu\/wp-content\/uploads\/2023\/09\/obturacion-300x200.jpg 300w\" sizes=\"auto, (max-width: 700px) 100vw, 700px\" \/><\/div><div class=\"w-vwrapper usg_vwrapper_1 align_center valign_middle\"><h2 class=\"w-post-elm post_title usg_post_title_1 has_text_color entry-title color_link_inherit\">Remplissages<\/h2><\/div>\t\t<\/div>\r\n\t<\/article>\r\n\t<article class=\"w-grid-item post-650 post type-post status-publish format-standard has-post-thumbnail hentry category-esthetique-dentaire\" data-id=\"650\">\r\n\t\t<div class=\"w-grid-item-h\">\r\n\t\t\t\t\t\t\t<a href=\"https:\/\/dental-planet.eu\/fr\/2023\/09\/27\/blanchiment-des-dents\/\" class=\"w-grid-item-anchor\" aria-label=\"Blanchiment des dents\"><\/a>\r\n\t\t\t\t\t\t<div class=\"w-post-elm post_image usg_post_image_1 stretched\"><img loading=\"lazy\" decoding=\"async\" width=\"619\" height=\"514\" src=\"https:\/\/dental-planet.eu\/wp-content\/uploads\/2023\/09\/diseno-de-sonrisa-digital-barcelona.jpg\" class=\"attachment-large size-large wp-post-image\" alt=\"\" srcset=\"https:\/\/dental-planet.eu\/wp-content\/uploads\/2023\/09\/diseno-de-sonrisa-digital-barcelona.jpg 619w, https:\/\/dental-planet.eu\/wp-content\/uploads\/2023\/09\/diseno-de-sonrisa-digital-barcelona-300x249.jpg 300w\" sizes=\"auto, (max-width: 619px) 100vw, 619px\" \/><\/div><div class=\"w-vwrapper usg_vwrapper_1 align_center valign_middle\"><h2 class=\"w-post-elm post_title usg_post_title_1 has_text_color entry-title color_link_inherit\">Blanchiment des dents<\/h2><\/div>\t\t<\/div>\r\n\t<\/article>\r\n\t<article class=\"w-grid-item post-785 post type-post status-publish format-standard has-post-thumbnail hentry category-chirurgie-fr\" data-id=\"785\">\r\n\t\t<div class=\"w-grid-item-h\">\r\n\t\t\t\t\t\t\t<a href=\"https:\/\/dental-planet.eu\/fr\/2023\/09\/27\/chirurgie-buccale\/\" class=\"w-grid-item-anchor\" aria-label=\"Chirurgie buccale\"><\/a>\r\n\t\t\t\t\t\t<div class=\"w-post-elm post_image usg_post_image_1 stretched\"><img loading=\"lazy\" decoding=\"async\" width=\"1024\" height=\"779\" src=\"https:\/\/dental-planet.eu\/wp-content\/uploads\/2023\/09\/cirugiaoral-1024x779.jpg\" class=\"attachment-large size-large wp-post-image\" alt=\"\" srcset=\"https:\/\/dental-planet.eu\/wp-content\/uploads\/2023\/09\/cirugiaoral-1024x779.jpg 1024w, https:\/\/dental-planet.eu\/wp-content\/uploads\/2023\/09\/cirugiaoral-300x228.jpg 300w\" sizes=\"auto, (max-width: 1024px) 100vw, 1024px\" \/><\/div><div class=\"w-vwrapper usg_vwrapper_1 align_center valign_middle\"><h2 class=\"w-post-elm post_title usg_post_title_1 has_text_color entry-title color_link_inherit\">Chirurgie buccale<\/h2><\/div>\t\t<\/div>\r\n\t<\/article>\r\n\t<article class=\"w-grid-item post-764 post type-post status-publish format-standard has-post-thumbnail hentry category-general-fr\" data-id=\"764\">\r\n\t\t<div class=\"w-grid-item-h\">\r\n\t\t\t\t\t\t\t<a href=\"https:\/\/dental-planet.eu\/fr\/2023\/09\/27\/therapie-contre-le-ronflement\/\" class=\"w-grid-item-anchor\" aria-label=\"Th\u00e9rapie contre le ronflement\"><\/a>\r\n\t\t\t\t\t\t<div class=\"w-post-elm post_image usg_post_image_1 stretched\"><img loading=\"lazy\" decoding=\"async\" width=\"1024\" height=\"473\" src=\"https:\/\/dental-planet.eu\/wp-content\/uploads\/2023\/09\/orthoapnea-que-es-1024x473.webp\" class=\"attachment-large size-large wp-post-image\" alt=\"\" srcset=\"https:\/\/dental-planet.eu\/wp-content\/uploads\/2023\/09\/orthoapnea-que-es-1024x473.webp 1024w, https:\/\/dental-planet.eu\/wp-content\/uploads\/2023\/09\/orthoapnea-que-es-300x139.webp 300w, https:\/\/dental-planet.eu\/wp-content\/uploads\/2023\/09\/orthoapnea-que-es.webp 1110w\" sizes=\"auto, (max-width: 1024px) 100vw, 1024px\" \/><\/div><div class=\"w-vwrapper usg_vwrapper_1 align_center valign_middle\"><h2 class=\"w-post-elm post_title usg_post_title_1 has_text_color entry-title color_link_inherit\">Th\u00e9rapie contre le ronflement<\/h2><\/div>\t\t<\/div>\r\n\t<\/article>\r\n\t<article class=\"w-grid-item post-788 post type-post status-publish format-standard has-post-thumbnail hentry category-endodontie-fr\" data-id=\"788\">\r\n\t\t<div class=\"w-grid-item-h\">\r\n\t\t\t\t\t\t\t<a href=\"https:\/\/dental-planet.eu\/fr\/2023\/09\/27\/endodontie\/\" class=\"w-grid-item-anchor\" aria-label=\"Endodontie\"><\/a>\r\n\t\t\t\t\t\t<div class=\"w-post-elm post_image usg_post_image_1 stretched\"><img loading=\"lazy\" decoding=\"async\" width=\"1024\" height=\"768\" src=\"https:\/\/dental-planet.eu\/wp-content\/uploads\/2023\/09\/Root-Canal-1024x768.jpg\" class=\"attachment-large size-large wp-post-image\" alt=\"\" srcset=\"https:\/\/dental-planet.eu\/wp-content\/uploads\/2023\/09\/Root-Canal-1024x768.jpg 1024w, https:\/\/dental-planet.eu\/wp-content\/uploads\/2023\/09\/Root-Canal-300x225.jpg 300w, https:\/\/dental-planet.eu\/wp-content\/uploads\/2023\/09\/Root-Canal.jpg 1200w\" sizes=\"auto, (max-width: 1024px) 100vw, 1024px\" \/><\/div><div class=\"w-vwrapper usg_vwrapper_1 align_center valign_middle\"><h2 class=\"w-post-elm post_title usg_post_title_1 has_text_color entry-title color_link_inherit\">Endodontie<\/h2><\/div>\t\t<\/div>\r\n\t<\/article>\r\n\t<article class=\"w-grid-item post-746 post type-post status-publish format-standard has-post-thumbnail hentry category-parodontose-et-parodontite\" data-id=\"746\">\r\n\t\t<div class=\"w-grid-item-h\">\r\n\t\t\t\t\t\t\t<a href=\"https:\/\/dental-planet.eu\/fr\/2023\/09\/27\/maladie-parodontale\/\" class=\"w-grid-item-anchor\" aria-label=\"Maladie parodontale\"><\/a>\r\n\t\t\t\t\t\t<div class=\"w-post-elm post_image usg_post_image_1 stretched\"><img loading=\"lazy\" decoding=\"async\" width=\"746\" height=\"468\" src=\"https:\/\/dental-planet.eu\/wp-content\/uploads\/2023\/09\/Tratamiento-de-la-periodontitis.png\" class=\"attachment-large size-large wp-post-image\" alt=\"\" srcset=\"https:\/\/dental-planet.eu\/wp-content\/uploads\/2023\/09\/Tratamiento-de-la-periodontitis.png 746w, https:\/\/dental-planet.eu\/wp-content\/uploads\/2023\/09\/Tratamiento-de-la-periodontitis-300x188.png 300w\" sizes=\"auto, (max-width: 746px) 100vw, 746px\" \/><\/div><div class=\"w-vwrapper usg_vwrapper_1 align_center valign_middle\"><h2 class=\"w-post-elm post_title usg_post_title_1 has_text_color entry-title color_link_inherit\">Maladie parodontale<\/h2><\/div>\t\t<\/div>\r\n\t<\/article>\r\n\t<article class=\"w-grid-item post-737 post type-post status-publish format-standard has-post-thumbnail hentry category-implants-dentaires\" data-id=\"737\">\r\n\t\t<div class=\"w-grid-item-h\">\r\n\t\t\t\t\t\t\t<a href=\"https:\/\/dental-planet.eu\/fr\/2023\/09\/27\/materiaux-dentaires\/\" class=\"w-grid-item-anchor\" aria-label=\"Mat\u00e9riaux dentaires\"><\/a>\r\n\t\t\t\t\t\t<div class=\"w-post-elm post_image usg_post_image_1 stretched\"><img loading=\"lazy\" decoding=\"async\" width=\"1024\" height=\"576\" src=\"https:\/\/dental-planet.eu\/wp-content\/uploads\/2023\/09\/protesis.jpg\" class=\"attachment-large size-large wp-post-image\" alt=\"\" srcset=\"https:\/\/dental-planet.eu\/wp-content\/uploads\/2023\/09\/protesis.jpg 1024w, https:\/\/dental-planet.eu\/wp-content\/uploads\/2023\/09\/protesis-300x169.jpg 300w\" sizes=\"auto, (max-width: 1024px) 100vw, 1024px\" \/><\/div><div class=\"w-vwrapper usg_vwrapper_1 align_center valign_middle\"><h2 class=\"w-post-elm post_title usg_post_title_1 has_text_color entry-title color_link_inherit\">Mat\u00e9riaux dentaires<\/h2><\/div>\t\t<\/div>\r\n\t<\/article>\r\n\t<article class=\"w-grid-item post-710 post type-post status-publish format-standard has-post-thumbnail hentry category-protheses-dentaires\" data-id=\"710\">\r\n\t\t<div class=\"w-grid-item-h\">\r\n\t\t\t\t\t\t\t<a href=\"https:\/\/dental-planet.eu\/fr\/2023\/09\/27\/protheses-dentaires\/\" class=\"w-grid-item-anchor\" aria-label=\"Types de reconstructions proth\u00e9tiques\"><\/a>\r\n\t\t\t\t\t\t<div class=\"w-post-elm post_image usg_post_image_1 stretched\"><img loading=\"lazy\" decoding=\"async\" width=\"800\" height=\"533\" src=\"https:\/\/dental-planet.eu\/wp-content\/uploads\/2023\/09\/protesis-sobre-implante.webp\" class=\"attachment-large size-large wp-post-image\" alt=\"\" srcset=\"https:\/\/dental-planet.eu\/wp-content\/uploads\/2023\/09\/protesis-sobre-implante.webp 800w, https:\/\/dental-planet.eu\/wp-content\/uploads\/2023\/09\/protesis-sobre-implante-300x200.webp 300w\" sizes=\"auto, (max-width: 800px) 100vw, 800px\" \/><\/div><div class=\"w-vwrapper usg_vwrapper_1 align_center valign_middle\"><h2 class=\"w-post-elm post_title usg_post_title_1 has_text_color entry-title color_link_inherit\">Types de reconstructions proth\u00e9tiques<\/h2><\/div>\t\t<\/div>\r\n\t<\/article>\r\n\t<article class=\"w-grid-item post-719 post type-post status-publish format-standard has-post-thumbnail hentry category-implants-dentaires\" data-id=\"719\">\r\n\t\t<div class=\"w-grid-item-h\">\r\n\t\t\t\t\t\t\t<a href=\"https:\/\/dental-planet.eu\/fr\/2023\/09\/27\/dentisterie-innovante-et-implantologie\/\" class=\"w-grid-item-anchor\" aria-label=\"L-PRF \/ PRP Dentisterie et implantologie innovantes\"><\/a>\r\n\t\t\t\t\t\t<div class=\"w-post-elm post_image usg_post_image_1 stretched\"><img loading=\"lazy\" decoding=\"async\" width=\"924\" height=\"1024\" src=\"https:\/\/dental-planet.eu\/wp-content\/uploads\/2023\/09\/IL-LPRF-Patient-espanol-Print-1406-06-6-924x1024.jpg\" class=\"attachment-large size-large wp-post-image\" alt=\"\" srcset=\"https:\/\/dental-planet.eu\/wp-content\/uploads\/2023\/09\/IL-LPRF-Patient-espanol-Print-1406-06-6-924x1024.jpg 924w, https:\/\/dental-planet.eu\/wp-content\/uploads\/2023\/09\/IL-LPRF-Patient-espanol-Print-1406-06-6-271x300.jpg 271w, https:\/\/dental-planet.eu\/wp-content\/uploads\/2023\/09\/IL-LPRF-Patient-espanol-Print-1406-06-6.jpg 1279w\" sizes=\"auto, (max-width: 924px) 100vw, 924px\" \/><\/div><div class=\"w-vwrapper usg_vwrapper_1 align_center valign_middle\"><h2 class=\"w-post-elm post_title usg_post_title_1 has_text_color entry-title color_link_inherit\">L-PRF \/ PRP Dentisterie et implantologie innovantes<\/h2><\/div>\t\t<\/div>\r\n\t<\/article>\r\n\t<article class=\"w-grid-item post-703 post type-post status-publish format-standard has-post-thumbnail hentry category-general-fr\" data-id=\"703\">\r\n\t\t<div class=\"w-grid-item-h\">\r\n\t\t\t\t\t\t\t<a href=\"https:\/\/dental-planet.eu\/fr\/2023\/09\/27\/crise-cardiaque-causee-par-une-bacterie\/\" class=\"w-grid-item-anchor\" aria-label=\"Crise cardiaque caus\u00e9e par une bact\u00e9rie\"><\/a>\r\n\t\t\t\t\t\t<div class=\"w-post-elm post_image usg_post_image_1 stretched\"><img loading=\"lazy\" decoding=\"async\" width=\"695\" height=\"465\" src=\"https:\/\/dental-planet.eu\/wp-content\/uploads\/2023\/09\/bacterias-orales-y-enfermedad-cardiaca.jpg\" class=\"attachment-large size-large wp-post-image\" alt=\"\" srcset=\"https:\/\/dental-planet.eu\/wp-content\/uploads\/2023\/09\/bacterias-orales-y-enfermedad-cardiaca.jpg 695w, https:\/\/dental-planet.eu\/wp-content\/uploads\/2023\/09\/bacterias-orales-y-enfermedad-cardiaca-300x201.jpg 300w\" sizes=\"auto, (max-width: 695px) 100vw, 695px\" \/><\/div><div class=\"w-vwrapper usg_vwrapper_1 align_center valign_middle\"><h2 class=\"w-post-elm post_title usg_post_title_1 has_text_color entry-title color_link_inherit\">Crise cardiaque caus\u00e9e par une bact\u00e9rie<\/h2><\/div>\t\t<\/div>\r\n\t<\/article>\r\n\t<article class=\"w-grid-item post-694 post type-post status-publish format-standard has-post-thumbnail hentry category-esthetique-dentaire\" data-id=\"694\">\r\n\t\t<div class=\"w-grid-item-h\">\r\n\t\t\t\t\t\t\t<a href=\"https:\/\/dental-planet.eu\/fr\/2023\/09\/27\/nettoyage-dentaire-professionnel\/\" class=\"w-grid-item-anchor\" aria-label=\"Nettoyage dentaire professionnel\"><\/a>\r\n\t\t\t\t\t\t<div class=\"w-post-elm post_image usg_post_image_1 stretched\"><img loading=\"lazy\" decoding=\"async\" width=\"1024\" height=\"683\" src=\"https:\/\/dental-planet.eu\/wp-content\/uploads\/2023\/09\/Higiene-dental-y-profilaxis-TEMP-1024x683.jpg\" class=\"attachment-large size-large wp-post-image\" alt=\"\" srcset=\"https:\/\/dental-planet.eu\/wp-content\/uploads\/2023\/09\/Higiene-dental-y-profilaxis-TEMP-1024x683.jpg 1024w, https:\/\/dental-planet.eu\/wp-content\/uploads\/2023\/09\/Higiene-dental-y-profilaxis-TEMP-300x200.jpg 300w, https:\/\/dental-planet.eu\/wp-content\/uploads\/2023\/09\/Higiene-dental-y-profilaxis-TEMP.jpg 1500w\" sizes=\"auto, (max-width: 1024px) 100vw, 1024px\" \/><\/div><div class=\"w-vwrapper usg_vwrapper_1 align_center valign_middle\"><h2 class=\"w-post-elm post_title usg_post_title_1 has_text_color entry-title color_link_inherit\">Nettoyage dentaire professionnel<\/h2><\/div>\t\t<\/div>\r\n\t<\/article>\r\n\t<article class=\"w-grid-item post-692 post type-post status-publish format-standard has-post-thumbnail hentry category-general-fr\" data-id=\"692\">\r\n\t\t<div class=\"w-grid-item-h\">\r\n\t\t\t\t\t\t\t<a href=\"https:\/\/dental-planet.eu\/fr\/2023\/09\/27\/pour-les-patients-anxieux\/\" class=\"w-grid-item-anchor\" aria-label=\"Pour les patients anxieux\"><\/a>\r\n\t\t\t\t\t\t<div class=\"w-post-elm post_image usg_post_image_1 stretched\"><img loading=\"lazy\" decoding=\"async\" width=\"900\" height=\"600\" src=\"https:\/\/dental-planet.eu\/wp-content\/uploads\/2023\/09\/miedo-al-dentista.jpg\" class=\"attachment-large size-large wp-post-image\" alt=\"\" srcset=\"https:\/\/dental-planet.eu\/wp-content\/uploads\/2023\/09\/miedo-al-dentista.jpg 900w, https:\/\/dental-planet.eu\/wp-content\/uploads\/2023\/09\/miedo-al-dentista-300x200.jpg 300w\" sizes=\"auto, (max-width: 900px) 100vw, 900px\" \/><\/div><div class=\"w-vwrapper usg_vwrapper_1 align_center valign_middle\"><h2 class=\"w-post-elm post_title usg_post_title_1 has_text_color entry-title color_link_inherit\">Pour les patients anxieux<\/h2><\/div>\t\t<\/div>\r\n\t<\/article>\r\n\t<article class=\"w-grid-item post-663 post type-post status-publish format-standard has-post-thumbnail hentry category-implants-dentaires\" data-id=\"663\">\r\n\t\t<div class=\"w-grid-item-h\">\r\n\t\t\t\t\t\t\t<a href=\"https:\/\/dental-planet.eu\/fr\/2023\/09\/27\/implantologie-3d\/\" class=\"w-grid-item-anchor\" aria-label=\"Implantologie 3D\"><\/a>\r\n\t\t\t\t\t\t<div class=\"w-post-elm post_image usg_post_image_1 stretched\"><img loading=\"lazy\" decoding=\"async\" width=\"800\" height=\"600\" src=\"https:\/\/dental-planet.eu\/wp-content\/uploads\/2023\/09\/Cirugia-Guiada-Implantes-Dentales-en-Almeria.jpg\" class=\"attachment-large size-large wp-post-image\" alt=\"\" srcset=\"https:\/\/dental-planet.eu\/wp-content\/uploads\/2023\/09\/Cirugia-Guiada-Implantes-Dentales-en-Almeria.jpg 800w, https:\/\/dental-planet.eu\/wp-content\/uploads\/2023\/09\/Cirugia-Guiada-Implantes-Dentales-en-Almeria-300x225.jpg 300w\" sizes=\"auto, (max-width: 800px) 100vw, 800px\" \/><\/div><div class=\"w-vwrapper usg_vwrapper_1 align_center valign_middle\"><h2 class=\"w-post-elm post_title usg_post_title_1 has_text_color entry-title color_link_inherit\">Implantologie 3D<\/h2><\/div>\t\t<\/div>\r\n\t<\/article>\r\n\t<article class=\"w-grid-item post-614 post type-post status-publish format-standard has-post-thumbnail hentry category-implants-dentaires\" data-id=\"614\">\r\n\t\t<div class=\"w-grid-item-h\">\r\n\t\t\t\t\t\t\t<a href=\"https:\/\/dental-planet.eu\/fr\/2023\/09\/27\/implants\/\" class=\"w-grid-item-anchor\" aria-label=\"Implants\"><\/a>\r\n\t\t\t\t\t\t<div class=\"w-post-elm post_image usg_post_image_1 stretched\"><img loading=\"lazy\" decoding=\"async\" width=\"800\" height=\"533\" src=\"https:\/\/dental-planet.eu\/wp-content\/uploads\/2023\/09\/protesis-sobre-implante.webp\" class=\"attachment-large size-large wp-post-image\" alt=\"\" srcset=\"https:\/\/dental-planet.eu\/wp-content\/uploads\/2023\/09\/protesis-sobre-implante.webp 800w, https:\/\/dental-planet.eu\/wp-content\/uploads\/2023\/09\/protesis-sobre-implante-300x200.webp 300w\" sizes=\"auto, (max-width: 800px) 100vw, 800px\" \/><\/div><div class=\"w-vwrapper usg_vwrapper_1 align_center valign_middle\"><h2 class=\"w-post-elm post_title usg_post_title_1 has_text_color entry-title color_link_inherit\">Implants<\/h2><\/div>\t\t<\/div>\r\n\t<\/article>\r\n<\/div><div class=\"w-grid-preloader\"><div class=\"g-preloader type_1\">\r\n\t<div><\/div>\r\n<\/div>\r\n<\/div>\t<div class=\"w-grid-json hidden\" onclick='return {&quot;action&quot;:&quot;us_ajax_grid&quot;,&quot;ajax_url&quot;:&quot;https:\\\/\\\/dental-planet.eu\\\/wp-admin\\\/admin-ajax.php&quot;,&quot;infinite_scroll&quot;:0,&quot;max_num_pages&quot;:1,&quot;pagination&quot;:&quot;none&quot;,&quot;permalink_url&quot;:&quot;https:\\\/\\\/dental-planet.eu\\\/fr\\\/wp-json\\\/wp\\\/v2\\\/pages\\\/549\\\/&quot;,&quot;template_vars&quot;:{&quot;columns&quot;:&quot;4&quot;,&quot;exclude_items&quot;:&quot;none&quot;,&quot;img_size&quot;:&quot;default&quot;,&quot;ignore_items_size&quot;:0,&quot;items_layout&quot;:&quot;portfolio_3&quot;,&quot;items_offset&quot;:&quot;1&quot;,&quot;load_animation&quot;:&quot;none&quot;,&quot;overriding_link&quot;:&quot;%7B%22type%22%3A%22post%22%7D&quot;,&quot;post_id&quot;:0,&quot;query_args&quot;:{&quot;post_type&quot;:[&quot;post&quot;],&quot;tax_query&quot;:[{&quot;taxonomy&quot;:&quot;category&quot;,&quot;field&quot;:&quot;slug&quot;,&quot;terms&quot;:[&quot;chirurgie-fr&quot;,&quot;endodontie-fr&quot;,&quot;esthetique-dentaire&quot;,&quot;general-fr&quot;,&quot;implants-dentaires&quot;,&quot;parodontose-et-parodontite&quot;,&quot;protheses-dentaires&quot;]}],&quot;post_status&quot;:[&quot;publish&quot;],&quot;posts_per_page&quot;:&quot;50&quot;},&quot;orderby_query_args&quot;:{&quot;orderby&quot;:{&quot;date&quot;:&quot;DESC&quot;}},&quot;type&quot;:&quot;grid&quot;,&quot;us_grid_ajax_index&quot;:1,&quot;us_grid_filter_params&quot;:null,&quot;us_grid_index&quot;:1,&quot;_us_grid_post_type&quot;:&quot;post&quot;,&quot;page_args&quot;:[],&quot;lang&quot;:&quot;fr&quot;}}'><\/div>\r\n\t<\/div><\/div><\/div><\/div><\/div><\/div><\/div><\/div><\/section>\n","protected":false},"excerpt":{"rendered":"[vc_custom_heading source=\"post_title\" font_container=\"tag:h1|text_align:center\" use_theme_fonts=\"yes\"]Notre clinique dentaire Dental Planet offre une combinaison parfaite de l&rsquo;esth\u00e9tique dentaire et de la dentisterie dans le domaine de l&rsquo;implantologie en combinant les 5 avantages suivants : Notre implantologue est l&rsquo;un des plus exp\u00e9riment\u00e9s et des plus prestigieux d&rsquo;Espagne. Nous pratiquons l&rsquo;implantologie assist\u00e9e par ordinateur, Notre dentiste et son chef de...","protected":false},"author":1,"featured_media":0,"parent":0,"menu_order":0,"comment_status":"closed","ping_status":"closed","template":"","meta":{"footnotes":""},"class_list":["post-549","page","type-page","status-publish","hentry"],"_links":{"self":[{"href":"https:\/\/dental-planet.eu\/fr\/wp-json\/wp\/v2\/pages\/549","targetHints":{"allow":["GET"]}}],"collection":[{"href":"https:\/\/dental-planet.eu\/fr\/wp-json\/wp\/v2\/pages"}],"about":[{"href":"https:\/\/dental-planet.eu\/fr\/wp-json\/wp\/v2\/types\/page"}],"author":[{"embeddable":true,"href":"https:\/\/dental-planet.eu\/fr\/wp-json\/wp\/v2\/users\/1"}],"replies":[{"embeddable":true,"href":"https:\/\/dental-planet.eu\/fr\/wp-json\/wp\/v2\/comments?post=549"}],"version-history":[{"count":8,"href":"https:\/\/dental-planet.eu\/fr\/wp-json\/wp\/v2\/pages\/549\/revisions"}],"predecessor-version":[{"id":2363,"href":"https:\/\/dental-planet.eu\/fr\/wp-json\/wp\/v2\/pages\/549\/revisions\/2363"}],"wp:attachment":[{"href":"https:\/\/dental-planet.eu\/fr\/wp-json\/wp\/v2\/media?parent=549"}],"curies":[{"name":"wp","href":"https:\/\/api.w.org\/{rel}","templated":true}]}}