{"id":451,"date":"2023-09-21T11:18:21","date_gmt":"2023-09-21T09:18:21","guid":{"rendered":"https:\/\/ecstatic-roentgen.31-24-155-213.plesk.page\/notre-clinique\/"},"modified":"2023-11-06T18:36:43","modified_gmt":"2023-11-06T17:36:43","slug":"notre-clinique","status":"publish","type":"page","link":"https:\/\/dental-planet.eu\/fr\/notre-clinique\/","title":{"rendered":"Notre clinique"},"content":{"rendered":"<section class=\"l-section wpb_row height_medium\"><div class=\"l-section-h i-cf\"><div class=\"g-cols vc_row via_grid cols_1 laptops-cols_inherit tablets-cols_inherit mobiles-cols_1 valign_top type_default stacking_default\"><div class=\"wpb_column vc_column_container\"><div class=\"vc_column-inner\"><div class=\"g-cols wpb_row via_grid cols_2 laptops-cols_inherit tablets-cols_inherit mobiles-cols_1 valign_top type_default stacking_default\"><div class=\"wpb_column vc_column_container\"><div class=\"vc_column-inner\"><div class=\"w-image style_shadow-1 align_center\"><div url class=\"w-image-h\"><img loading=\"lazy\" decoding=\"async\" width=\"1024\" height=\"768\" src=\"https:\/\/dental-planet.eu\/wp-content\/uploads\/2023\/09\/Eingang-Zahnarztpraxis-neu1-1024x768.jpg\" class=\"attachment-large size-large\" alt=\"\" srcset=\"https:\/\/dental-planet.eu\/wp-content\/uploads\/2023\/09\/Eingang-Zahnarztpraxis-neu1-1024x768.jpg 1024w, https:\/\/dental-planet.eu\/wp-content\/uploads\/2023\/09\/Eingang-Zahnarztpraxis-neu1-300x225.jpg 300w, https:\/\/dental-planet.eu\/wp-content\/uploads\/2023\/09\/Eingang-Zahnarztpraxis-neu1.jpg 1500w\" sizes=\"auto, (max-width: 1024px) 100vw, 1024px\" \/><\/div><\/div><\/div><\/div><div class=\"wpb_column vc_column_container\"><div class=\"vc_column-inner\"><div class=\"wpb_text_column\"><div class=\"wpb_wrapper\"><p style=\"text-align: justify;\">Dental Planet &#8211; Votre dentiste \u00e0 Quesada, Rojales, Torrevieja &amp; Alicante en Espagne<br \/>\nNotre mission est de fournir des soins exceptionnels \u00e0 des patients qui attendent le meilleur.<\/p>\n<p style=\"text-align: justify;\">Nous visons la perfection et consacrons le temps n\u00e9cessaire \u00e0 la r\u00e9alisation de chaque travail. Pour obtenir les meilleurs r\u00e9sultats, nous maintenons les normes \u00e9lev\u00e9es suivantes :<\/p>\n<p style=\"text-align: justify;\">La plus haute qualit\u00e9 et les derni\u00e8res m\u00e9thodes de traitement dentaire.<\/p>\n<p style=\"text-align: justify;\">Chez Dental Planet, nous offrons \u00e0 nos patients des traitements dentaires de la plus haute qualit\u00e9, sans exception. Notre objectif est d&rsquo;offrir la meilleure dentisterie possible : les mat\u00e9riaux les plus modernes, des m\u00e9thodes de traitement innovantes et, surtout, une hospitalit\u00e9 et un service \u00e0 la client\u00e8le in\u00e9gal\u00e9s pour chaque patient.<\/p>\n<\/div><\/div><\/div><\/div><\/div><div class=\"wpb_text_column\"><div class=\"wpb_wrapper\"><p style=\"text-align: justify;\">Traitement doux et indolore.<\/p>\n<p style=\"text-align: justify;\">Nous nous effor\u00e7ons toujours de vous traiter le plus d\u00e9licatement et le moins douloureusement possible pendant la restauration ou la reconstruction de vos dents. C&rsquo;est particuli\u00e8rement vrai pour les patients qui ont peur du dentiste. Des dents neuves, confortables et attrayantes peuvent avoir une influence tr\u00e8s positive sur la confiance en soi et la qualit\u00e9 de vie.<\/p>\n<p style=\"text-align: justify;\">Prophylaxie dentaire &#8211; soins dentaires pr\u00e9ventifs<\/p>\n<p style=\"text-align: justify;\">Notre prophylaxie dentaire et nos traitements parodontaux de haute qualit\u00e9 vous permettent de conserver vos dents et vos implants dentaires pendant longtemps.<\/p>\n<p style=\"text-align: justify;\">Nous travaillons pour vous, le patient<\/p>\n<p style=\"text-align: justify;\">Le responsable de notre cabinet dentaire traite et prend soin de chaque patient personnellement. Il planifie et coordonne chaque intervention chirurgicale en collaboration avec l&rsquo;implantologue et le laboratoire dentaire sur place. C&rsquo;est lui qui pose toutes les proth\u00e8ses dentaires. Il veille \u00e0 ce que chaque patient re\u00e7oive un excellent service tout au long de son traitement dentaire.<\/p>\n<p style=\"text-align: justify;\">Une \u00e9quipe de sp\u00e9cialistes<\/p>\n<p style=\"text-align: justify;\">Notre \u00e9quipe exp\u00e9riment\u00e9e et sympathique veille \u00e0 ce que tous les soins dentaires soient effectu\u00e9s sans probl\u00e8me, qu&rsquo;ils soient parfaitement adapt\u00e9s et qu&rsquo;ils r\u00e9pondent aux normes esth\u00e9tiques les plus \u00e9lev\u00e9es &#8211; des dents \u00e0 tomber amoureux !<\/p>\n<\/div><\/div><\/div><\/div><\/div><\/div><\/section>\n","protected":false},"excerpt":{"rendered":"Dental Planet &#8211; Votre dentiste \u00e0 Quesada, Rojales, Torrevieja &amp; Alicante en Espagne Notre mission est de fournir des soins exceptionnels \u00e0 des patients qui attendent le meilleur. Nous visons la perfection et consacrons le temps n\u00e9cessaire \u00e0 la r\u00e9alisation de chaque travail. Pour obtenir les meilleurs r\u00e9sultats, nous maintenons les normes \u00e9lev\u00e9es suivantes :...","protected":false},"author":1,"featured_media":0,"parent":0,"menu_order":0,"comment_status":"closed","ping_status":"closed","template":"","meta":{"footnotes":""},"class_list":["post-451","page","type-page","status-publish","hentry"],"_links":{"self":[{"href":"https:\/\/dental-planet.eu\/fr\/wp-json\/wp\/v2\/pages\/451","targetHints":{"allow":["GET"]}}],"collection":[{"href":"https:\/\/dental-planet.eu\/fr\/wp-json\/wp\/v2\/pages"}],"about":[{"href":"https:\/\/dental-planet.eu\/fr\/wp-json\/wp\/v2\/types\/page"}],"author":[{"embeddable":true,"href":"https:\/\/dental-planet.eu\/fr\/wp-json\/wp\/v2\/users\/1"}],"replies":[{"embeddable":true,"href":"https:\/\/dental-planet.eu\/fr\/wp-json\/wp\/v2\/comments?post=451"}],"version-history":[{"count":8,"href":"https:\/\/dental-planet.eu\/fr\/wp-json\/wp\/v2\/pages\/451\/revisions"}],"predecessor-version":[{"id":2747,"href":"https:\/\/dental-planet.eu\/fr\/wp-json\/wp\/v2\/pages\/451\/revisions\/2747"}],"wp:attachment":[{"href":"https:\/\/dental-planet.eu\/fr\/wp-json\/wp\/v2\/media?parent=451"}],"curies":[{"name":"wp","href":"https:\/\/api.w.org\/{rel}","templated":true}]}}