{"id":1338,"date":"2023-09-28T11:20:36","date_gmt":"2023-09-28T09:20:36","guid":{"rendered":"https:\/\/ecstatic-roentgen.31-24-155-213.plesk.page\/vos-vacances-avec-dental-planet-2\/"},"modified":"2023-09-28T11:28:04","modified_gmt":"2023-09-28T09:28:04","slug":"vos-vacances-avec-dental-planet-2","status":"publish","type":"page","link":"https:\/\/dental-planet.eu\/fr\/vos-vacances-avec-dental-planet-2\/","title":{"rendered":"Vos vacances avec Dental Planet"},"content":{"rendered":"<section class=\"l-section wpb_row us_custom_e11ab399 height_medium\"><div class=\"l-section-h i-cf\"><div class=\"g-cols vc_row via_grid cols_1 laptops-cols_inherit tablets-cols_inherit mobiles-cols_1 valign_top type_default stacking_default\"><div class=\"wpb_column vc_column_container\"><div class=\"vc_column-inner\"><div class=\"g-cols wpb_row via_grid cols_2 laptops-cols_inherit tablets-cols_inherit mobiles-cols_1 valign_top type_default stacking_default\"><div class=\"wpb_column vc_column_container\"><div class=\"vc_column-inner\"><div class=\"wpb_text_column\"><div class=\"wpb_wrapper\"><h3 style=\"text-align: justify;\">Vacances des dentistes au Centre d&rsquo;implants Dental Planet<\/h3>\n<h4 style=\"text-align: justify;\">Des proth\u00e8ses dentaires de qualit\u00e9 sous les palmiers !<\/h4>\n<p style=\"text-align: justify;\"><strong>Combinez vos soins dentaires avec des vacances et la sant\u00e9 au bord de la mer en Espagne. Notre clinique dentaire de Quesada, Rojales en Espagne, propose d&rsquo;excellents traitements dentaires \u00e0 un rapport qualit\u00e9-prix exceptionnellement attractif dans une atmosph\u00e8re d\u00e9tendue.<\/strong><\/p>\n<\/div><\/div><\/div><\/div><div class=\"wpb_column vc_column_container\"><div class=\"vc_column-inner\"><div class=\"w-image align_center\"><div url class=\"w-image-h\"><img loading=\"lazy\" decoding=\"async\" width=\"1200\" height=\"675\" src=\"https:\/\/dental-planet.eu\/wp-content\/uploads\/2023\/09\/9fb51d1b-b64e-44ad-88d5-e7ed3217ca23_16-9-discover-aspect-ratio_default_0.jpg\" class=\"attachment-full size-full\" alt=\"\" srcset=\"https:\/\/dental-planet.eu\/wp-content\/uploads\/2023\/09\/9fb51d1b-b64e-44ad-88d5-e7ed3217ca23_16-9-discover-aspect-ratio_default_0.jpg 1200w, https:\/\/dental-planet.eu\/wp-content\/uploads\/2023\/09\/9fb51d1b-b64e-44ad-88d5-e7ed3217ca23_16-9-discover-aspect-ratio_default_0-300x169.jpg 300w, https:\/\/dental-planet.eu\/wp-content\/uploads\/2023\/09\/9fb51d1b-b64e-44ad-88d5-e7ed3217ca23_16-9-discover-aspect-ratio_default_0-1024x576.jpg 1024w\" sizes=\"auto, (max-width: 1200px) 100vw, 1200px\" \/><\/div><\/div><\/div><\/div><\/div><div class=\"w-separator size_custom\" style=\"height:15px\"><\/div><div class=\"wpb_text_column\"><div class=\"wpb_wrapper\"><p style=\"text-align: justify;\">De plus en plus d&rsquo;Allemands d\u00e9cident de se faire soigner les dents \u00e0 l&rsquo;\u00e9tranger. Les vacances chez le dentiste <strong>(ou les vacances pour le dentiste) sont de plus en plus populaires<\/strong> car les proth\u00e8ses dentaires de qualit\u00e9 sont ch\u00e8res en Allemagne.<\/p>\n<p style=\"text-align: justify;\">Depuis 2004, il est en principe possible de se faire soigner dans des pays de l&rsquo;UE moins chers sans perdre le b\u00e9n\u00e9fice de l&rsquo;assurance maladie.<br \/>\n<strong>Notre \u00e9quipe de dentistes exp\u00e9riment\u00e9s propose des traitements dentaires ou des proth\u00e8ses dentaires s\u00e9rieux, de haute qualit\u00e9 et en m\u00eame temps abordables<\/strong>, ainsi que des conseils attentifs et objectifs aux patients. Et&#8230; <strong><a title=\"Des prix de proth\u00e8ses dentaires bon march\u00e9 avec la plus haute qualit\u00e9 dans notre cabinet dentaire Dental Planet en Espagne.\" href=\"https:\/\/www.dental-planet.eu\/kosten-preise-zahnersatz-zahnarzt-spanien-guenstige-implantate-preiswerte-krone-bruecke-\/\">vous pouvez \u00e9conomiser jusqu&rsquo;\u00e0 75 % sur les frais de traitement<\/a> et partir en vacances.<\/strong><\/p>\n<h3 style=\"text-align: justify;\">Les avantages d&rsquo;un s\u00e9jour dentaire avec Dental Planet en Espagne en un coup d&rsquo;\u0153il<\/h3>\n<ul style=\"text-align: justify;\">\n<li>Les co\u00fbts et les prix de nos <strong>proth\u00e8ses sont<\/strong>, pour une qualit\u00e9 comparable ou m\u00eame sup\u00e9rieure, jusqu&rsquo;\u00e0 <strong>75 % moins chers que les prix<\/strong> pratiqu\u00e9s par les bons dentistes en Allemagne ou en Angleterre.<\/li>\n<li><strong><br \/>\n  <a title=\"Notre \u00e9quipe : une \u00e9quipe de sp\u00e9cialistes. Denatl Planet, votre dentiste allemand en Espagne.\" href=\"https:\/\/www.dental-planet.eu\/zahnarzt-spezialisten-team-deutsche-zahnarztpraxis-spanien-rojales-alicante-torrevieja\/\">L&rsquo;\u00e9quipe du cabinet dentaire<\/a><br \/>\n<\/strong><strong> une \u00e9quipe hautement qualifi\u00e9e, multilingue, amicale et exp\u00e9riment\u00e9e<\/strong><br \/>\n(langues : anglais, allemand, espagnol, fran\u00e7ais, italien)<\/li>\n<li><strong><br \/>\n  <a title=\"Images de notre clinique dentaire Dental Planet Espagne afin que vous puissiez vous faire une id\u00e9e avant votre visite.\" href=\"https:\/\/www.dental-planet.eu\/zahnarzt-spanien-bilder-zahnarztpraxis-rojales-behandlungszimmer-praxis-ausstattung\/\">Cabinet dentaire<\/a><br \/>\n<\/strong><strong> moderne et de haute qualit\u00e9<\/strong> avec des salles de soins agr\u00e9ables et lumineuses<\/li>\n<li><strong><br \/>\n  <a title=\"Traitement dentaire sans forage et sans injections, facettes ou facettes sans pr\u00e9paration chez Dental Planet en Espagne.\" href=\"https:\/\/www.dental-planet.eu\/zahn-veneers-spanien-schiefe-verfaerbte-frontzaehne-richten-rojales-alicante-torrevieja\/\">Les m\u00e9thodes de traitement les plus modernes et les plus douces<\/a><br \/>\n<\/strong><strong> et<\/strong> les m\u00e9thodes de traitement <strong> les plus modernes et les plus<\/strong> douces, ainsi qu&rsquo;un \u00e9quipement dentaire de pointe.<\/li>\n<li>Nous utilisons <strong><br \/>\n  <a title=\"Mat\u00e9riaux dentaires de haute qualit\u00e9 et sans danger pour les allergies chez Dental Planet, votre clinique dentaire allemande en Espagne.\" href=\"https:\/\/www.dental-planet.eu\/zahnersatz-keramik-spanien-zirkon-dental-werkstoff-zahnarzt-rojales-alicante-torrevieja\/\">mat\u00e9riaux pour proth\u00e8ses dentaires<\/a><br \/>\n<\/strong><strong> des mat\u00e9riaux pour proth\u00e8ses dentaires qui sont hypoallerg\u00e9niques, tr\u00e8s esth\u00e9tiques et de la plus haute qualit\u00e9.<\/strong><\/li>\n<li><strong>Premi\u00e8re consultation \u00e0 prix avantageux<\/strong> dans notre cabinet dentaire avec devis<\/li>\n<li><strong>Renouvellement complet de vos dents rapidement et facilement.<\/strong><br \/>\nGr\u00e2ce \u00e0 l&rsquo;\u00e9troite collaboration avec un laboratoire sp\u00e9cialis\u00e9, nous sommes en mesure de r\u00e9aliser tous les travaux proth\u00e9tiques de mani\u00e8re optimale et en peu de temps pendant vos courtes vacances.<\/li>\n<li><strong>Ambiance de vacances idyllique et relaxante<\/strong> sur la Costa Blanca, avec des terrains de golf \u00e0 proximit\u00e9<\/li>\n<li>Si vous le souhaitez, nous pouvons vous aider \u00e0 <strong>planifier vos vacances avec le dentiste<\/strong> (arriv\u00e9e, h\u00f4tel, environs).<\/li>\n<\/ul>\n<p style=\"text-align: justify;\">Outre les nombreux avantages dentaires et financiers d&rsquo;une visite \u00e0 notre cabinet dentaire, nous aimerions \u00e9galement \u00e9voquer bri\u00e8vement la <strong>valeur r\u00e9cr\u00e9ative de notre environnement<\/strong>.<\/p>\n<p style=\"text-align: justify;\">Notre cabinet dentaire Dental Planet est situ\u00e9 dans le petit village idyllique de Quesada, un hameau de Rojales. Nous sommes \u00e0 environ 15 km de la ville de Torrevieja et \u00e0 10 km de Guardamar del Segura sur la Costa Blanca.<\/p>\n<p style=\"text-align: justify;\"><strong>Notre r\u00e9gion compte de nombreux terrains de golf, h\u00f4tels, spas et attractions dont vous pourrez profiter pendant votre s\u00e9jour.<\/strong><\/p>\n<\/div><\/div><\/div><\/div><\/div><\/div><\/section>\n","protected":false},"excerpt":{"rendered":"Vacances des dentistes au Centre d&rsquo;implants Dental Planet Des proth\u00e8ses dentaires de qualit\u00e9 sous les palmiers ! Combinez vos soins dentaires avec des vacances et la sant\u00e9 au bord de la mer en Espagne. Notre clinique dentaire de Quesada, Rojales en Espagne, propose d&rsquo;excellents traitements dentaires \u00e0 un rapport qualit\u00e9-prix exceptionnellement attractif dans une atmosph\u00e8re...","protected":false},"author":1,"featured_media":0,"parent":0,"menu_order":0,"comment_status":"closed","ping_status":"closed","template":"","meta":{"footnotes":""},"class_list":["post-1338","page","type-page","status-publish","hentry"],"_links":{"self":[{"href":"https:\/\/dental-planet.eu\/fr\/wp-json\/wp\/v2\/pages\/1338","targetHints":{"allow":["GET"]}}],"collection":[{"href":"https:\/\/dental-planet.eu\/fr\/wp-json\/wp\/v2\/pages"}],"about":[{"href":"https:\/\/dental-planet.eu\/fr\/wp-json\/wp\/v2\/types\/page"}],"author":[{"embeddable":true,"href":"https:\/\/dental-planet.eu\/fr\/wp-json\/wp\/v2\/users\/1"}],"replies":[{"embeddable":true,"href":"https:\/\/dental-planet.eu\/fr\/wp-json\/wp\/v2\/comments?post=1338"}],"version-history":[{"count":10,"href":"https:\/\/dental-planet.eu\/fr\/wp-json\/wp\/v2\/pages\/1338\/revisions"}],"predecessor-version":[{"id":1382,"href":"https:\/\/dental-planet.eu\/fr\/wp-json\/wp\/v2\/pages\/1338\/revisions\/1382"}],"wp:attachment":[{"href":"https:\/\/dental-planet.eu\/fr\/wp-json\/wp\/v2\/media?parent=1338"}],"curies":[{"name":"wp","href":"https:\/\/api.w.org\/{rel}","templated":true}]}}