{"id":1287,"date":"2023-09-28T10:45:00","date_gmt":"2023-09-28T08:45:00","guid":{"rendered":"https:\/\/ecstatic-roentgen.31-24-155-213.plesk.page\/vos-vacances-avec-dental-planet\/"},"modified":"2023-09-28T11:28:38","modified_gmt":"2023-09-28T09:28:38","slug":"vos-vacances-avec-dental-planet","status":"publish","type":"page","link":"https:\/\/dental-planet.eu\/fr\/vos-vacances-avec-dental-planet\/","title":{"rendered":"Services sp\u00e9ciaux"},"content":{"rendered":"<section class=\"l-section wpb_row us_custom_e11ab399 height_medium\"><div class=\"l-section-h i-cf\"><div class=\"g-cols vc_row via_grid cols_1 laptops-cols_inherit tablets-cols_inherit mobiles-cols_1 valign_top type_default stacking_default\"><div class=\"wpb_column vc_column_container\"><div class=\"vc_column-inner\"><div class=\"g-cols wpb_row via_grid cols_2 laptops-cols_inherit tablets-cols_inherit mobiles-cols_1 valign_top type_default stacking_default\"><div class=\"wpb_column vc_column_container\"><div class=\"vc_column-inner\"><div class=\"wpb_text_column\"><div class=\"wpb_wrapper\"><p style=\"text-align: justify;\">L&rsquo;\u00e9quipe de notre cabinet dentaire s&rsquo;attache \u00e0 ce que nos patients re\u00e7oivent des soins dentaires optimaux et se sentent \u00e0 l&rsquo;aise dans notre cabinet. C&rsquo;est pourquoi, en plus de l&rsquo;expertise et de l&rsquo;\u00e9quipement de pointe, nous offrons \u00e0 nos patients des services suppl\u00e9mentaires qui vont au-del\u00e0 de la gamme habituelle des services dentaires.<br \/>\nNous souhaitons que votre s\u00e9jour soit aussi agr\u00e9able et r\u00e9ussi que possible.<\/p>\n<p style=\"text-align: justify;\">Insertion de 14 implants en seulement 90 minutes<br \/>\nProth\u00e8se fixe dans la m\u00e2choire inf\u00e9rieure sans formation osseuse, m\u00eame si l&rsquo;on vous a dit que l&rsquo;os \u00e9tait insuffisant (mod\u00e8le am\u00e9ricain).<br \/>\nMesure de l&rsquo;articulation de la m\u00e2choire pour des restaurations plus importantes afin de pr\u00e9venir les dommages \u00e9mergents ou de corriger les dommages anciens. Les douleurs cervicales, les maux de dos, les maux de t\u00eate, etc. sont souvent caus\u00e9s par des probl\u00e8mes au niveau des articulations de la m\u00e2choire.<br \/>\nEstimation du risque accru d&rsquo;infarctus du myocarde et d&rsquo;accident vasculaire c\u00e9r\u00e9bral d\u00fb \u00e0 une maladie parodontale \u00e0 l&rsquo;aide d&rsquo;un test bact\u00e9riologique dans un institut suisse avec traitement ult\u00e9rieur<br \/>\nRails t\u00e9lescopiques en c\u00e9ramique au lieu d&rsquo;or ou d&rsquo;autres m\u00e9taux<br \/>\nMesure de la densit\u00e9 osseuse pour l&rsquo;\u00e9valuation des risques en dentisterie implantaire<\/p>\n<\/div><\/div><\/div><\/div><div class=\"wpb_column vc_column_container\"><div class=\"vc_column-inner\"><div class=\"w-image align_center\"><div url class=\"w-image-h\"><img loading=\"lazy\" decoding=\"async\" width=\"1024\" height=\"768\" src=\"https:\/\/dental-planet.eu\/wp-content\/uploads\/2023\/09\/SONRISAPOST.jpg\" class=\"attachment-full size-full\" alt=\"\" srcset=\"https:\/\/dental-planet.eu\/wp-content\/uploads\/2023\/09\/SONRISAPOST.jpg 1024w, https:\/\/dental-planet.eu\/wp-content\/uploads\/2023\/09\/SONRISAPOST-300x225.jpg 300w\" sizes=\"auto, (max-width: 1024px) 100vw, 1024px\" \/><\/div><\/div><div class=\"w-image align_center\"><div url class=\"w-image-h\"><img loading=\"lazy\" decoding=\"async\" width=\"1200\" height=\"600\" src=\"https:\/\/dental-planet.eu\/wp-content\/uploads\/2023\/09\/diseno-de-sonrisas.jpg\" class=\"attachment-full size-full\" alt=\"\" srcset=\"https:\/\/dental-planet.eu\/wp-content\/uploads\/2023\/09\/diseno-de-sonrisas.jpg 1200w, https:\/\/dental-planet.eu\/wp-content\/uploads\/2023\/09\/diseno-de-sonrisas-300x150.jpg 300w, https:\/\/dental-planet.eu\/wp-content\/uploads\/2023\/09\/diseno-de-sonrisas-1024x512.jpg 1024w\" sizes=\"auto, (max-width: 1200px) 100vw, 1200px\" \/><\/div><\/div><\/div><\/div><\/div><div class=\"w-separator size_custom\" style=\"height:15px\"><\/div><div class=\"wpb_text_column\"><div class=\"wpb_wrapper\"><p style=\"text-align: justify;\">Proth\u00e8ses amovibles enti\u00e8rement en c\u00e9ramique.<br \/>\nR\u00e9duction extr\u00eame des rayonnements gr\u00e2ce \u00e0 la radiographie num\u00e9rique<br \/>\nTraitement particuli\u00e8rement sensible et indolore pour les patients anxieux<br \/>\nExcellent rapport qualit\u00e9-prix, proth\u00e8ses dentaires abordables.<br \/>\nConseil<br \/>\nNous voulons que vous soyez pleinement inform\u00e9s. C&rsquo;est pourquoi nous discutons avec vous, dans notre salle de r\u00e9union, des d\u00e9tails des mesures pr\u00e9ventives ou des options de traitement.<br \/>\n\u00c9quipe multilingue, afin de pouvoir aider les patients anglais, italiens et fran\u00e7ais, ainsi que les patients espagnols et allemands.<br \/>\nEnvironnement de pratique relaxant, amical et familier.<\/p>\n<\/div><\/div><\/div><\/div><\/div><\/div><\/section>\n","protected":false},"excerpt":{"rendered":"L&rsquo;\u00e9quipe de notre cabinet dentaire s&rsquo;attache \u00e0 ce que nos patients re\u00e7oivent des soins dentaires optimaux et se sentent \u00e0 l&rsquo;aise dans notre cabinet. C&rsquo;est pourquoi, en plus de l&rsquo;expertise et de l&rsquo;\u00e9quipement de pointe, nous offrons \u00e0 nos patients des services suppl\u00e9mentaires qui vont au-del\u00e0 de la gamme habituelle des services dentaires. Nous souhaitons...","protected":false},"author":1,"featured_media":0,"parent":0,"menu_order":0,"comment_status":"closed","ping_status":"closed","template":"","meta":{"footnotes":""},"class_list":["post-1287","page","type-page","status-publish","hentry"],"_links":{"self":[{"href":"https:\/\/dental-planet.eu\/fr\/wp-json\/wp\/v2\/pages\/1287","targetHints":{"allow":["GET"]}}],"collection":[{"href":"https:\/\/dental-planet.eu\/fr\/wp-json\/wp\/v2\/pages"}],"about":[{"href":"https:\/\/dental-planet.eu\/fr\/wp-json\/wp\/v2\/types\/page"}],"author":[{"embeddable":true,"href":"https:\/\/dental-planet.eu\/fr\/wp-json\/wp\/v2\/users\/1"}],"replies":[{"embeddable":true,"href":"https:\/\/dental-planet.eu\/fr\/wp-json\/wp\/v2\/comments?post=1287"}],"version-history":[{"count":11,"href":"https:\/\/dental-planet.eu\/fr\/wp-json\/wp\/v2\/pages\/1287\/revisions"}],"predecessor-version":[{"id":1391,"href":"https:\/\/dental-planet.eu\/fr\/wp-json\/wp\/v2\/pages\/1287\/revisions\/1391"}],"wp:attachment":[{"href":"https:\/\/dental-planet.eu\/fr\/wp-json\/wp\/v2\/media?parent=1287"}],"curies":[{"name":"wp","href":"https:\/\/api.w.org\/{rel}","templated":true}]}}