{"id":295,"date":"2023-09-21T11:18:47","date_gmt":"2023-09-21T09:18:47","guid":{"rendered":"https:\/\/ecstatic-roentgen.31-24-155-213.plesk.page\/our-team\/"},"modified":"2023-11-06T19:05:00","modified_gmt":"2023-11-06T18:05:00","slug":"our-team","status":"publish","type":"page","link":"https:\/\/dental-planet.eu\/en\/our-clinic\/our-team\/","title":{"rendered":"Our Team"},"content":{"rendered":"<section class=\"l-section wpb_row height_medium width_custom\" style=\"--site-content-width:1340px;\"><div class=\"l-section-h i-cf\"><div class=\"g-cols vc_row via_grid cols_1 laptops-cols_inherit tablets-cols_inherit mobiles-cols_1 valign_top type_default stacking_default\"><div class=\"wpb_column vc_column_container\"><div class=\"vc_column-inner\"><div class=\"g-cols wpb_row via_grid cols_1 laptops-cols_inherit tablets-cols_inherit mobiles-cols_1 valign_top type_default stacking_default\"><div class=\"wpb_column vc_column_container\"><div class=\"vc_column-inner\">[vc_custom_heading text=&#8221;A TEAM OF SPECIALISTS AT YOUR SERVICE&#8221; font_container=&#8221;tag:h2|text_align:center&#8221; use_theme_fonts=&#8221;yes&#8221;]<div class=\"wpb_text_column\"><div class=\"wpb_wrapper\"><p style=\"text-align: justify;\">Implants are artificial tooth roots. It is almost as if the missing teeth are growing back into our mouths. The insertion of implants should always be carried out by an implantologist specialized in this field of dentistry.<\/p>\n<\/div><\/div><div class=\"w-separator size_custom\" style=\"height:50px\"><\/div><\/div><\/div><\/div><div class=\"g-cols wpb_row via_grid cols_4 laptops-cols_inherit tablets-cols_inherit mobiles-cols_1 valign_top type_default stacking_default\"><div class=\"wpb_column vc_column_container\"><div class=\"vc_column-inner\"><div class=\"w-person layout_circle\" itemscope itemtype=\"https:\/\/schema.org\/Person\"><div class=\"w-person-image\"><img loading=\"lazy\" decoding=\"async\" width=\"1024\" height=\"1024\" src=\"https:\/\/dental-planet.eu\/wp-content\/uploads\/2023\/10\/farnos-v1.png\" class=\"attachment-large size-large\" alt=\"\" srcset=\"https:\/\/dental-planet.eu\/wp-content\/uploads\/2023\/10\/farnos-v1.png 1024w, https:\/\/dental-planet.eu\/wp-content\/uploads\/2023\/10\/farnos-v1-300x300.png 300w, https:\/\/dental-planet.eu\/wp-content\/uploads\/2023\/10\/farnos-v1-150x150.png 150w\" sizes=\"auto, (max-width: 1024px) 100vw, 1024px\" \/><div class=\"img_hover\" style=\"background-image:url(https:\/\/dental-planet.eu\/wp-content\/uploads\/2023\/10\/farnos-v2.png)\"><\/div><\/div><div class=\"w-person-content\"><h4 itemprop=\"name\" class=\"w-person-name\"><span>Dr Alvaro Farn\u00f3s<\/span><\/h4><div class=\"w-person-role\" itemprop=\"jobTitle\">Implantologist<\/div><\/div><\/div><div class=\"w-popup w-btn-wrapper align_center\"><button aria-label=\"More Information\" class=\"w-popup-trigger type_btn w-btn us-btn-style_1 icon_atleft\"><i class=\"fas fa-info\"><\/i><span class=\"w-btn-label\">More Information<\/span><\/button><div class=\"w-popup-overlay\" style=\"background:rgba(0,0,0,0.85);\"><\/div><div class=\"w-popup-wrap\" style=\"--title-color:var(--color-content-heading);--title-bg-color:var(--color-content-bg-alt);--content-color:var(--color-content-text);--content-bg-color:var(--color-content-bg)\"><div class=\"w-popup-box animation_fadeIn closerpos_outside without_title\" style=\"width:600px;\"><div class=\"w-popup-box-h\"><div class=\"w-popup-box-content\" style=\"padding:5%;\"><h2 style=\"text-align: center;\"><strong>Dr \u00c1lvaro Farn\u00f3s<\/strong><\/h2>\n<p style=\"text-align: justify;\">With Implantologist Dr. Alvaro Farn\u00f3s Visedo (Loma Linda University, California, USA) we have a distinguished specialist in our team, Professor of Implantology at the Rey Juan Carlos University in Madrid. Dr. Farn\u00f3s operates every week in our clinic.<\/p>\n<\/div><\/div><\/div><div class=\"w-popup-closer\"><\/div><\/div><\/div><\/div><\/div><div class=\"wpb_column vc_column_container\"><div class=\"vc_column-inner\"><div class=\"w-person layout_circle\" itemscope itemtype=\"https:\/\/schema.org\/Person\"><div class=\"w-person-image\"><img loading=\"lazy\" decoding=\"async\" width=\"1024\" height=\"1024\" src=\"https:\/\/dental-planet.eu\/wp-content\/uploads\/2023\/10\/machio-v1.png\" class=\"attachment-large size-large\" alt=\"\" srcset=\"https:\/\/dental-planet.eu\/wp-content\/uploads\/2023\/10\/machio-v1.png 1024w, https:\/\/dental-planet.eu\/wp-content\/uploads\/2023\/10\/machio-v1-300x300.png 300w, https:\/\/dental-planet.eu\/wp-content\/uploads\/2023\/10\/machio-v1-150x150.png 150w\" sizes=\"auto, (max-width: 1024px) 100vw, 1024px\" \/><div class=\"img_hover\" style=\"background-image:url(https:\/\/dental-planet.eu\/wp-content\/uploads\/2023\/10\/machio-v2.png)\"><\/div><\/div><div class=\"w-person-content\"><h4 itemprop=\"name\" class=\"w-person-name\"><span>Dr A.M. Machio<\/span><\/h4><div class=\"w-person-role\" itemprop=\"jobTitle\">Dentist<\/div><\/div><\/div><div class=\"w-popup w-btn-wrapper align_center\"><button aria-label=\"More Information\" class=\"w-popup-trigger type_btn w-btn us-btn-style_1 icon_atleft\"><i class=\"fas fa-info\"><\/i><span class=\"w-btn-label\">More Information<\/span><\/button><div class=\"w-popup-overlay\" style=\"background:rgba(0,0,0,0.85);\"><\/div><div class=\"w-popup-wrap\" style=\"--title-color:var(--color-content-heading);--title-bg-color:var(--color-content-bg-alt);--content-color:var(--color-content-text);--content-bg-color:var(--color-content-bg)\"><div class=\"w-popup-box animation_fadeIn closerpos_outside without_title\" style=\"width:600px;\"><div class=\"w-popup-box-h\"><div class=\"w-popup-box-content\" style=\"padding:5%;\"><h2 style=\"text-align: center;\"><strong>Dr A.M. Machio<\/strong><\/h2>\n<p style=\"text-align: justify;\">Degree in Medicine and Surgery from the University of Extremadura (1986).<br \/>\nSpecialist in Stomatology from the University of Seville (1991).<br \/>\nMaster in Dental Aesthetics and Veneers by the European Center of Orthodontics.<br \/>\nMaster in Occlusion and Prosthesis with Dr Ferrer (Valencia, 1997-1998).<br \/>\nHe has developed his work in Lisbon (exclusive dedication to Fixed Prosthesis) collaborating in the clinic of Dr. Raul Nobre (1992-2000).<br \/>\nAt CEOSA (European Center of Orthodontics) in the department of Conservative Dentistry and Adult Prosthetics from 1991-1996.<\/p>\n<\/div><\/div><\/div><div class=\"w-popup-closer\"><\/div><\/div><\/div><\/div><\/div><div class=\"wpb_column vc_column_container\"><div class=\"vc_column-inner\"><div class=\"w-person layout_circle\" itemscope itemtype=\"https:\/\/schema.org\/Person\"><div class=\"w-person-image\"><img loading=\"lazy\" decoding=\"async\" width=\"1024\" height=\"1024\" src=\"https:\/\/dental-planet.eu\/wp-content\/uploads\/2023\/10\/celso-v1.png\" class=\"attachment-large size-large\" alt=\"\" srcset=\"https:\/\/dental-planet.eu\/wp-content\/uploads\/2023\/10\/celso-v1.png 1024w, https:\/\/dental-planet.eu\/wp-content\/uploads\/2023\/10\/celso-v1-300x300.png 300w, https:\/\/dental-planet.eu\/wp-content\/uploads\/2023\/10\/celso-v1-150x150.png 150w\" sizes=\"auto, (max-width: 1024px) 100vw, 1024px\" \/><div class=\"img_hover\" style=\"background-image:url(https:\/\/dental-planet.eu\/wp-content\/uploads\/2023\/10\/celso-v2.png)\"><\/div><\/div><div class=\"w-person-content\"><h4 itemprop=\"name\" class=\"w-person-name\"><span>Dr Celso Carpintero<\/span><\/h4><div class=\"w-person-role\" itemprop=\"jobTitle\">Dentist<\/div><\/div><\/div><div class=\"w-popup w-btn-wrapper align_center\"><button aria-label=\"More Information\" class=\"w-popup-trigger type_btn w-btn us-btn-style_1 icon_atleft\"><i class=\"fas fa-info\"><\/i><span class=\"w-btn-label\">More Information<\/span><\/button><div class=\"w-popup-overlay\" style=\"background:rgba(0,0,0,0.85);\"><\/div><div class=\"w-popup-wrap\" style=\"--title-color:var(--color-content-heading);--title-bg-color:var(--color-content-bg-alt);--content-color:var(--color-content-text);--content-bg-color:var(--color-content-bg)\"><div class=\"w-popup-box animation_fadeIn closerpos_outside without_title\" style=\"width:600px;\"><div class=\"w-popup-box-h\"><div class=\"w-popup-box-content\" style=\"padding:5%;\"><h2 style=\"text-align: center;\"><strong>Dr Celso Carpintero<\/strong><\/h2>\n<p style=\"text-align: justify;\">Dentist Dr. Celso Carpintero studied at the European University of Madrid, where he graduated in dentistry in 2008. He then worked in England for 10 years and is therefore fluent in English. His specializations are in the areas of high quality dental prosthetics, dental esthetics and conservative dentistry (e.g. fillings, root canals, etc.). Our patients appreciate his empathy, sensitivity and patience, especially fearful patients and children.<\/p>\n<\/div><\/div><\/div><div class=\"w-popup-closer\"><\/div><\/div><\/div><\/div><\/div><div class=\"wpb_column vc_column_container\"><div class=\"vc_column-inner\"><div class=\"w-person layout_circle\" itemscope itemtype=\"https:\/\/schema.org\/Person\"><div class=\"w-person-image\"><img loading=\"lazy\" decoding=\"async\" width=\"1024\" height=\"1024\" src=\"https:\/\/dental-planet.eu\/wp-content\/uploads\/2023\/10\/klaus-v1.png\" class=\"attachment-large size-large\" alt=\"\" srcset=\"https:\/\/dental-planet.eu\/wp-content\/uploads\/2023\/10\/klaus-v1.png 1024w, https:\/\/dental-planet.eu\/wp-content\/uploads\/2023\/10\/klaus-v1-300x300.png 300w, https:\/\/dental-planet.eu\/wp-content\/uploads\/2023\/10\/klaus-v1-150x150.png 150w\" sizes=\"auto, (max-width: 1024px) 100vw, 1024px\" \/><div class=\"img_hover\" style=\"background-image:url(https:\/\/dental-planet.eu\/wp-content\/uploads\/2023\/10\/klaus-v2.png)\"><\/div><\/div><div class=\"w-person-content\"><h4 itemprop=\"name\" class=\"w-person-name\"><span>Klaus Reger<\/span><\/h4><div class=\"w-person-role\" itemprop=\"jobTitle\">Dental Technician<\/div><\/div><\/div><div class=\"w-popup w-btn-wrapper align_center\"><button aria-label=\"More Information\" class=\"w-popup-trigger type_btn w-btn us-btn-style_1 icon_atleft\"><i class=\"fas fa-info\"><\/i><span class=\"w-btn-label\">More Information<\/span><\/button><div class=\"w-popup-overlay\" style=\"background:rgba(0,0,0,0.85);\"><\/div><div class=\"w-popup-wrap\" style=\"--title-color:var(--color-content-heading);--title-bg-color:var(--color-content-bg-alt);--content-color:var(--color-content-text);--content-bg-color:var(--color-content-bg)\"><div class=\"w-popup-box animation_fadeIn closerpos_outside without_title\" style=\"width:600px;\"><div class=\"w-popup-box-h\"><div class=\"w-popup-box-content\" style=\"padding:5%;\"><h2 style=\"text-align: center;\"><strong>Klaus Reger<\/strong><\/h2>\n<p style=\"text-align: justify;\">Our Dental Laboratory, under the direction of master dental technician Sr. Klaus Reger, is invaluable to us. Only the perfect harmony in the clinic between the prosthodontist, the implantologist and the prosthetist guarantees the success of the work.<br \/>\nWhen specialists work together, the excellence of the result is guaranteed!<\/p>\n<\/div><\/div><\/div><div class=\"w-popup-closer\"><\/div><\/div><\/div><\/div><\/div><\/div><\/div><\/div><\/div><\/div><\/section><section class=\"l-section wpb_row us_custom_b03640aa height_medium width_custom\" style=\"--site-content-width:1340px;\"><div class=\"l-section-h i-cf\"><div class=\"g-cols vc_row via_grid cols_1 laptops-cols_inherit tablets-cols_inherit mobiles-cols_1 valign_top type_default stacking_default\"><div class=\"wpb_column vc_column_container\"><div class=\"vc_column-inner\"><div class=\"g-cols wpb_row via_grid cols_1 laptops-cols_inherit tablets-cols_inherit mobiles-cols_1 valign_top type_default stacking_default\"><div class=\"wpb_column vc_column_container\"><div class=\"vc_column-inner\">[vc_custom_heading text=&#8221;Prophylaxis Equipment &#8211; Oral Hygiene&#8221; font_container=&#8221;tag:h2|text_align:center&#8221; use_theme_fonts=&#8221;yes&#8221;]<div class=\"wpb_text_column\"><div class=\"wpb_wrapper\"><p style=\"text-align: justify;\">Our assistants Anja Wagner and Rosa Monle\u00f3n, dental hygienist, are in charge of prophylaxis and periodontal treatment. They are the good fairies of our clinic and do everything they can to help you keep your teeth healthy. They are happy to show you how to clean your teeth properly and motivate you to do so.<\/p>\n<\/div><\/div><div class=\"w-separator size_custom\" style=\"height:50px\"><\/div><\/div><\/div><\/div><div class=\"g-cols wpb_row via_grid cols_4 laptops-cols_inherit tablets-cols_inherit mobiles-cols_1 valign_top type_default stacking_default\"><div class=\"wpb_column vc_column_container\"><div class=\"vc_column-inner\"><\/div><\/div><div class=\"wpb_column vc_column_container\"><div class=\"vc_column-inner\"><div class=\"w-person layout_circle\" itemscope itemtype=\"https:\/\/schema.org\/Person\"><div class=\"w-person-image\"><img loading=\"lazy\" decoding=\"async\" width=\"1024\" height=\"1024\" src=\"https:\/\/dental-planet.eu\/wp-content\/uploads\/2023\/10\/anja-v1.png\" class=\"attachment-large size-large\" alt=\"\" srcset=\"https:\/\/dental-planet.eu\/wp-content\/uploads\/2023\/10\/anja-v1.png 1024w, https:\/\/dental-planet.eu\/wp-content\/uploads\/2023\/10\/anja-v1-300x300.png 300w, https:\/\/dental-planet.eu\/wp-content\/uploads\/2023\/10\/anja-v1-150x150.png 150w\" sizes=\"auto, (max-width: 1024px) 100vw, 1024px\" \/><div class=\"img_hover\" style=\"background-image:url(https:\/\/dental-planet.eu\/wp-content\/uploads\/2023\/10\/anja-v2.png)\"><\/div><\/div><div class=\"w-person-content\"><h4 itemprop=\"name\" class=\"w-person-name\"><span>Anja Wagner<\/span><\/h4><div class=\"w-person-role\" itemprop=\"jobTitle\">Dental Hygienist<\/div><\/div><\/div><div class=\"w-popup w-btn-wrapper align_center\"><button aria-label=\"More Information\" class=\"w-popup-trigger type_btn w-btn us-btn-style_1 icon_atleft\"><i class=\"fas fa-info\"><\/i><span class=\"w-btn-label\">More Information<\/span><\/button><div class=\"w-popup-overlay\" style=\"background:rgba(0,0,0,0.85);\"><\/div><div class=\"w-popup-wrap\" style=\"--title-color:var(--color-content-heading);--title-bg-color:var(--color-content-bg-alt);--content-color:var(--color-content-text);--content-bg-color:var(--color-content-bg)\"><div class=\"w-popup-box animation_fadeIn closerpos_outside without_title\" style=\"width:600px;\"><div class=\"w-popup-box-h\"><div class=\"w-popup-box-content\" style=\"padding:5%;\"><h2 style=\"text-align: center;\"><strong>Anja Wagner<\/strong><\/h2>\n<p style=\"text-align: justify;\"><strong>Anja Wagner<\/strong>, Dental Hygiene Assistant <strong><br \/>\n  <a href=\"https:\/\/www.dental-planet.eu\/higiene-dental-torrevieja-higienista-bucodental-espana-profilaxis-dental-limpieza-de-dientes-encia-remover-sarro-placa-dental-cuidados-dentales-air-flow-dentista-aleman-que-habla-espanol-rojales-alicante-\/\">dental hygiene<\/a><br \/>\n<\/strong> in our Dental planet dentistry in Spain, Rojales.<\/p>\n<\/div><\/div><\/div><div class=\"w-popup-closer\"><\/div><\/div><\/div><\/div><\/div><div class=\"wpb_column vc_column_container\"><div class=\"vc_column-inner\"><div class=\"w-person layout_circle\" itemscope itemtype=\"https:\/\/schema.org\/Person\"><div class=\"w-person-image\"><img loading=\"lazy\" decoding=\"async\" width=\"1024\" height=\"1024\" src=\"https:\/\/dental-planet.eu\/wp-content\/uploads\/2023\/10\/rosa-monleon.png\" class=\"attachment-large size-large\" alt=\"\" srcset=\"https:\/\/dental-planet.eu\/wp-content\/uploads\/2023\/10\/rosa-monleon.png 1024w, https:\/\/dental-planet.eu\/wp-content\/uploads\/2023\/10\/rosa-monleon-300x300.png 300w, https:\/\/dental-planet.eu\/wp-content\/uploads\/2023\/10\/rosa-monleon-150x150.png 150w\" sizes=\"auto, (max-width: 1024px) 100vw, 1024px\" \/><div class=\"img_hover\" style=\"background-image:url(https:\/\/dental-planet.eu\/wp-content\/uploads\/2023\/10\/rosa-monleon-v2.png)\"><\/div><\/div><div class=\"w-person-content\"><h4 itemprop=\"name\" class=\"w-person-name\"><span>Rosa Monle\u00f3n<\/span><\/h4><div class=\"w-person-role\" itemprop=\"jobTitle\">Dental Hygienist<\/div><\/div><\/div><div class=\"w-popup w-btn-wrapper align_center\"><button aria-label=\"More Information\" class=\"w-popup-trigger type_btn w-btn us-btn-style_1 icon_atleft\"><i class=\"fas fa-info\"><\/i><span class=\"w-btn-label\">More Information<\/span><\/button><div class=\"w-popup-overlay\" style=\"background:rgba(0,0,0,0.85);\"><\/div><div class=\"w-popup-wrap\" style=\"--title-color:var(--color-content-heading);--title-bg-color:var(--color-content-bg-alt);--content-color:var(--color-content-text);--content-bg-color:var(--color-content-bg)\"><div class=\"w-popup-box animation_fadeIn closerpos_outside without_title\" style=\"width:600px;\"><div class=\"w-popup-box-h\"><div class=\"w-popup-box-content\" style=\"padding:5%;\"><h2 style=\"text-align: center;\"><strong>Rosa Monle\u00f3n<\/strong><\/h2>\n<p style=\"text-align: justify;\">Rosa Monle\u00f3n is a qualified oral hygienist, teacher for dental assistant training at the Alicante Albali Academy &#8211; she is a dental hygienist who works in a very careful and delicate way. She is specially trained in dental hygiene <strong><br \/>\n  <a href=\"https:\/\/www.dental-planet.eu\/higiene-dental-torrevieja-higienista-bucodental-espana-profilaxis-dental-limpieza-de-dientes-encia-remover-sarro-placa-dental-cuidados-dentales-air-flow-dentista-aleman-que-habla-espanol-rojales-alicante-\/\">dental hygiene<\/a><br \/>\n<\/strong> of patients with fear of the dentist, children, handicapped and patients with respiratory distress.<\/p>\n<\/div><\/div><\/div><div class=\"w-popup-closer\"><\/div><\/div><\/div><\/div><\/div><div class=\"wpb_column vc_column_container\"><div class=\"vc_column-inner\"><\/div><\/div><\/div><\/div><\/div><\/div><\/div><\/section><section class=\"l-section wpb_row us_custom_8d45c27c height_medium\"><div class=\"l-section-h i-cf\"><div class=\"g-cols vc_row via_grid cols_1 laptops-cols_inherit tablets-cols_inherit mobiles-cols_1 valign_top type_default stacking_default\"><div class=\"wpb_column vc_column_container\"><div class=\"vc_column-inner\">[vc_custom_heading text=&#8221;Reception&#8221; font_container=&#8221;tag:h2|text_align:center&#8221; use_theme_fonts=&#8221;yes&#8221;]<div class=\"g-cols wpb_row via_grid cols_3 laptops-cols_inherit tablets-cols_inherit mobiles-cols_1 valign_top type_default stacking_default\"><div class=\"wpb_column vc_column_container\"><div class=\"vc_column-inner\"><\/div><\/div><div class=\"wpb_column vc_column_container\"><div class=\"vc_column-inner\"><div class=\"w-person layout_circle\" itemscope itemtype=\"https:\/\/schema.org\/Person\"><div class=\"w-person-image\"><img loading=\"lazy\" decoding=\"async\" width=\"1024\" height=\"1024\" src=\"https:\/\/dental-planet.eu\/wp-content\/uploads\/2023\/10\/maria.png\" class=\"attachment-large size-large\" alt=\"\" srcset=\"https:\/\/dental-planet.eu\/wp-content\/uploads\/2023\/10\/maria.png 1024w, https:\/\/dental-planet.eu\/wp-content\/uploads\/2023\/10\/maria-300x300.png 300w, https:\/\/dental-planet.eu\/wp-content\/uploads\/2023\/10\/maria-150x150.png 150w\" sizes=\"auto, (max-width: 1024px) 100vw, 1024px\" \/><div class=\"img_hover\" style=\"background-image:url(https:\/\/dental-planet.eu\/wp-content\/uploads\/2023\/10\/maria-v2.png)\"><\/div><\/div><div class=\"w-person-content\"><h4 itemprop=\"name\" class=\"w-person-name\"><span>Maria Braeuer<\/span><\/h4><div class=\"w-person-role\" itemprop=\"jobTitle\">Reception<\/div><\/div><\/div><div class=\"w-popup w-btn-wrapper align_center\"><button aria-label=\"More Information\" class=\"w-popup-trigger type_btn w-btn us-btn-style_1 icon_atleft\"><i class=\"fas fa-info\"><\/i><span class=\"w-btn-label\">More Information<\/span><\/button><div class=\"w-popup-overlay\" style=\"background:rgba(0,0,0,0.85);\"><\/div><div class=\"w-popup-wrap\" style=\"--title-color:var(--color-content-heading);--title-bg-color:var(--color-content-bg-alt);--content-color:var(--color-content-text);--content-bg-color:var(--color-content-bg)\"><div class=\"w-popup-box animation_fadeIn closerpos_outside without_title\" style=\"width:600px;\"><div class=\"w-popup-box-h\"><div class=\"w-popup-box-content\" style=\"padding:5%;\"><h2 style=\"text-align: center;\"><strong>Maria Braeuer<\/strong><\/h2>\n<p style=\"text-align: justify;\">Mrs. <strong>Maria Braeuer<\/strong> will welcome you at the Dental Planet Reception.<br \/>\nShe is in charge of coordinating the patients, welcoming them and opening a medical file for them when they come for the first time, giving them their appointment plan for the work to be carried out, keeping in contact by phone or email, solving their small doubts and organizational problems. He will gladly assist you in Spanish, and our patients visiting us from other parts of Europe in German, English, French or Italian.<\/p>\n<\/div><\/div><\/div><div class=\"w-popup-closer\"><\/div><\/div><\/div><\/div><\/div><div class=\"wpb_column vc_column_container\"><div class=\"vc_column-inner\"><\/div><\/div><\/div><\/div><\/div><\/div><\/div><\/section>\n","protected":false},"excerpt":{"rendered":"[vc_custom_heading text=\"A TEAM OF SPECIALISTS AT YOUR SERVICE\" font_container=\"tag:h2|text_align:center\" use_theme_fonts=\"yes\"]Implants are artificial tooth roots. It is almost as if the missing teeth are growing back into our mouths. The insertion of implants should always be carried out by an implantologist specialized in this field of dentistry. Dr Alvaro Farn\u00f3sImplantologistMore InformationDr \u00c1lvaro Farn\u00f3s With Implantologist Dr....","protected":false},"author":1,"featured_media":0,"parent":448,"menu_order":0,"comment_status":"closed","ping_status":"closed","template":"","meta":{"footnotes":""},"class_list":["post-295","page","type-page","status-publish","hentry"],"_links":{"self":[{"href":"https:\/\/dental-planet.eu\/en\/wp-json\/wp\/v2\/pages\/295","targetHints":{"allow":["GET"]}}],"collection":[{"href":"https:\/\/dental-planet.eu\/en\/wp-json\/wp\/v2\/pages"}],"about":[{"href":"https:\/\/dental-planet.eu\/en\/wp-json\/wp\/v2\/types\/page"}],"author":[{"embeddable":true,"href":"https:\/\/dental-planet.eu\/en\/wp-json\/wp\/v2\/users\/1"}],"replies":[{"embeddable":true,"href":"https:\/\/dental-planet.eu\/en\/wp-json\/wp\/v2\/comments?post=295"}],"version-history":[{"count":22,"href":"https:\/\/dental-planet.eu\/en\/wp-json\/wp\/v2\/pages\/295\/revisions"}],"predecessor-version":[{"id":2830,"href":"https:\/\/dental-planet.eu\/en\/wp-json\/wp\/v2\/pages\/295\/revisions\/2830"}],"up":[{"embeddable":true,"href":"https:\/\/dental-planet.eu\/en\/wp-json\/wp\/v2\/pages\/448"}],"wp:attachment":[{"href":"https:\/\/dental-planet.eu\/en\/wp-json\/wp\/v2\/media?parent=295"}],"curies":[{"name":"wp","href":"https:\/\/api.w.org\/{rel}","templated":true}]}}