{"id":576,"date":"2023-09-21T11:19:18","date_gmt":"2023-09-21T09:19:18","guid":{"rendered":"https:\/\/ecstatic-roentgen.31-24-155-213.plesk.page\/unsere-klinik\/preise\/"},"modified":"2023-11-06T16:49:04","modified_gmt":"2023-11-06T15:49:04","slug":"preise","status":"publish","type":"page","link":"https:\/\/dental-planet.eu\/de\/zahnarzt-spanien-bilder-zahnarztpraxis-rojales-behandlungszimmer-praxis-ausstattung\/preise\/","title":{"rendered":"Preise"},"content":{"rendered":"<section class=\"l-section wpb_row us_custom_e11ab399 height_medium\"><div class=\"l-section-h i-cf\"><div class=\"g-cols vc_row via_grid cols_1 laptops-cols_inherit tablets-cols_inherit mobiles-cols_1 valign_top type_default stacking_default\"><div class=\"wpb_column vc_column_container\"><div class=\"vc_column-inner\">[vc_custom_heading source=&#8220;post_title&#8220; font_container=&#8220;tag:h2|text_align:center&#8220; use_theme_fonts=&#8220;yes&#8220;]<div class=\"g-cols wpb_row via_grid cols_2 laptops-cols_inherit tablets-cols_inherit mobiles-cols_1 valign_top type_default stacking_default\"><div class=\"wpb_column vc_column_container\"><div class=\"vc_column-inner\"><div class=\"w-image align_center\"><div url class=\"w-image-h\"><img loading=\"lazy\" decoding=\"async\" width=\"1458\" height=\"973\" src=\"https:\/\/dental-planet.eu\/wp-content\/uploads\/2023\/09\/cortinas-opacas-modelo-dental-con-billetes-de-euro.jpg.jpg\" class=\"attachment-full size-full\" alt=\"\" srcset=\"https:\/\/dental-planet.eu\/wp-content\/uploads\/2023\/09\/cortinas-opacas-modelo-dental-con-billetes-de-euro.jpg.jpg 1458w, https:\/\/dental-planet.eu\/wp-content\/uploads\/2023\/09\/cortinas-opacas-modelo-dental-con-billetes-de-euro.jpg-300x200.jpg 300w, https:\/\/dental-planet.eu\/wp-content\/uploads\/2023\/09\/cortinas-opacas-modelo-dental-con-billetes-de-euro.jpg-1024x683.jpg 1024w\" sizes=\"auto, (max-width: 1458px) 100vw, 1458px\" \/><\/div><\/div><\/div><\/div><div class=\"wpb_column vc_column_container\"><div class=\"vc_column-inner\"><div class=\"wpb_text_column\"><div class=\"wpb_wrapper\"><p style=\"text-align: justify;\">Die Rezeption verlangt in der Regel eine Preisliste. Aus diesem Grund haben wir eine allgemeine Liste mit den wichtigsten Dienstleistungen als Leitfaden erstellt. Es ist uns wichtig, dass Sie die bestm\u00f6glich informierte Entscheidung \u00fcber Ihre Z\u00e4hne treffen. Je nachdem, worauf Sie Wert legen, ob es um wirtschaftliche Versorgung, Komfort, Langlebigkeit, \u00c4sthetik, minimalinvasive Eingriffe oder Zahnerhaltung geht, bietet die heutige Zahnmedizin viele M\u00f6glichkeiten, um Ihre pers\u00f6nlichen Bed\u00fcrfnisse zu erf\u00fcllen. In einem Beratungsgespr\u00e4ch erl\u00e4utern wir Ihnen gerne die Vor- und Nachteile der einzelnen L\u00f6sungen. Dann werden Sie Ihre Entscheidung mit guter Beratung treffen.<\/p>\n<\/div><\/div><\/div><\/div><\/div><div class=\"wpb_text_column\"><div class=\"wpb_wrapper\"><p style=\"text-align: justify;\">Wir k\u00f6nnen erschwingliche und qualitativ hochwertige Kronen anfertigen. Sie k\u00f6nnen zum Beispiel 290 \u20ac f\u00fcr eine Krone oder 590 \u20ac bezahlen. Dies bedeutet jedoch nicht, dass die h\u00f6herwertige Version zu teuer ist. Es ist eher eine Frage der &#8222;Ausstattung&#8220;. Auch ein Ford Fiesta kostet nicht dasselbe wie eine Mercedes S-Klasse. Diese Unterschiede gibt es in der Zahnmedizin genauso wie bei Autos. Leider ist es in der Zahnmedizin nicht m\u00f6glich, das &#8222;Kauen&#8220; zu beweisen. Die Unterschiede lassen sich jedoch in einem Beratungsgespr\u00e4ch sehr gut erl\u00e4utern. Eines sollten Sie sich immer vor Augen halten: Jeder kann f\u00fcr wenig Geld arbeiten (auch wir). Aber k\u00f6nnen sie alle qualitativ hochwertige Arbeit leisten? Die S-Klasse in den Mund nehmen zu einem fairen Preis: das ist Dental Planet.<\/p>\n<p style=\"text-align: justify;\">Beispiele f\u00fcr unsere Preise<br \/>\nWir bieten Ihnen eine kosteng\u00fcnstige Erstberatung f\u00fcr nur 70 \u20ac (einschlie\u00dflich eines digitalen Panoramabildes).<\/p>\n<p style=\"text-align: justify;\">Zahnimplantat : 1.650\u20ac &#8211; dieser Preis beinhaltet eine Vollkeramikkrone<br \/>\nZirkoniumdioxid-Krone ab 490 \u20ac.<br \/>\n\u00c4sthetisches Zirkoniumdioxid (f\u00fcr Frontz\u00e4hne): 590\u20ac.<\/p>\n<p style=\"text-align: justify;\">Informationen f\u00fcr Patienten, die in Deutschland leben:<br \/>\nF\u00fcr deutsche Patienten wird der Kostenvoranschlag und die Rechnung nach der GOZ erstellt. Die Erstattung der Kosten ist die gleiche wie in Deutschland.<\/p>\n<p style=\"text-align: justify;\">Wie sollte ich vor der Reise vorgehen?<br \/>\nLassen Sie sich in Deutschland einen Heil- und Kostenplan erstellen.<br \/>\nBeantragen Sie einen Krankenversicherungszuschuss.<br \/>\nFragen Sie nach unseren Preisen (per E-Mail oder Fax).<br \/>\nSenden Sie ein Musterformular f\u00fcr die Krankenversicherung an unsere Praxis und f\u00fcllen Sie es aus.<br \/>\nSenden Sie den Kostenvoranschlag zur \u00dcberpr\u00fcfung an die Krankenkasse.<br \/>\nReisebuch.<br \/>\nBezahlen Sie f\u00fcr sich selbst auf der Website.<br \/>\nLassen Sie sich den Zuschuss von der Krankenkasse in Deutschland zusammen mit der Rechnung erstatten (abz\u00fcglich der 12-prozentigen, maximalen Verwaltungsgeb\u00fchr von 55 Euro).<\/p>\n<p style=\"text-align: justify;\">Garantie auf Zahnersatz<br \/>\n4 Jahre Garantie auf Kronen und Br\u00fccken<br \/>\n4 Jahre Garantie f\u00fcr herausnehmbare Prothesen<\/p>\n<p style=\"text-align: justify;\">Wie bereits erw\u00e4hnt, k\u00f6nnen wir nur nach einer ausf\u00fchrlichen Beratung oder Untersuchung einen g\u00fcltigen Kostenvoranschlag erstellen.<br \/>\nWenn Sie weitere Fragen zu unseren Preisen oder Kosten haben, hilft Ihnen unsere Rezeptionistin gerne weiter.<\/p>\n<\/div><\/div><\/div><\/div><\/div><\/div><\/section>\n","protected":false},"excerpt":{"rendered":"[vc_custom_heading source=\"post_title\" font_container=\"tag:h2|text_align:center\" use_theme_fonts=\"yes\"]Die Rezeption verlangt in der Regel eine Preisliste. Aus diesem Grund haben wir eine allgemeine Liste mit den wichtigsten Dienstleistungen als Leitfaden erstellt. Es ist uns wichtig, dass Sie die bestm\u00f6glich informierte Entscheidung \u00fcber Ihre Z\u00e4hne treffen. Je nachdem, worauf Sie Wert legen, ob es um wirtschaftliche Versorgung, Komfort, Langlebigkeit, \u00c4sthetik, minimalinvasive...","protected":false},"author":1,"featured_media":0,"parent":456,"menu_order":0,"comment_status":"closed","ping_status":"closed","template":"","meta":{"footnotes":""},"class_list":["post-576","page","type-page","status-publish","hentry"],"_links":{"self":[{"href":"https:\/\/dental-planet.eu\/de\/wp-json\/wp\/v2\/pages\/576","targetHints":{"allow":["GET"]}}],"collection":[{"href":"https:\/\/dental-planet.eu\/de\/wp-json\/wp\/v2\/pages"}],"about":[{"href":"https:\/\/dental-planet.eu\/de\/wp-json\/wp\/v2\/types\/page"}],"author":[{"embeddable":true,"href":"https:\/\/dental-planet.eu\/de\/wp-json\/wp\/v2\/users\/1"}],"replies":[{"embeddable":true,"href":"https:\/\/dental-planet.eu\/de\/wp-json\/wp\/v2\/comments?post=576"}],"version-history":[{"count":12,"href":"https:\/\/dental-planet.eu\/de\/wp-json\/wp\/v2\/pages\/576\/revisions"}],"predecessor-version":[{"id":2463,"href":"https:\/\/dental-planet.eu\/de\/wp-json\/wp\/v2\/pages\/576\/revisions\/2463"}],"up":[{"embeddable":true,"href":"https:\/\/dental-planet.eu\/de\/wp-json\/wp\/v2\/pages\/456"}],"wp:attachment":[{"href":"https:\/\/dental-planet.eu\/de\/wp-json\/wp\/v2\/media?parent=576"}],"curies":[{"name":"wp","href":"https:\/\/api.w.org\/{rel}","templated":true}]}}