{"id":564,"date":"2023-09-27T13:42:54","date_gmt":"2023-09-27T11:42:54","guid":{"rendered":"https:\/\/ecstatic-roentgen.31-24-155-213.plesk.page\/unsere-klinik\/vor-ihrem-besuch\/"},"modified":"2023-09-28T09:51:34","modified_gmt":"2023-09-28T07:51:34","slug":"vor-ihrem-besuch","status":"publish","type":"page","link":"https:\/\/dental-planet.eu\/de\/zahnarzt-spanien-bilder-zahnarztpraxis-rojales-behandlungszimmer-praxis-ausstattung\/vor-ihrem-besuch\/","title":{"rendered":"Vor Ihrem Besuch"},"content":{"rendered":"<section class=\"l-section wpb_row us_custom_e11ab399 height_medium\"><div class=\"l-section-h i-cf\"><div class=\"g-cols vc_row via_grid cols_1 laptops-cols_inherit tablets-cols_inherit mobiles-cols_1 valign_top type_default stacking_default\"><div class=\"wpb_column vc_column_container\"><div class=\"vc_column-inner\">[vc_custom_heading source=&#8220;post_title&#8220; font_container=&#8220;tag:h2|text_align:center&#8220; use_theme_fonts=&#8220;yes&#8220;]<div class=\"g-cols wpb_row via_grid cols_2 laptops-cols_inherit tablets-cols_inherit mobiles-cols_1 valign_top type_default stacking_default\"><div class=\"wpb_column vc_column_container\"><div class=\"vc_column-inner\"><div class=\"w-image align_center\"><div url class=\"w-image-h\"><img loading=\"lazy\" decoding=\"async\" width=\"1960\" height=\"1470\" src=\"https:\/\/dental-planet.eu\/wp-content\/uploads\/2023\/09\/4U7TVZYF4CV35LVRFXXAGTPUTA.jpg\" class=\"attachment-full size-full\" alt=\"\" srcset=\"https:\/\/dental-planet.eu\/wp-content\/uploads\/2023\/09\/4U7TVZYF4CV35LVRFXXAGTPUTA.jpg 1960w, https:\/\/dental-planet.eu\/wp-content\/uploads\/2023\/09\/4U7TVZYF4CV35LVRFXXAGTPUTA-300x225.jpg 300w, https:\/\/dental-planet.eu\/wp-content\/uploads\/2023\/09\/4U7TVZYF4CV35LVRFXXAGTPUTA-1024x768.jpg 1024w\" sizes=\"auto, (max-width: 1960px) 100vw, 1960px\" \/><\/div><\/div><\/div><\/div><div class=\"wpb_column vc_column_container\"><div class=\"vc_column-inner\"><div class=\"wpb_text_column\"><div class=\"wpb_wrapper\"><p style=\"text-align: justify;\"><strong>Sobald Sie einen Termin in unserer Zahnklinik Dental Planet in Rojales, Spanien, vereinbart haben, werden wir uns gr\u00fcndlich auf Ihren Besuch vorbereiten.<\/strong><br \/>\nHier finden Sie <strong>n\u00fctzliche Informationen<\/strong>, die f\u00fcr Sie von Interesse sein k\u00f6nnten, bevor Sie uns besuchen.<\/p>\n<h2 style=\"text-align: justify;\">Patienten mit Angst vor dem Zahnarzt<\/h2>\n<p style=\"text-align: justify;\">Wenn Sie sich selbst als sogenannten <strong>Angstpatienten<\/strong> bezeichnen, bitten wir Sie, uns dies bei der Terminvereinbarung mitzuteilen, damit wir uns entsprechend vorbereiten k\u00f6nnen. \ud83d\ude42<\/p>\n<\/div><\/div><\/div><\/div><\/div><div class=\"w-separator size_custom\" style=\"height:15px\"><\/div><div class=\"wpb_text_column\"><div class=\"wpb_wrapper\"><h2 style=\"text-align: justify;\">Rechnungsstellung &#8211; Kosten<\/h2>\n<p style=\"text-align: justify;\">Wir arbeiten nicht mit einem Abrechnungszentrum wie viele andere Zahnarztpraxen. Die Abrechnung erfolgt direkt in unserer Praxis durch unsere Abrechnungsassistentin.<\/p>\n<p style=\"text-align: justify;\">F\u00fcr <strong>deutsche Patienten rechnen wir nach der GOZ<\/strong> (Geb\u00fchrenordnung f\u00fcr Zahn\u00e4rzte) <strong>ab<\/strong>. Die Erstattung der Kosten ist die gleiche wie in Deutschland.<\/p>\n<h2 style=\"text-align: justify;\">Anmeldeformular &#8211; Formalit\u00e4ten<\/h2>\n<p style=\"text-align: justify;\">Da uns Ihre Zahngesundheit sehr wichtig ist, bitten wir Sie, <strong>das <\/strong><strong>Anmeldeformular<\/strong> vor der Behandlung<strong>vollst\u00e4ndig<\/strong> <strong>auszuf\u00fcllen <\/strong>. Da das Ausf\u00fcllen des Formulars bis zu 15 Minuten dauern kann, <strong>bitten wir Sie, 15 Minuten VOR Ihrem Termin zu erscheinen<\/strong>, damit Sie gen\u00fcgend Zeit haben, die Formalit\u00e4ten zu erledigen.<\/p>\n<\/div><\/div><div class=\"w-separator size_custom\" style=\"height:15px\"><\/div><div class=\"g-cols wpb_row via_grid cols_2 laptops-cols_inherit tablets-cols_inherit mobiles-cols_1 valign_top type_default stacking_default\"><div class=\"wpb_column vc_column_container\"><div class=\"vc_column-inner\"><div class=\"wpb_text_column\"><div class=\"wpb_wrapper\"><h2 style=\"text-align: justify;\">Stornierung eines Termins<\/h2>\n<p style=\"text-align: justify;\">In unserer Zahnklinik Dental Planet sind wir stets bem\u00fcht, unn\u00f6tige Wartezeiten zu vermeiden und Sie p\u00fcnktlich zum vereinbarten Termin zu behandeln. Wir halten f\u00fcr Sie als Patient nach Terminabsprache gen\u00fcgend Zeit frei und stellen die notwendigen R\u00e4ume, Ger\u00e4te und Mitarbeiter f\u00fcr Sie bereit.  <strong>Bitte informieren Sie uns so schnell wie m\u00f6glich, wenn Sie einen Termin nicht einhalten k\u00f6nnen, mindestens jedoch 48 Stunden vor dem vereinbarten Termin.<\/strong><br \/>\nDies gibt uns die M\u00f6glichkeit, Absagen zu vermeiden und Ihren Termin kurzfristig an wartende Patienten zu verlegen.<\/p>\n<h2 style=\"text-align: justify;\">Unsere Preise<\/h2>\n<p style=\"text-align: justify;\">Viele Patienten finden es interessant, unsere Preise im Voraus zu \u00fcberpr\u00fcfen. Da jeder Fall individuell ist und wir keine allgemeinen Informationen geben wollen, bitten wir Sie, sich bei Fragen direkt an unsere Rezeption zu wenden.<br \/>\nAllgemeine Preisrichtlinien finden Sie jedoch hier: <strong><br \/>\n  <a title=\"Dental Planet Zahnklinik Preise in Spanien.\" href=\"https:\/\/ecstatic-roentgen.31-24-155-213.plesk.page\/de\/unsere-klinik\/preise\/\">Dental Planet Preise<\/a><br \/>\n<\/strong><\/p>\n<p style=\"text-align: justify;\">Wenn Sie Fragen haben, z\u00f6gern Sie bitte nicht, uns anzurufen oder sich direkt an die Rezeption zu wenden, die Ihnen gerne mit Rat und Tat zur Seite steht.<\/p>\n<\/div><\/div><\/div><\/div><div class=\"wpb_column vc_column_container\"><div class=\"vc_column-inner\"><div class=\"w-image align_center\"><div url class=\"w-image-h\"><img loading=\"lazy\" decoding=\"async\" width=\"900\" height=\"600\" src=\"https:\/\/dental-planet.eu\/wp-content\/uploads\/2023\/09\/Visitar-al-dentista-en-valencia-Carla-Moreono.png\" class=\"attachment-full size-full\" alt=\"\" srcset=\"https:\/\/dental-planet.eu\/wp-content\/uploads\/2023\/09\/Visitar-al-dentista-en-valencia-Carla-Moreono.png 900w, https:\/\/dental-planet.eu\/wp-content\/uploads\/2023\/09\/Visitar-al-dentista-en-valencia-Carla-Moreono-300x200.png 300w\" sizes=\"auto, (max-width: 900px) 100vw, 900px\" \/><\/div><\/div><\/div><\/div><\/div><\/div><\/div><\/div><\/div><\/section>\n","protected":false},"excerpt":{"rendered":"[vc_custom_heading source=\"post_title\" font_container=\"tag:h2|text_align:center\" use_theme_fonts=\"yes\"]Sobald Sie einen Termin in unserer Zahnklinik Dental Planet in Rojales, Spanien, vereinbart haben, werden wir uns gr\u00fcndlich auf Ihren Besuch vorbereiten. Hier finden Sie n\u00fctzliche Informationen, die f\u00fcr Sie von Interesse sein k\u00f6nnten, bevor Sie uns besuchen. Patienten mit Angst vor dem Zahnarzt Wenn Sie sich selbst als sogenannten Angstpatienten bezeichnen,...","protected":false},"author":1,"featured_media":0,"parent":456,"menu_order":0,"comment_status":"closed","ping_status":"closed","template":"","meta":{"footnotes":""},"class_list":["post-564","page","type-page","status-publish","hentry"],"_links":{"self":[{"href":"https:\/\/dental-planet.eu\/de\/wp-json\/wp\/v2\/pages\/564","targetHints":{"allow":["GET"]}}],"collection":[{"href":"https:\/\/dental-planet.eu\/de\/wp-json\/wp\/v2\/pages"}],"about":[{"href":"https:\/\/dental-planet.eu\/de\/wp-json\/wp\/v2\/types\/page"}],"author":[{"embeddable":true,"href":"https:\/\/dental-planet.eu\/de\/wp-json\/wp\/v2\/users\/1"}],"replies":[{"embeddable":true,"href":"https:\/\/dental-planet.eu\/de\/wp-json\/wp\/v2\/comments?post=564"}],"version-history":[{"count":10,"href":"https:\/\/dental-planet.eu\/de\/wp-json\/wp\/v2\/pages\/564\/revisions"}],"predecessor-version":[{"id":1110,"href":"https:\/\/dental-planet.eu\/de\/wp-json\/wp\/v2\/pages\/564\/revisions\/1110"}],"up":[{"embeddable":true,"href":"https:\/\/dental-planet.eu\/de\/wp-json\/wp\/v2\/pages\/456"}],"wp:attachment":[{"href":"https:\/\/dental-planet.eu\/de\/wp-json\/wp\/v2\/media?parent=564"}],"curies":[{"name":"wp","href":"https:\/\/api.w.org\/{rel}","templated":true}]}}