{"id":456,"date":"2023-09-21T11:18:21","date_gmt":"2023-09-21T09:18:21","guid":{"rendered":"https:\/\/ecstatic-roentgen.31-24-155-213.plesk.page\/unsere-klinik\/"},"modified":"2023-11-06T16:49:04","modified_gmt":"2023-11-06T15:49:04","slug":"zahnarzt-spanien-bilder-zahnarztpraxis-rojales-behandlungszimmer-praxis-ausstattung","status":"publish","type":"page","link":"https:\/\/dental-planet.eu\/de\/zahnarzt-spanien-bilder-zahnarztpraxis-rojales-behandlungszimmer-praxis-ausstattung\/","title":{"rendered":"Unsere Klinik"},"content":{"rendered":"<section class=\"l-section wpb_row height_medium\"><div class=\"l-section-h i-cf\"><div class=\"g-cols vc_row via_grid cols_1 laptops-cols_inherit tablets-cols_inherit mobiles-cols_1 valign_top type_default stacking_default\"><div class=\"wpb_column vc_column_container\"><div class=\"vc_column-inner\"><div class=\"g-cols wpb_row via_grid cols_2 laptops-cols_inherit tablets-cols_inherit mobiles-cols_1 valign_top type_default stacking_default\"><div class=\"wpb_column vc_column_container\"><div class=\"vc_column-inner\"><div class=\"w-image style_shadow-1 align_center\"><div url class=\"w-image-h\"><img loading=\"lazy\" decoding=\"async\" width=\"1024\" height=\"768\" src=\"https:\/\/dental-planet.eu\/wp-content\/uploads\/2023\/09\/Eingang-Zahnarztpraxis-neu1-1024x768.jpg\" class=\"attachment-large size-large\" alt=\"\" srcset=\"https:\/\/dental-planet.eu\/wp-content\/uploads\/2023\/09\/Eingang-Zahnarztpraxis-neu1-1024x768.jpg 1024w, https:\/\/dental-planet.eu\/wp-content\/uploads\/2023\/09\/Eingang-Zahnarztpraxis-neu1-300x225.jpg 300w, https:\/\/dental-planet.eu\/wp-content\/uploads\/2023\/09\/Eingang-Zahnarztpraxis-neu1.jpg 1500w\" sizes=\"auto, (max-width: 1024px) 100vw, 1024px\" \/><\/div><\/div><\/div><\/div><div class=\"wpb_column vc_column_container\"><div class=\"vc_column-inner\"><div class=\"wpb_text_column\"><div class=\"wpb_wrapper\"><p style=\"text-align: justify;\">Dental Planet &#8211; Ihr Zahnarzt in Quesada, Rojales, Torrevieja &amp; Alicante in Spanien<br \/>\nUnser Ziel ist es, Patienten, die das Beste erwarten, eine au\u00dfergew\u00f6hnliche Versorgung zu bieten.<\/p>\n<p style=\"text-align: justify;\">Wir streben nach Perfektion und nehmen uns die n\u00f6tige Zeit, um jede Aufgabe richtig zu erledigen. Um die besten Ergebnisse zu erzielen, halten wir die folgenden hohen Standards ein:<\/p>\n<p style=\"text-align: justify;\">Die h\u00f6chste Qualit\u00e4t und die neuesten Methoden der zahn\u00e4rztlichen Behandlung.<\/p>\n<p style=\"text-align: justify;\">Wir von Dental Planet bieten unseren Patienten ausnahmslos Zahnbehandlungen von h\u00f6chster Qualit\u00e4t. Unser Ziel ist es, die beste Zahnmedizin zu bieten, die es gibt: modernste Materialien, innovative Behandlungsmethoden und vor allem eine unvergleichliche Gastfreundschaft und Kundenbetreuung f\u00fcr jeden Patienten.<\/p>\n<\/div><\/div><\/div><\/div><\/div><div class=\"wpb_text_column\"><div class=\"wpb_wrapper\"><p style=\"text-align: justify;\">Sanfte und schmerzlose Behandlung.<\/p>\n<p style=\"text-align: justify;\">Wir sind stets bem\u00fcht, Sie bei der Wiederherstellung oder dem Wiederaufbau Ihrer Z\u00e4hne so schonend und schmerzfrei wie m\u00f6glich zu behandeln. Dies gilt insbesondere f\u00fcr Patienten mit Angst vor dem Zahnarzt. Neue, komfortable und attraktive Z\u00e4hne k\u00f6nnen einen sehr positiven Einfluss auf das Selbstbewusstsein und die Lebensqualit\u00e4t haben.<\/p>\n<p style=\"text-align: justify;\">Zahnprophylaxe &#8211; vorbeugende Zahnpflege<\/p>\n<p style=\"text-align: justify;\">Unsere hochwertige Zahnprophylaxe und Parodontalbehandlung sorgt daf\u00fcr, dass Sie Ihre Z\u00e4hne und Zahnimplantate lange behalten k\u00f6nnen.<\/p>\n<p style=\"text-align: justify;\">Wir arbeiten f\u00fcr Sie, den Patienten<\/p>\n<p style=\"text-align: justify;\">Der Leiter unserer Zahnarztpraxis behandelt und betreut jeden Patienten pers\u00f6nlich. Er plant und koordiniert jeden chirurgischen Eingriff in Zusammenarbeit mit dem Implantologen und dem Dentallabor vor Ort. Alle Prothesen werden von ihm angepasst. Er sorgt daf\u00fcr, dass jeder Patient w\u00e4hrend seiner zahn\u00e4rztlichen Behandlung einen hervorragenden Service erh\u00e4lt.<\/p>\n<p style=\"text-align: justify;\">Ein Team von Spezialisten<\/p>\n<p style=\"text-align: justify;\">Unser erfahrenes und freundliches Praxisteam sorgt daf\u00fcr, dass alle zahnmedizinischen Arbeiten reibungslos durchgef\u00fchrt werden, perfekt sitzen und h\u00f6chsten \u00e4sthetischen Anspr\u00fcchen gen\u00fcgen &#8211; Z\u00e4hne zum Verlieben!<\/p>\n<\/div><\/div><\/div><\/div><\/div><\/div><\/section>\n","protected":false},"excerpt":{"rendered":"Dental Planet &#8211; Ihr Zahnarzt in Quesada, Rojales, Torrevieja &amp; Alicante in Spanien Unser Ziel ist es, Patienten, die das Beste erwarten, eine au\u00dfergew\u00f6hnliche Versorgung zu bieten. Wir streben nach Perfektion und nehmen uns die n\u00f6tige Zeit, um jede Aufgabe richtig zu erledigen. Um die besten Ergebnisse zu erzielen, halten wir die folgenden hohen Standards...","protected":false},"author":1,"featured_media":0,"parent":0,"menu_order":0,"comment_status":"closed","ping_status":"closed","template":"","meta":{"footnotes":""},"class_list":["post-456","page","type-page","status-publish","hentry"],"_links":{"self":[{"href":"https:\/\/dental-planet.eu\/de\/wp-json\/wp\/v2\/pages\/456","targetHints":{"allow":["GET"]}}],"collection":[{"href":"https:\/\/dental-planet.eu\/de\/wp-json\/wp\/v2\/pages"}],"about":[{"href":"https:\/\/dental-planet.eu\/de\/wp-json\/wp\/v2\/types\/page"}],"author":[{"embeddable":true,"href":"https:\/\/dental-planet.eu\/de\/wp-json\/wp\/v2\/users\/1"}],"replies":[{"embeddable":true,"href":"https:\/\/dental-planet.eu\/de\/wp-json\/wp\/v2\/comments?post=456"}],"version-history":[{"count":6,"href":"https:\/\/dental-planet.eu\/de\/wp-json\/wp\/v2\/pages\/456\/revisions"}],"predecessor-version":[{"id":2465,"href":"https:\/\/dental-planet.eu\/de\/wp-json\/wp\/v2\/pages\/456\/revisions\/2465"}],"wp:attachment":[{"href":"https:\/\/dental-planet.eu\/de\/wp-json\/wp\/v2\/media?parent=456"}],"curies":[{"name":"wp","href":"https:\/\/api.w.org\/{rel}","templated":true}]}}