{"id":317,"date":"2023-09-21T11:22:20","date_gmt":"2023-09-21T09:22:20","guid":{"rendered":"https:\/\/ecstatic-roentgen.31-24-155-213.plesk.page\/zahnbehandlungen\/"},"modified":"2023-11-06T18:07:18","modified_gmt":"2023-11-06T17:07:18","slug":"zahnbehandlungen","status":"publish","type":"page","link":"https:\/\/dental-planet.eu\/de\/zahnbehandlungen\/","title":{"rendered":"Zahnbehandlungen"},"content":{"rendered":"<section class=\"l-section wpb_row us_custom_e11ab399 height_medium\"><div class=\"l-section-h i-cf\"><div class=\"g-cols vc_row via_grid cols_1 laptops-cols_inherit tablets-cols_inherit mobiles-cols_1 valign_top type_default stacking_default\"><div class=\"wpb_column vc_column_container\"><div class=\"vc_column-inner\"><div class=\"wpb_text_column\"><div class=\"wpb_wrapper\"><p style=\"text-align: justify;\">In den folgenden Abschnitten k\u00f6nnen Sie kurz und auf einen Blick sehen, welche <strong>zahnmedizinischen Behandlungen <\/strong><strong>wir <\/strong><strong>in<\/strong> unserer Praxis<strong>anbieten <\/strong>, damit Sie m\u00f6glichst schnell wissen, was Sie von uns erwarten k\u00f6nnen!<\/p>\n<\/div><\/div><div class=\"w-separator size_custom\" style=\"height:50px\"><\/div><div class=\"g-cols wpb_row via_grid cols_1 laptops-cols_inherit tablets-cols_inherit mobiles-cols_1 valign_top type_default stacking_default\"><div class=\"wpb_column vc_column_container\"><div class=\"vc_column-inner\"><div class=\"w-grid type_grid layout_portfolio_3 cols_4 ratio_1x1\" id=\"us_grid_1\" style=\"--gap:1rem;\" data-filterable=\"true\"><style>@media (max-width:1380px){#us_grid_1 .w-grid-item{width:33.3333%}#us_grid_1 .w-grid-item.size_2x1,#us_grid_1 .w-grid-item.size_2x2{width:66.6667%}}@media (max-width:1024px){#us_grid_1 .w-grid-item{width:50%}#us_grid_1 .w-grid-item.size_2x1,#us_grid_1 .w-grid-item.size_2x2{width:100%}}@media (max-width:600px){#us_grid_1 .w-grid-list{margin:0}#us_grid_1 .w-grid-item{width:100%;padding:0;margin-bottom:var(--gap,0px)}}.layout_portfolio_3 .w-grid-item-h:before{padding-bottom:100%}@media (min-width:601px){.layout_portfolio_3 .w-grid-item.size_1x2 .w-grid-item-h:before{padding-bottom:calc(200% + var(--gap,0px) * 2)}.layout_portfolio_3 .w-grid-item.size_2x1 .w-grid-item-h:before{padding-bottom:calc(50% - var(--gap,0px) * 1)}.layout_portfolio_3 .w-grid-item.size_2x2 .w-grid-item-h:before{padding-bottom:calc(100% - var(--gap,0px) * 0)}}.layout_portfolio_3 .w-grid-item-h{}.layout_portfolio_3 .usg_post_image_1{transition-duration:0.4s;transform-origin:50% 50%;transform:scale(1) translate(0%,0%);opacity:0.25}.layout_portfolio_3 .w-grid-item-h:hover .usg_post_image_1{transform:scale(1) translate(0%,0%);opacity:1}.layout_portfolio_3 .usg_post_title_1{transition-duration:0.3s;transform-origin:50% 50%;transform:scale(1) translate(0%,0%)}.layout_portfolio_3 .w-grid-item-h:hover .usg_post_title_1{transform:scale(1) translate(0%,-100%);opacity:0}.layout_portfolio_3 .usg_post_taxonomy_1{transition-duration:0.3s;transform-origin:50% 50%;transform:scale(1) translate(0%,0%)}.layout_portfolio_3 .w-grid-item-h:hover .usg_post_taxonomy_1{transform:scale(1) translate(0%,100%);opacity:0}.layout_portfolio_3 .usg_post_image_1{position:absolute!important;top:0!important;right:0!important;bottom:0!important;left:0!important}.layout_portfolio_3 .usg_vwrapper_1{position:absolute!important;top:0!important;right:0!important;bottom:0!important;left:0!important;padding:2rem!important}.layout_portfolio_3 .usg_post_title_1{color:inherit!important;font-size:1.4rem!important}<\/style><div class=\"w-grid-list\">\t<article class=\"w-grid-item post-2160 us_portfolio type-us_portfolio status-publish has-post-thumbnail hentry us_portfolio_category-zahnbehandlungen\" data-id=\"2160\">\r\n\t\t<div class=\"w-grid-item-h\">\r\n\t\t\t\t\t\t\t<a href=\"https:\/\/dental-planet.eu\/de\/portfolio\/zahnaerztliche-plasmabehandlungen\/\" class=\"w-grid-item-anchor\" aria-label=\"Fibrin Zahnbehandlungen\"><\/a>\r\n\t\t\t\t\t\t<div class=\"w-post-elm post_image usg_post_image_1 stretched\"><img loading=\"lazy\" decoding=\"async\" width=\"924\" height=\"1024\" src=\"https:\/\/dental-planet.eu\/wp-content\/uploads\/2023\/09\/IL-LPRF-Patient-espanol-Print-1406-06-6-924x1024.jpg\" class=\"attachment-large size-large wp-post-image\" alt=\"\" srcset=\"https:\/\/dental-planet.eu\/wp-content\/uploads\/2023\/09\/IL-LPRF-Patient-espanol-Print-1406-06-6-924x1024.jpg 924w, https:\/\/dental-planet.eu\/wp-content\/uploads\/2023\/09\/IL-LPRF-Patient-espanol-Print-1406-06-6-271x300.jpg 271w, https:\/\/dental-planet.eu\/wp-content\/uploads\/2023\/09\/IL-LPRF-Patient-espanol-Print-1406-06-6.jpg 1279w\" sizes=\"auto, (max-width: 924px) 100vw, 924px\" \/><\/div><div class=\"w-vwrapper usg_vwrapper_1 align_center valign_middle\"><h2 class=\"w-post-elm post_title usg_post_title_1 has_text_color entry-title color_link_inherit\">Fibrin Zahnbehandlungen<\/h2><div class=\"w-post-elm post_taxonomy usg_post_taxonomy_1 style_simple color_link_inherit\"><a class=\"term-25 term-zahnbehandlungen\" href=\"https:\/\/dental-planet.eu\/de\/portfolio_category\/zahnbehandlungen\/\">Zahnbehandlungen<\/a><\/div><\/div>\t\t<\/div>\r\n\t<\/article>\r\n\t<article class=\"w-grid-item post-385 us_portfolio type-us_portfolio status-publish has-post-thumbnail hentry us_portfolio_category-zahnbehandlungen\" data-id=\"385\">\r\n\t\t<div class=\"w-grid-item-h\">\r\n\t\t\t\t\t\t\t<a href=\"https:\/\/dental-planet.eu\/de\/portfolio\/implantate-spanien-zirkon-zahnimplantate-implantologie-zahnarztpraxis-rojales-alicante-torrevieja\/\" class=\"w-grid-item-anchor\" aria-label=\"Zahnimplantate\"><\/a>\r\n\t\t\t\t\t\t<div class=\"w-post-elm post_image usg_post_image_1 stretched\"><img loading=\"lazy\" decoding=\"async\" width=\"1024\" height=\"819\" src=\"https:\/\/dental-planet.eu\/wp-content\/uploads\/2023\/10\/duda-sobre-implantes-dentales-1024x819.jpeg\" class=\"attachment-large size-large wp-post-image\" alt=\"\" srcset=\"https:\/\/dental-planet.eu\/wp-content\/uploads\/2023\/10\/duda-sobre-implantes-dentales-1024x819.jpeg 1024w, https:\/\/dental-planet.eu\/wp-content\/uploads\/2023\/10\/duda-sobre-implantes-dentales-300x240.jpeg 300w, https:\/\/dental-planet.eu\/wp-content\/uploads\/2023\/10\/duda-sobre-implantes-dentales.jpeg 2000w\" sizes=\"auto, (max-width: 1024px) 100vw, 1024px\" \/><\/div><div class=\"w-vwrapper usg_vwrapper_1 align_center valign_middle\"><h2 class=\"w-post-elm post_title usg_post_title_1 has_text_color entry-title color_link_inherit\">Zahnimplantate<\/h2><div class=\"w-post-elm post_taxonomy usg_post_taxonomy_1 style_simple color_link_inherit\"><a class=\"term-25 term-zahnbehandlungen\" href=\"https:\/\/dental-planet.eu\/de\/portfolio_category\/zahnbehandlungen\/\">Zahnbehandlungen<\/a><\/div><\/div>\t\t<\/div>\r\n\t<\/article>\r\n\t<article class=\"w-grid-item post-432 us_portfolio type-us_portfolio status-publish has-post-thumbnail hentry us_portfolio_category-zahnbehandlungen\" data-id=\"432\">\r\n\t\t<div class=\"w-grid-item-h\">\r\n\t\t\t\t\t\t\t<a href=\"https:\/\/dental-planet.eu\/de\/portfolio\/prothese\/\" class=\"w-grid-item-anchor\" aria-label=\"Prothese\"><\/a>\r\n\t\t\t\t\t\t<div class=\"w-post-elm post_image usg_post_image_1 stretched\"><img loading=\"lazy\" decoding=\"async\" width=\"800\" height=\"533\" src=\"https:\/\/dental-planet.eu\/wp-content\/uploads\/2023\/09\/protesis-sobre-implante.webp\" class=\"attachment-large size-large wp-post-image\" alt=\"\" srcset=\"https:\/\/dental-planet.eu\/wp-content\/uploads\/2023\/09\/protesis-sobre-implante.webp 800w, https:\/\/dental-planet.eu\/wp-content\/uploads\/2023\/09\/protesis-sobre-implante-300x200.webp 300w\" sizes=\"auto, (max-width: 800px) 100vw, 800px\" \/><\/div><div class=\"w-vwrapper usg_vwrapper_1 align_center valign_middle\"><h2 class=\"w-post-elm post_title usg_post_title_1 has_text_color entry-title color_link_inherit\">Prothese<\/h2><div class=\"w-post-elm post_taxonomy usg_post_taxonomy_1 style_simple color_link_inherit\"><a class=\"term-25 term-zahnbehandlungen\" href=\"https:\/\/dental-planet.eu\/de\/portfolio_category\/zahnbehandlungen\/\">Zahnbehandlungen<\/a><\/div><\/div>\t\t<\/div>\r\n\t<\/article>\r\n\t<article class=\"w-grid-item post-389 us_portfolio type-us_portfolio status-publish has-post-thumbnail hentry us_portfolio_category-zahnbehandlungen\" data-id=\"389\">\r\n\t\t<div class=\"w-grid-item-h\">\r\n\t\t\t\t\t\t\t<a href=\"https:\/\/dental-planet.eu\/de\/portfolio\/parodontose-und-parodontitis\/\" class=\"w-grid-item-anchor\" aria-label=\"Parodontose und Parodontitis\"><\/a>\r\n\t\t\t\t\t\t<div class=\"w-post-elm post_image usg_post_image_1 stretched\"><img loading=\"lazy\" decoding=\"async\" width=\"746\" height=\"468\" src=\"https:\/\/dental-planet.eu\/wp-content\/uploads\/2023\/09\/Tratamiento-de-la-periodontitis.png\" class=\"attachment-large size-large wp-post-image\" alt=\"\" srcset=\"https:\/\/dental-planet.eu\/wp-content\/uploads\/2023\/09\/Tratamiento-de-la-periodontitis.png 746w, https:\/\/dental-planet.eu\/wp-content\/uploads\/2023\/09\/Tratamiento-de-la-periodontitis-300x188.png 300w\" sizes=\"auto, (max-width: 746px) 100vw, 746px\" \/><\/div><div class=\"w-vwrapper usg_vwrapper_1 align_center valign_middle\"><h2 class=\"w-post-elm post_title usg_post_title_1 has_text_color entry-title color_link_inherit\">Parodontose und Parodontitis<\/h2><div class=\"w-post-elm post_taxonomy usg_post_taxonomy_1 style_simple color_link_inherit\"><a class=\"term-25 term-zahnbehandlungen\" href=\"https:\/\/dental-planet.eu\/de\/portfolio_category\/zahnbehandlungen\/\">Zahnbehandlungen<\/a><\/div><\/div>\t\t<\/div>\r\n\t<\/article>\r\n\t<article class=\"w-grid-item post-341 us_portfolio type-us_portfolio status-publish has-post-thumbnail hentry us_portfolio_category-zahnbehandlungen\" data-id=\"341\">\r\n\t\t<div class=\"w-grid-item-h\">\r\n\t\t\t\t\t\t\t<a href=\"https:\/\/dental-planet.eu\/de\/portfolio\/chirurgie\/\" class=\"w-grid-item-anchor\" aria-label=\"Chirurgie\"><\/a>\r\n\t\t\t\t\t\t<div class=\"w-post-elm post_image usg_post_image_1 stretched\"><img loading=\"lazy\" decoding=\"async\" width=\"1024\" height=\"779\" src=\"https:\/\/dental-planet.eu\/wp-content\/uploads\/2023\/09\/cirugiaoral-1024x779.jpg\" class=\"attachment-large size-large wp-post-image\" alt=\"\" srcset=\"https:\/\/dental-planet.eu\/wp-content\/uploads\/2023\/09\/cirugiaoral-1024x779.jpg 1024w, https:\/\/dental-planet.eu\/wp-content\/uploads\/2023\/09\/cirugiaoral-300x228.jpg 300w\" sizes=\"auto, (max-width: 1024px) 100vw, 1024px\" \/><\/div><div class=\"w-vwrapper usg_vwrapper_1 align_center valign_middle\"><h2 class=\"w-post-elm post_title usg_post_title_1 has_text_color entry-title color_link_inherit\">Chirurgie<\/h2><div class=\"w-post-elm post_taxonomy usg_post_taxonomy_1 style_simple color_link_inherit\"><a class=\"term-25 term-zahnbehandlungen\" href=\"https:\/\/dental-planet.eu\/de\/portfolio_category\/zahnbehandlungen\/\">Zahnbehandlungen<\/a><\/div><\/div>\t\t<\/div>\r\n\t<\/article>\r\n\t<article class=\"w-grid-item post-356 us_portfolio type-us_portfolio status-publish has-post-thumbnail hentry us_portfolio_category-zahnbehandlungen\" data-id=\"356\">\r\n\t\t<div class=\"w-grid-item-h\">\r\n\t\t\t\t\t\t\t<a href=\"https:\/\/dental-planet.eu\/de\/portfolio\/endodontie\/\" class=\"w-grid-item-anchor\" aria-label=\"Endodontie\"><\/a>\r\n\t\t\t\t\t\t<div class=\"w-post-elm post_image usg_post_image_1 stretched\"><img loading=\"lazy\" decoding=\"async\" width=\"1024\" height=\"768\" src=\"https:\/\/dental-planet.eu\/wp-content\/uploads\/2023\/09\/Root-Canal-1024x768.jpg\" class=\"attachment-large size-large wp-post-image\" alt=\"\" srcset=\"https:\/\/dental-planet.eu\/wp-content\/uploads\/2023\/09\/Root-Canal-1024x768.jpg 1024w, https:\/\/dental-planet.eu\/wp-content\/uploads\/2023\/09\/Root-Canal-300x225.jpg 300w, https:\/\/dental-planet.eu\/wp-content\/uploads\/2023\/09\/Root-Canal.jpg 1200w\" sizes=\"auto, (max-width: 1024px) 100vw, 1024px\" \/><\/div><div class=\"w-vwrapper usg_vwrapper_1 align_center valign_middle\"><h2 class=\"w-post-elm post_title usg_post_title_1 has_text_color entry-title color_link_inherit\">Endodontie<\/h2><div class=\"w-post-elm post_taxonomy usg_post_taxonomy_1 style_simple color_link_inherit\"><a class=\"term-25 term-zahnbehandlungen\" href=\"https:\/\/dental-planet.eu\/de\/portfolio_category\/zahnbehandlungen\/\">Zahnbehandlungen<\/a><\/div><\/div>\t\t<\/div>\r\n\t<\/article>\r\n\t<article class=\"w-grid-item post-392 us_portfolio type-us_portfolio status-publish has-post-thumbnail hentry us_portfolio_category-zahnbehandlungen\" data-id=\"392\">\r\n\t\t<div class=\"w-grid-item-h\">\r\n\t\t\t\t\t\t\t<a href=\"https:\/\/dental-planet.eu\/de\/portfolio\/prophylaxe\/\" class=\"w-grid-item-anchor\" aria-label=\"Prophylaxe\"><\/a>\r\n\t\t\t\t\t\t<div class=\"w-post-elm post_image usg_post_image_1 stretched\"><img loading=\"lazy\" decoding=\"async\" width=\"1024\" height=\"683\" src=\"https:\/\/dental-planet.eu\/wp-content\/uploads\/2023\/09\/Higiene-dental-y-profilaxis-TEMP-1024x683.jpg\" class=\"attachment-large size-large wp-post-image\" alt=\"\" srcset=\"https:\/\/dental-planet.eu\/wp-content\/uploads\/2023\/09\/Higiene-dental-y-profilaxis-TEMP-1024x683.jpg 1024w, https:\/\/dental-planet.eu\/wp-content\/uploads\/2023\/09\/Higiene-dental-y-profilaxis-TEMP-300x200.jpg 300w, https:\/\/dental-planet.eu\/wp-content\/uploads\/2023\/09\/Higiene-dental-y-profilaxis-TEMP.jpg 1500w\" sizes=\"auto, (max-width: 1024px) 100vw, 1024px\" \/><\/div><div class=\"w-vwrapper usg_vwrapper_1 align_center valign_middle\"><h2 class=\"w-post-elm post_title usg_post_title_1 has_text_color entry-title color_link_inherit\">Prophylaxe<\/h2><div class=\"w-post-elm post_taxonomy usg_post_taxonomy_1 style_simple color_link_inherit\"><a class=\"term-25 term-zahnbehandlungen\" href=\"https:\/\/dental-planet.eu\/de\/portfolio_category\/zahnbehandlungen\/\">Zahnbehandlungen<\/a><\/div><\/div>\t\t<\/div>\r\n\t<\/article>\r\n\t<article class=\"w-grid-item post-329 us_portfolio type-us_portfolio status-publish has-post-thumbnail hentry us_portfolio_category-zahnbehandlungen\" data-id=\"329\">\r\n\t\t<div class=\"w-grid-item-h\">\r\n\t\t\t\t\t\t\t<a href=\"https:\/\/dental-planet.eu\/de\/portfolio\/konservative-zahnmedizin\/\" class=\"w-grid-item-anchor\" aria-label=\"Konservative Zahnmedizin\"><\/a>\r\n\t\t\t\t\t\t<div class=\"w-post-elm post_image usg_post_image_1 stretched\"><img loading=\"lazy\" decoding=\"async\" width=\"1024\" height=\"800\" src=\"https:\/\/dental-planet.eu\/wp-content\/uploads\/2023\/09\/carillas.jpg\" class=\"attachment-large size-large wp-post-image\" alt=\"\" srcset=\"https:\/\/dental-planet.eu\/wp-content\/uploads\/2023\/09\/carillas.jpg 1024w, https:\/\/dental-planet.eu\/wp-content\/uploads\/2023\/09\/carillas-300x234.jpg 300w\" sizes=\"auto, (max-width: 1024px) 100vw, 1024px\" \/><\/div><div class=\"w-vwrapper usg_vwrapper_1 align_center valign_middle\"><h2 class=\"w-post-elm post_title usg_post_title_1 has_text_color entry-title color_link_inherit\">Konservative Zahnmedizin<\/h2><div class=\"w-post-elm post_taxonomy usg_post_taxonomy_1 style_simple color_link_inherit\"><a class=\"term-25 term-zahnbehandlungen\" href=\"https:\/\/dental-planet.eu\/de\/portfolio_category\/zahnbehandlungen\/\">Zahnbehandlungen<\/a><\/div><\/div>\t\t<\/div>\r\n\t<\/article>\r\n\t<article class=\"w-grid-item post-806 us_portfolio type-us_portfolio status-publish has-post-thumbnail hentry us_portfolio_category-zahnbehandlungen\" data-id=\"806\">\r\n\t\t<div class=\"w-grid-item-h\">\r\n\t\t\t\t\t\t\t<a href=\"https:\/\/dental-planet.eu\/de\/portfolio\/schnarch-therapie\/\" class=\"w-grid-item-anchor\" aria-label=\"Schnarch-Therapie\"><\/a>\r\n\t\t\t\t\t\t<div class=\"w-post-elm post_image usg_post_image_1 stretched\"><img loading=\"lazy\" decoding=\"async\" width=\"868\" height=\"567\" src=\"https:\/\/dental-planet.eu\/wp-content\/uploads\/2023\/09\/orthoapnea-hand.png\" class=\"attachment-large size-large wp-post-image\" alt=\"\" srcset=\"https:\/\/dental-planet.eu\/wp-content\/uploads\/2023\/09\/orthoapnea-hand.png 868w, https:\/\/dental-planet.eu\/wp-content\/uploads\/2023\/09\/orthoapnea-hand-300x196.png 300w\" sizes=\"auto, (max-width: 868px) 100vw, 868px\" \/><\/div><div class=\"w-vwrapper usg_vwrapper_1 align_center valign_middle\"><h2 class=\"w-post-elm post_title usg_post_title_1 has_text_color entry-title color_link_inherit\">Schnarch-Therapie<\/h2><div class=\"w-post-elm post_taxonomy usg_post_taxonomy_1 style_simple color_link_inherit\"><a class=\"term-25 term-zahnbehandlungen\" href=\"https:\/\/dental-planet.eu\/de\/portfolio_category\/zahnbehandlungen\/\">Zahnbehandlungen<\/a><\/div><\/div>\t\t<\/div>\r\n\t<\/article>\r\n\t<article class=\"w-grid-item post-819 us_portfolio type-us_portfolio status-publish has-post-thumbnail hentry us_portfolio_category-zahnbehandlungen\" data-id=\"819\">\r\n\t\t<div class=\"w-grid-item-h\">\r\n\t\t\t\t\t\t\t<a href=\"https:\/\/dental-planet.eu\/de\/portfolio\/zahnmedizinische-aesthetik\/\" class=\"w-grid-item-anchor\" aria-label=\"Zahnmedizinische \u00c4sthetik\"><\/a>\r\n\t\t\t\t\t\t<div class=\"w-post-elm post_image usg_post_image_1 stretched\"><img loading=\"lazy\" decoding=\"async\" width=\"619\" height=\"514\" src=\"https:\/\/dental-planet.eu\/wp-content\/uploads\/2023\/09\/diseno-de-sonrisa-digital-barcelona.jpg\" class=\"attachment-large size-large wp-post-image\" alt=\"\" srcset=\"https:\/\/dental-planet.eu\/wp-content\/uploads\/2023\/09\/diseno-de-sonrisa-digital-barcelona.jpg 619w, https:\/\/dental-planet.eu\/wp-content\/uploads\/2023\/09\/diseno-de-sonrisa-digital-barcelona-300x249.jpg 300w\" sizes=\"auto, (max-width: 619px) 100vw, 619px\" \/><\/div><div class=\"w-vwrapper usg_vwrapper_1 align_center valign_middle\"><h2 class=\"w-post-elm post_title usg_post_title_1 has_text_color entry-title color_link_inherit\">Zahnmedizinische \u00c4sthetik<\/h2><div class=\"w-post-elm post_taxonomy usg_post_taxonomy_1 style_simple color_link_inherit\"><a class=\"term-25 term-zahnbehandlungen\" href=\"https:\/\/dental-planet.eu\/de\/portfolio_category\/zahnbehandlungen\/\">Zahnbehandlungen<\/a><\/div><\/div>\t\t<\/div>\r\n\t<\/article>\r\n<\/div><div class=\"w-grid-preloader\"><div class=\"g-preloader type_1\">\r\n\t<div><\/div>\r\n<\/div>\r\n<\/div>\t<div class=\"w-grid-json hidden\" onclick='return {&quot;action&quot;:&quot;us_ajax_grid&quot;,&quot;ajax_url&quot;:&quot;https:\\\/\\\/dental-planet.eu\\\/wp-admin\\\/admin-ajax.php&quot;,&quot;infinite_scroll&quot;:0,&quot;max_num_pages&quot;:1,&quot;pagination&quot;:&quot;none&quot;,&quot;permalink_url&quot;:&quot;https:\\\/\\\/dental-planet.eu\\\/de\\\/wp-json\\\/wp\\\/v2\\\/pages\\\/317\\\/&quot;,&quot;template_vars&quot;:{&quot;columns&quot;:&quot;4&quot;,&quot;exclude_items&quot;:&quot;none&quot;,&quot;img_size&quot;:&quot;default&quot;,&quot;ignore_items_size&quot;:0,&quot;items_layout&quot;:&quot;portfolio_3&quot;,&quot;items_offset&quot;:&quot;1&quot;,&quot;load_animation&quot;:&quot;none&quot;,&quot;overriding_link&quot;:&quot;%7B%22type%22%3A%22post%22%7D&quot;,&quot;post_id&quot;:0,&quot;query_args&quot;:{&quot;post_type&quot;:[&quot;us_portfolio&quot;],&quot;tax_query&quot;:[{&quot;taxonomy&quot;:&quot;us_portfolio_category&quot;,&quot;field&quot;:&quot;slug&quot;,&quot;terms&quot;:[&quot;Zahnbehandlungen&quot;]}],&quot;post_status&quot;:[&quot;publish&quot;],&quot;posts_per_page&quot;:&quot;10&quot;},&quot;orderby_query_args&quot;:{&quot;orderby&quot;:{&quot;date&quot;:&quot;DESC&quot;}},&quot;type&quot;:&quot;grid&quot;,&quot;us_grid_ajax_index&quot;:1,&quot;us_grid_filter_params&quot;:null,&quot;us_grid_index&quot;:1,&quot;_us_grid_post_type&quot;:&quot;us_portfolio&quot;,&quot;page_args&quot;:[],&quot;lang&quot;:&quot;de&quot;}}'><\/div>\r\n\t<\/div><\/div><\/div><\/div><\/div><\/div><\/div><\/div><\/section>\n","protected":false},"excerpt":{"rendered":"[vc_custom_heading source=\"post_title\" font_container=\"tag:h2|text_align:center\" use_theme_fonts=\"yes\"]Sch\u00f6ne, nat\u00fcrlich wei\u00dfe Z\u00e4hne tragen zweifellos zu einem attraktiven Aussehen bei und werden in der heutigen Gesellschaft mit Vitalit\u00e4t, Gesundheit und Erfolg in Verbindung gebracht. Damit Ihre Z\u00e4hne nicht nur gesund, sondern auch \u00e4sthetisch ansprechend aussehen, bieten wir die folgenden kosmetischen Zahnbehandlungen an: Whitening\/Wei\u00dfeln : Aufhellung der Z\u00e4hne f\u00fcr ein strahlendes L\u00e4cheln...","protected":false},"author":1,"featured_media":0,"parent":0,"menu_order":0,"comment_status":"closed","ping_status":"closed","template":"","meta":{"footnotes":""},"class_list":["post-317","page","type-page","status-publish","hentry"],"_links":{"self":[{"href":"https:\/\/dental-planet.eu\/de\/wp-json\/wp\/v2\/pages\/317","targetHints":{"allow":["GET"]}}],"collection":[{"href":"https:\/\/dental-planet.eu\/de\/wp-json\/wp\/v2\/pages"}],"about":[{"href":"https:\/\/dental-planet.eu\/de\/wp-json\/wp\/v2\/types\/page"}],"author":[{"embeddable":true,"href":"https:\/\/dental-planet.eu\/de\/wp-json\/wp\/v2\/users\/1"}],"replies":[{"embeddable":true,"href":"https:\/\/dental-planet.eu\/de\/wp-json\/wp\/v2\/comments?post=317"}],"version-history":[{"count":20,"href":"https:\/\/dental-planet.eu\/de\/wp-json\/wp\/v2\/pages\/317\/revisions"}],"predecessor-version":[{"id":2731,"href":"https:\/\/dental-planet.eu\/de\/wp-json\/wp\/v2\/pages\/317\/revisions\/2731"}],"wp:attachment":[{"href":"https:\/\/dental-planet.eu\/de\/wp-json\/wp\/v2\/media?parent=317"}],"curies":[{"name":"wp","href":"https:\/\/api.w.org\/{rel}","templated":true}]}}