{"id":304,"date":"2023-09-21T11:18:47","date_gmt":"2023-09-21T09:18:47","guid":{"rendered":"https:\/\/ecstatic-roentgen.31-24-155-213.plesk.page\/unser-team\/"},"modified":"2023-11-06T19:04:56","modified_gmt":"2023-11-06T18:04:56","slug":"unser-team","status":"publish","type":"page","link":"https:\/\/dental-planet.eu\/de\/zahnarzt-spanien-bilder-zahnarztpraxis-rojales-behandlungszimmer-praxis-ausstattung\/unser-team\/","title":{"rendered":"Unser Team"},"content":{"rendered":"<section class=\"l-section wpb_row height_medium width_custom\" style=\"--site-content-width:1340px;\"><div class=\"l-section-h i-cf\"><div class=\"g-cols vc_row via_grid cols_1 laptops-cols_inherit tablets-cols_inherit mobiles-cols_1 valign_top type_default stacking_default\"><div class=\"wpb_column vc_column_container\"><div class=\"vc_column-inner\"><div class=\"g-cols wpb_row via_grid cols_1 laptops-cols_inherit tablets-cols_inherit mobiles-cols_1 valign_top type_default stacking_default\"><div class=\"wpb_column vc_column_container\"><div class=\"vc_column-inner\">[vc_custom_heading text=&#8220;EIN TEAM VON SPEZIALISTEN ZU IHREN DIENSTEN&#8220; font_container=&#8220;tag:h2|text_align:center&#8220; use_theme_fonts=&#8220;yes&#8220;]<div class=\"wpb_text_column\"><div class=\"wpb_wrapper\"><p style=\"text-align: justify;\">Implantate sind k\u00fcnstliche Zahnwurzeln. Es ist fast so, als w\u00fcrden verlorene Z\u00e4hne in unserem Mund nachwachsen. Das Einsetzen von Implantaten sollte immer von einem auf diesen Bereich der Zahnmedizin spezialisierten Implantologen durchgef\u00fchrt werden.<\/p>\n<\/div><\/div><div class=\"w-separator size_custom\" style=\"height:50px\"><\/div><\/div><\/div><\/div><div class=\"g-cols wpb_row via_grid cols_4 laptops-cols_inherit tablets-cols_inherit mobiles-cols_1 valign_top type_default stacking_default\"><div class=\"wpb_column vc_column_container\"><div class=\"vc_column-inner\"><div class=\"w-person layout_circle\" itemscope itemtype=\"https:\/\/schema.org\/Person\"><div class=\"w-person-image\"><img loading=\"lazy\" decoding=\"async\" width=\"1024\" height=\"1024\" src=\"https:\/\/dental-planet.eu\/wp-content\/uploads\/2023\/10\/farnos-v1.png\" class=\"attachment-large size-large\" alt=\"\" srcset=\"https:\/\/dental-planet.eu\/wp-content\/uploads\/2023\/10\/farnos-v1.png 1024w, https:\/\/dental-planet.eu\/wp-content\/uploads\/2023\/10\/farnos-v1-300x300.png 300w, https:\/\/dental-planet.eu\/wp-content\/uploads\/2023\/10\/farnos-v1-150x150.png 150w\" sizes=\"auto, (max-width: 1024px) 100vw, 1024px\" \/><div class=\"img_hover\" style=\"background-image:url(https:\/\/dental-planet.eu\/wp-content\/uploads\/2023\/10\/farnos-v2.png)\"><\/div><\/div><div class=\"w-person-content\"><h4 itemprop=\"name\" class=\"w-person-name\"><span>Dr. Alvaro Farn\u00f3s<\/span><\/h4><div class=\"w-person-role\" itemprop=\"jobTitle\">Implantologe<\/div><\/div><\/div><div class=\"w-popup w-btn-wrapper align_center\"><button aria-label=\"Weitere Informationen\" class=\"w-popup-trigger type_btn w-btn us-btn-style_1 icon_atleft\"><i class=\"fas fa-info\"><\/i><span class=\"w-btn-label\">Weitere Informationen<\/span><\/button><div class=\"w-popup-overlay\" style=\"background:rgba(0,0,0,0.85);\"><\/div><div class=\"w-popup-wrap\" style=\"--title-color:var(--color-content-heading);--title-bg-color:var(--color-content-bg-alt);--content-color:var(--color-content-text);--content-bg-color:var(--color-content-bg)\"><div class=\"w-popup-box animation_fadeIn closerpos_outside without_title\" style=\"width:600px;\"><div class=\"w-popup-box-h\"><div class=\"w-popup-box-content\" style=\"padding:5%;\"><h2 style=\"text-align: center;\"><strong>Dr. \u00c1lvaro Farn\u00f3s<\/strong><\/h2>\n<p style=\"text-align: justify;\">Mit dem Implantologen Dr. Alvaro Farn\u00f3s Visedo (Loma Linda University, Kalifornien, USA) haben wir einen angesehenen Spezialisten in unserem Team, Professor f\u00fcr Implantologie an der Rey Juan Carlos Universit\u00e4t in Madrid. Doktor Farn\u00f3s operiert jede Woche in unserer Klinik.<\/p>\n<\/div><\/div><\/div><div class=\"w-popup-closer\"><\/div><\/div><\/div><\/div><\/div><div class=\"wpb_column vc_column_container\"><div class=\"vc_column-inner\"><div class=\"w-person layout_circle\" itemscope itemtype=\"https:\/\/schema.org\/Person\"><div class=\"w-person-image\"><img loading=\"lazy\" decoding=\"async\" width=\"1024\" height=\"1024\" src=\"https:\/\/dental-planet.eu\/wp-content\/uploads\/2023\/10\/machio-v1.png\" class=\"attachment-large size-large\" alt=\"\" srcset=\"https:\/\/dental-planet.eu\/wp-content\/uploads\/2023\/10\/machio-v1.png 1024w, https:\/\/dental-planet.eu\/wp-content\/uploads\/2023\/10\/machio-v1-300x300.png 300w, https:\/\/dental-planet.eu\/wp-content\/uploads\/2023\/10\/machio-v1-150x150.png 150w\" sizes=\"auto, (max-width: 1024px) 100vw, 1024px\" \/><div class=\"img_hover\" style=\"background-image:url(https:\/\/dental-planet.eu\/wp-content\/uploads\/2023\/10\/machio-v2.png)\"><\/div><\/div><div class=\"w-person-content\"><h4 itemprop=\"name\" class=\"w-person-name\"><span>Dr. A.M. Machio<\/span><\/h4><div class=\"w-person-role\" itemprop=\"jobTitle\">Zahnarzt<\/div><\/div><\/div><div class=\"w-popup w-btn-wrapper align_center\"><button aria-label=\"Weitere Informationen\" class=\"w-popup-trigger type_btn w-btn us-btn-style_1 icon_atleft\"><i class=\"fas fa-info\"><\/i><span class=\"w-btn-label\">Weitere Informationen<\/span><\/button><div class=\"w-popup-overlay\" style=\"background:rgba(0,0,0,0.85);\"><\/div><div class=\"w-popup-wrap\" style=\"--title-color:var(--color-content-heading);--title-bg-color:var(--color-content-bg-alt);--content-color:var(--color-content-text);--content-bg-color:var(--color-content-bg)\"><div class=\"w-popup-box animation_fadeIn closerpos_outside without_title\" style=\"width:600px;\"><div class=\"w-popup-box-h\"><div class=\"w-popup-box-content\" style=\"padding:5%;\"><h2 style=\"text-align: center;\"><strong>Dr. A.M. Machio<\/strong><\/h2>\n<p style=\"text-align: justify;\">Hochschulabschluss in Medizin und Chirurgie an der Universit\u00e4t von Extremadura (1986).<br \/>\nFacharzt f\u00fcr Stomatologie an der Universit\u00e4t von Sevilla (1991).<br \/>\nMaster in Zahn\u00e4sthetik und Veneers des Europ\u00e4ischen Zentrums f\u00fcr Kieferorthop\u00e4die.<br \/>\nMaster in Okklusion und Prothese bei Dr. Ferrer (Valencia, 1997-1998).<br \/>\nEr entwickelte seine Arbeit in Lissabon (ausschlie\u00dfliche Widmung f\u00fcr festsitzende Prothesen) in Zusammenarbeit mit der Klinik von Dr. Raul Nobre (1992-2000).<br \/>\nVon 1991 bis 1996 bei CEOSA (Europ\u00e4isches Zentrum f\u00fcr Kieferorthop\u00e4die) in der Abteilung f\u00fcr konservierende Zahnheilkunde und Erwachsenenprothetik.<\/p>\n<\/div><\/div><\/div><div class=\"w-popup-closer\"><\/div><\/div><\/div><\/div><\/div><div class=\"wpb_column vc_column_container\"><div class=\"vc_column-inner\"><div class=\"w-person layout_circle\" itemscope itemtype=\"https:\/\/schema.org\/Person\"><div class=\"w-person-image\"><img loading=\"lazy\" decoding=\"async\" width=\"1024\" height=\"1024\" src=\"https:\/\/dental-planet.eu\/wp-content\/uploads\/2023\/10\/celso-v1.png\" class=\"attachment-large size-large\" alt=\"\" srcset=\"https:\/\/dental-planet.eu\/wp-content\/uploads\/2023\/10\/celso-v1.png 1024w, https:\/\/dental-planet.eu\/wp-content\/uploads\/2023\/10\/celso-v1-300x300.png 300w, https:\/\/dental-planet.eu\/wp-content\/uploads\/2023\/10\/celso-v1-150x150.png 150w\" sizes=\"auto, (max-width: 1024px) 100vw, 1024px\" \/><div class=\"img_hover\" style=\"background-image:url(https:\/\/dental-planet.eu\/wp-content\/uploads\/2023\/10\/celso-v2.png)\"><\/div><\/div><div class=\"w-person-content\"><h4 itemprop=\"name\" class=\"w-person-name\"><span>Dr. Celso Carpintero<\/span><\/h4><div class=\"w-person-role\" itemprop=\"jobTitle\">Zahnarzt<\/div><\/div><\/div><div class=\"w-popup w-btn-wrapper align_center\"><button aria-label=\"Weitere Informationen\" class=\"w-popup-trigger type_btn w-btn us-btn-style_1 icon_atleft\"><i class=\"fas fa-info\"><\/i><span class=\"w-btn-label\">Weitere Informationen<\/span><\/button><div class=\"w-popup-overlay\" style=\"background:rgba(0,0,0,0.85);\"><\/div><div class=\"w-popup-wrap\" style=\"--title-color:var(--color-content-heading);--title-bg-color:var(--color-content-bg-alt);--content-color:var(--color-content-text);--content-bg-color:var(--color-content-bg)\"><div class=\"w-popup-box animation_fadeIn closerpos_outside without_title\" style=\"width:600px;\"><div class=\"w-popup-box-h\"><div class=\"w-popup-box-content\" style=\"padding:5%;\"><h2 style=\"text-align: center;\"><strong>Dr. Celso Carpintero<\/strong><\/h2>\n<p style=\"text-align: justify;\">Zahnarzt Dr. Celso Carpintero studierte an der Europ\u00e4ischen Universit\u00e4t Madrid, wo er 2008 sein Studium der Zahnmedizin abschloss. Anschlie\u00dfend arbeitete er 10 Jahre lang in England und verf\u00fcgt daher \u00fcber perfekte Englischkenntnisse. Seine Schwerpunkte liegen in den Bereichen hochwertige Zahnprothetik, Zahn\u00e4sthetik und konservierende Zahnheilkunde (z.B. F\u00fcllungen, Wurzelbehandlungen etc.). Unsere Patienten sch\u00e4tzen sein Einf\u00fchlungsverm\u00f6gen, seine Sensibilit\u00e4t und seine Geduld, vor allem \u00e4ngstliche Patienten und Kinder.<\/p>\n<\/div><\/div><\/div><div class=\"w-popup-closer\"><\/div><\/div><\/div><\/div><\/div><div class=\"wpb_column vc_column_container\"><div class=\"vc_column-inner\"><div class=\"w-person layout_circle\" itemscope itemtype=\"https:\/\/schema.org\/Person\"><div class=\"w-person-image\"><img loading=\"lazy\" decoding=\"async\" width=\"1024\" height=\"1024\" src=\"https:\/\/dental-planet.eu\/wp-content\/uploads\/2023\/10\/klaus-v1.png\" class=\"attachment-large size-large\" alt=\"\" srcset=\"https:\/\/dental-planet.eu\/wp-content\/uploads\/2023\/10\/klaus-v1.png 1024w, https:\/\/dental-planet.eu\/wp-content\/uploads\/2023\/10\/klaus-v1-300x300.png 300w, https:\/\/dental-planet.eu\/wp-content\/uploads\/2023\/10\/klaus-v1-150x150.png 150w\" sizes=\"auto, (max-width: 1024px) 100vw, 1024px\" \/><div class=\"img_hover\" style=\"background-image:url(https:\/\/dental-planet.eu\/wp-content\/uploads\/2023\/10\/klaus-v2.png)\"><\/div><\/div><div class=\"w-person-content\"><h4 itemprop=\"name\" class=\"w-person-name\"><span>Klaus Reger<\/span><\/h4><div class=\"w-person-role\" itemprop=\"jobTitle\">Zahntechniker<\/div><\/div><\/div><div class=\"w-popup w-btn-wrapper align_center\"><button aria-label=\"Weitere Informationen\" class=\"w-popup-trigger type_btn w-btn us-btn-style_1 icon_atleft\"><i class=\"fas fa-info\"><\/i><span class=\"w-btn-label\">Weitere Informationen<\/span><\/button><div class=\"w-popup-overlay\" style=\"background:rgba(0,0,0,0.85);\"><\/div><div class=\"w-popup-wrap\" style=\"--title-color:var(--color-content-heading);--title-bg-color:var(--color-content-bg-alt);--content-color:var(--color-content-text);--content-bg-color:var(--color-content-bg)\"><div class=\"w-popup-box animation_fadeIn closerpos_outside without_title\" style=\"width:600px;\"><div class=\"w-popup-box-h\"><div class=\"w-popup-box-content\" style=\"padding:5%;\"><h2 style=\"text-align: center;\"><strong>Klaus Reger<\/strong><\/h2>\n<p style=\"text-align: justify;\">Unser Dentallabor, unter der Leitung von Zahntechnikermeister Sr. Klaus Reger, ist f\u00fcr uns von unsch\u00e4tzbarem Wert. Nur eine perfekte Harmonie in der Klinik zwischen dem prothetischen Zahnarzt, dem Implantologen und dem Prothetiker garantiert den Erfolg der Arbeit.<br \/>\nWenn Fachleute zusammenarbeiten, ist die Qualit\u00e4t des Ergebnisses garantiert!<\/p>\n<\/div><\/div><\/div><div class=\"w-popup-closer\"><\/div><\/div><\/div><\/div><\/div><\/div><\/div><\/div><\/div><\/div><\/section><section class=\"l-section wpb_row us_custom_b03640aa height_medium width_custom\" style=\"--site-content-width:1340px;\"><div class=\"l-section-h i-cf\"><div class=\"g-cols vc_row via_grid cols_1 laptops-cols_inherit tablets-cols_inherit mobiles-cols_1 valign_top type_default stacking_default\"><div class=\"wpb_column vc_column_container\"><div class=\"vc_column-inner\"><div class=\"g-cols wpb_row via_grid cols_1 laptops-cols_inherit tablets-cols_inherit mobiles-cols_1 valign_top type_default stacking_default\"><div class=\"wpb_column vc_column_container\"><div class=\"vc_column-inner\">[vc_custom_heading text=&#8220;Prophylaxe-Team &#8211; Mundhygiene&#8220; font_container=&#8220;tag:h2|text_align:center&#8220; use_theme_fonts=&#8220;yes&#8220;]<div class=\"wpb_text_column\"><div class=\"wpb_wrapper\"><p style=\"text-align: justify;\">Unsere Assistentinnen Anja Wagner und Rosa Monle\u00f3n , Dentalhygienikerin, sind f\u00fcr die Prophylaxe und Parodontalbehandlung zust\u00e4ndig. Sie sind die guten Feen unserer Klinik und tun alles, was sie k\u00f6nnen, um Ihnen zu helfen, Ihre Z\u00e4hne gesund zu erhalten. Sie zeigen Ihnen gerne, wie Sie Ihre Z\u00e4hne richtig putzen und motivieren Sie dazu.<\/p>\n<\/div><\/div><div class=\"w-separator size_custom\" style=\"height:50px\"><\/div><\/div><\/div><\/div><div class=\"g-cols wpb_row via_grid cols_4 laptops-cols_inherit tablets-cols_inherit mobiles-cols_1 valign_top type_default stacking_default\"><div class=\"wpb_column vc_column_container\"><div class=\"vc_column-inner\"><\/div><\/div><div class=\"wpb_column vc_column_container\"><div class=\"vc_column-inner\"><div class=\"w-person layout_circle\" itemscope itemtype=\"https:\/\/schema.org\/Person\"><div class=\"w-person-image\"><img loading=\"lazy\" decoding=\"async\" width=\"1024\" height=\"1024\" src=\"https:\/\/dental-planet.eu\/wp-content\/uploads\/2023\/10\/anja-v1.png\" class=\"attachment-large size-large\" alt=\"\" srcset=\"https:\/\/dental-planet.eu\/wp-content\/uploads\/2023\/10\/anja-v1.png 1024w, https:\/\/dental-planet.eu\/wp-content\/uploads\/2023\/10\/anja-v1-300x300.png 300w, https:\/\/dental-planet.eu\/wp-content\/uploads\/2023\/10\/anja-v1-150x150.png 150w\" sizes=\"auto, (max-width: 1024px) 100vw, 1024px\" \/><div class=\"img_hover\" style=\"background-image:url(https:\/\/dental-planet.eu\/wp-content\/uploads\/2023\/10\/anja-v2.png)\"><\/div><\/div><div class=\"w-person-content\"><h4 itemprop=\"name\" class=\"w-person-name\"><span>Anja Wagner<\/span><\/h4><div class=\"w-person-role\" itemprop=\"jobTitle\">Dentalhygienikerin<\/div><\/div><\/div><div class=\"w-popup w-btn-wrapper align_center\"><button aria-label=\"Weitere Informationen\" class=\"w-popup-trigger type_btn w-btn us-btn-style_1 icon_atleft\"><i class=\"fas fa-info\"><\/i><span class=\"w-btn-label\">Weitere Informationen<\/span><\/button><div class=\"w-popup-overlay\" style=\"background:rgba(0,0,0,0.85);\"><\/div><div class=\"w-popup-wrap\" style=\"--title-color:var(--color-content-heading);--title-bg-color:var(--color-content-bg-alt);--content-color:var(--color-content-text);--content-bg-color:var(--color-content-bg)\"><div class=\"w-popup-box animation_fadeIn closerpos_outside without_title\" style=\"width:600px;\"><div class=\"w-popup-box-h\"><div class=\"w-popup-box-content\" style=\"padding:5%;\"><h2 style=\"text-align: center;\"><strong>Anja Wagner<\/strong><\/h2>\n<p style=\"text-align: justify;\"><strong>Anja Wagner<\/strong>, Assistentin f\u00fcr Dentalhygiene <strong><br \/>\n  <a href=\"https:\/\/www.dental-planet.eu\/higiene-dental-torrevieja-higienista-bucodental-espana-profilaxis-dental-limpieza-de-dientes-encia-remover-sarro-placa-dental-cuidados-dentales-air-flow-dentista-aleman-que-habla-espanol-rojales-alicante-\/\">Dentalhygiene<\/a><br \/>\n<\/strong> in unserem Dentalplanet Zahnmedizin in Spanien, Rojales.<\/p>\n<\/div><\/div><\/div><div class=\"w-popup-closer\"><\/div><\/div><\/div><\/div><\/div><div class=\"wpb_column vc_column_container\"><div class=\"vc_column-inner\"><div class=\"w-person layout_circle\" itemscope itemtype=\"https:\/\/schema.org\/Person\"><div class=\"w-person-image\"><img loading=\"lazy\" decoding=\"async\" width=\"1024\" height=\"1024\" src=\"https:\/\/dental-planet.eu\/wp-content\/uploads\/2023\/10\/rosa-monleon.png\" class=\"attachment-large size-large\" alt=\"\" srcset=\"https:\/\/dental-planet.eu\/wp-content\/uploads\/2023\/10\/rosa-monleon.png 1024w, https:\/\/dental-planet.eu\/wp-content\/uploads\/2023\/10\/rosa-monleon-300x300.png 300w, https:\/\/dental-planet.eu\/wp-content\/uploads\/2023\/10\/rosa-monleon-150x150.png 150w\" sizes=\"auto, (max-width: 1024px) 100vw, 1024px\" \/><div class=\"img_hover\" style=\"background-image:url(https:\/\/dental-planet.eu\/wp-content\/uploads\/2023\/10\/rosa-monleon-v2.png)\"><\/div><\/div><div class=\"w-person-content\"><h4 itemprop=\"name\" class=\"w-person-name\"><span>Rosa Monle\u00f3n<\/span><\/h4><div class=\"w-person-role\" itemprop=\"jobTitle\">Dentalhygienikerin<\/div><\/div><\/div><div class=\"w-popup w-btn-wrapper align_center\"><button aria-label=\"Weitere Informationen\" class=\"w-popup-trigger type_btn w-btn us-btn-style_1 icon_atleft\"><i class=\"fas fa-info\"><\/i><span class=\"w-btn-label\">Weitere Informationen<\/span><\/button><div class=\"w-popup-overlay\" style=\"background:rgba(0,0,0,0.85);\"><\/div><div class=\"w-popup-wrap\" style=\"--title-color:var(--color-content-heading);--title-bg-color:var(--color-content-bg-alt);--content-color:var(--color-content-text);--content-bg-color:var(--color-content-bg)\"><div class=\"w-popup-box animation_fadeIn closerpos_outside without_title\" style=\"width:600px;\"><div class=\"w-popup-box-h\"><div class=\"w-popup-box-content\" style=\"padding:5%;\"><h2 style=\"text-align: center;\"><strong>Rosa Monle\u00f3n<\/strong><\/h2>\n<p style=\"text-align: justify;\">Rosa Monle\u00f3n ist ausgebildete Dentalhygienikerin, Lehrerin f\u00fcr die Ausbildung von Zahnarzthelferinnen an der Akademie Alicante Albali &#8211; sie ist eine Dentalhygienikerin, die sehr sorgf\u00e4ltig und feinf\u00fchlig arbeitet. Sie ist speziell ausgebildet in <strong><br \/>\n  <a href=\"https:\/\/www.dental-planet.eu\/higiene-dental-torrevieja-higienista-bucodental-espana-profilaxis-dental-limpieza-de-dientes-encia-remover-sarro-placa-dental-cuidados-dentales-air-flow-dentista-aleman-que-habla-espanol-rojales-alicante-\/\">Zahnhygiene<\/a><br \/>\n<\/strong> von Patienten mit Angst vor dem Zahnarzt, Kindern, Behinderten und Patienten mit Atembeschwerden.<\/p>\n<\/div><\/div><\/div><div class=\"w-popup-closer\"><\/div><\/div><\/div><\/div><\/div><div class=\"wpb_column vc_column_container\"><div class=\"vc_column-inner\"><\/div><\/div><\/div><\/div><\/div><\/div><\/div><\/section><section class=\"l-section wpb_row us_custom_8d45c27c height_medium\"><div class=\"l-section-h i-cf\"><div class=\"g-cols vc_row via_grid cols_1 laptops-cols_inherit tablets-cols_inherit mobiles-cols_1 valign_top type_default stacking_default\"><div class=\"wpb_column vc_column_container\"><div class=\"vc_column-inner\">[vc_custom_heading text=&#8220;Rezeption&#8220; font_container=&#8220;tag:h2|text_align:center&#8220; use_theme_fonts=&#8220;yes&#8220;]<div class=\"g-cols wpb_row via_grid cols_3 laptops-cols_inherit tablets-cols_inherit mobiles-cols_1 valign_top type_default stacking_default\"><div class=\"wpb_column vc_column_container\"><div class=\"vc_column-inner\"><\/div><\/div><div class=\"wpb_column vc_column_container\"><div class=\"vc_column-inner\"><div class=\"w-person layout_circle\" itemscope itemtype=\"https:\/\/schema.org\/Person\"><div class=\"w-person-image\"><img loading=\"lazy\" decoding=\"async\" width=\"1024\" height=\"1024\" src=\"https:\/\/dental-planet.eu\/wp-content\/uploads\/2023\/10\/maria.png\" class=\"attachment-large size-large\" alt=\"\" srcset=\"https:\/\/dental-planet.eu\/wp-content\/uploads\/2023\/10\/maria.png 1024w, https:\/\/dental-planet.eu\/wp-content\/uploads\/2023\/10\/maria-300x300.png 300w, https:\/\/dental-planet.eu\/wp-content\/uploads\/2023\/10\/maria-150x150.png 150w\" sizes=\"auto, (max-width: 1024px) 100vw, 1024px\" \/><div class=\"img_hover\" style=\"background-image:url(https:\/\/dental-planet.eu\/wp-content\/uploads\/2023\/10\/maria-v2.png)\"><\/div><\/div><div class=\"w-person-content\"><h4 itemprop=\"name\" class=\"w-person-name\"><span>Maria Braeuer<\/span><\/h4><div class=\"w-person-role\" itemprop=\"jobTitle\">Rezeption<\/div><\/div><\/div><div class=\"w-popup w-btn-wrapper align_center\"><button aria-label=\"Weitere Informationen\" class=\"w-popup-trigger type_btn w-btn us-btn-style_1 icon_atleft\"><i class=\"fas fa-info\"><\/i><span class=\"w-btn-label\">Weitere Informationen<\/span><\/button><div class=\"w-popup-overlay\" style=\"background:rgba(0,0,0,0.85);\"><\/div><div class=\"w-popup-wrap\" style=\"--title-color:var(--color-content-heading);--title-bg-color:var(--color-content-bg-alt);--content-color:var(--color-content-text);--content-bg-color:var(--color-content-bg)\"><div class=\"w-popup-box animation_fadeIn closerpos_outside without_title\" style=\"width:600px;\"><div class=\"w-popup-box-h\"><div class=\"w-popup-box-content\" style=\"padding:5%;\"><h2 style=\"text-align: center;\"><strong>Maria Braeuer<\/strong><\/h2>\n<p style=\"text-align: justify;\">Frau <strong>Maria Braeuer<\/strong> wird Sie an der Rezeption des Dental Planet begr\u00fc\u00dfen.<br \/>\nSie koordiniert die Patienten, empf\u00e4ngt sie und legt bei ihrem ersten Besuch eine medizinische Akte f\u00fcr sie an, gibt ihnen den Terminplan f\u00fcr die durchzuf\u00fchrenden Arbeiten, h\u00e4lt den Kontakt per Telefon oder E-Mail, l\u00f6st ihre kleinen Zweifel und organisatorischen Probleme. Er betreut Sie gerne auf Spanisch und unsere Patienten, die uns aus anderen Teilen Europas besuchen, auf Deutsch, Englisch, Franz\u00f6sisch oder Italienisch.<\/p>\n<\/div><\/div><\/div><div class=\"w-popup-closer\"><\/div><\/div><\/div><\/div><\/div><div class=\"wpb_column vc_column_container\"><div class=\"vc_column-inner\"><\/div><\/div><\/div><\/div><\/div><\/div><\/div><\/section>\n","protected":false},"excerpt":{"rendered":"[vc_custom_heading text=\"EIN TEAM VON SPEZIALISTEN ZU IHREN DIENSTEN\" font_container=\"tag:h2|text_align:center\" use_theme_fonts=\"yes\"]Implantate sind k\u00fcnstliche Zahnwurzeln. Es ist fast so, als w\u00fcrden verlorene Z\u00e4hne in unserem Mund nachwachsen. Das Einsetzen von Implantaten sollte immer von einem auf diesen Bereich der Zahnmedizin spezialisierten Implantologen durchgef\u00fchrt werden. Dr. Alvaro Farn\u00f3sImplantologeWeitere InformationenDr. \u00c1lvaro Farn\u00f3s Mit dem Implantologen Dr. Alvaro Farn\u00f3s Visedo...","protected":false},"author":1,"featured_media":0,"parent":456,"menu_order":0,"comment_status":"closed","ping_status":"closed","template":"","meta":{"footnotes":""},"class_list":["post-304","page","type-page","status-publish","hentry"],"_links":{"self":[{"href":"https:\/\/dental-planet.eu\/de\/wp-json\/wp\/v2\/pages\/304","targetHints":{"allow":["GET"]}}],"collection":[{"href":"https:\/\/dental-planet.eu\/de\/wp-json\/wp\/v2\/pages"}],"about":[{"href":"https:\/\/dental-planet.eu\/de\/wp-json\/wp\/v2\/types\/page"}],"author":[{"embeddable":true,"href":"https:\/\/dental-planet.eu\/de\/wp-json\/wp\/v2\/users\/1"}],"replies":[{"embeddable":true,"href":"https:\/\/dental-planet.eu\/de\/wp-json\/wp\/v2\/comments?post=304"}],"version-history":[{"count":22,"href":"https:\/\/dental-planet.eu\/de\/wp-json\/wp\/v2\/pages\/304\/revisions"}],"predecessor-version":[{"id":2817,"href":"https:\/\/dental-planet.eu\/de\/wp-json\/wp\/v2\/pages\/304\/revisions\/2817"}],"up":[{"embeddable":true,"href":"https:\/\/dental-planet.eu\/de\/wp-json\/wp\/v2\/pages\/456"}],"wp:attachment":[{"href":"https:\/\/dental-planet.eu\/de\/wp-json\/wp\/v2\/media?parent=304"}],"curies":[{"name":"wp","href":"https:\/\/api.w.org\/{rel}","templated":true}]}}