{"id":267,"date":"2023-09-20T19:33:53","date_gmt":"2023-09-20T17:33:53","guid":{"rendered":"https:\/\/ecstatic-roentgen.31-24-155-213.plesk.page\/startseite\/"},"modified":"2026-02-12T13:01:10","modified_gmt":"2026-02-12T12:01:10","slug":"zahnarzt-spanien-zahnarztpraxis-torrevieja-guenstige-implantate-alicante-zahnklinik-rojales","status":"publish","type":"page","link":"https:\/\/dental-planet.eu\/de\/","title":{"rendered":"Startseite"},"content":{"rendered":"<section class=\"l-section wpb_row us_custom_b03640aa height_medium width_full\"><div class=\"l-section-h i-cf\"><div class=\"g-cols vc_row via_grid cols_1 laptops-cols_inherit tablets-cols_inherit mobiles-cols_1 valign_top type_default stacking_default\" style=\"grid-gap:0.5rem;\"><div class=\"wpb_column vc_column_container\"><div class=\"vc_column-inner\"><div class=\"g-cols wpb_row hide_on_tablets hide_on_mobiles via_grid cols_1-3 laptops-cols_inherit tablets-cols_inherit mobiles-cols_1 valign_middle type_default stacking_default\" style=\"grid-gap:0rem;\"><div class=\"wpb_column vc_column_container us_custom_ccbd8621 has_bg_color\"><div class=\"vc_column-inner\"><div class=\"w-image align_center\"><div url class=\"w-image-h\"><img loading=\"lazy\" decoding=\"async\" width=\"553\" height=\"716\" src=\"https:\/\/dental-planet.eu\/wp-content\/uploads\/2023\/09\/dental_planet_logo_DE.png\" class=\"attachment-large size-large\" alt=\"\" srcset=\"https:\/\/dental-planet.eu\/wp-content\/uploads\/2023\/09\/dental_planet_logo_DE.png 553w, https:\/\/dental-planet.eu\/wp-content\/uploads\/2023\/09\/dental_planet_logo_DE-232x300.png 232w\" sizes=\"auto, (max-width: 553px) 100vw, 553px\" \/><\/div><\/div><\/div><\/div><div class=\"wpb_column vc_column_container us_custom_272b7c09 has_bg_color\"><div class=\"vc_column-inner\"><div class=\"w-separator size_custom\" style=\"height:650px\"><\/div><\/div><\/div><\/div><div class=\"g-cols wpb_row via_grid cols_3 laptops-cols_inherit tablets-cols_inherit mobiles-cols_1 valign_top type_default stacking_default\"><div class=\"wpb_column vc_column_container\"><div class=\"vc_column-inner\"><\/div><\/div><div class=\"wpb_column vc_column_container hide_on_default hide_on_laptops\"><div class=\"vc_column-inner\"><div class=\"w-image align_center\"><div url class=\"w-image-h\"><img loading=\"lazy\" decoding=\"async\" width=\"553\" height=\"716\" src=\"https:\/\/dental-planet.eu\/wp-content\/uploads\/2023\/09\/dental_planet_logo_DE.png\" class=\"attachment-large size-large\" alt=\"\" srcset=\"https:\/\/dental-planet.eu\/wp-content\/uploads\/2023\/09\/dental_planet_logo_DE.png 553w, https:\/\/dental-planet.eu\/wp-content\/uploads\/2023\/09\/dental_planet_logo_DE-232x300.png 232w\" sizes=\"auto, (max-width: 553px) 100vw, 553px\" \/><\/div><\/div><\/div><\/div><div class=\"wpb_column vc_column_container\"><div class=\"vc_column-inner\"><\/div><\/div><\/div><\/div><\/div><\/div><\/div><\/section><section class=\"l-section wpb_row height_medium width_full\"><div class=\"l-section-h i-cf\"><div class=\"g-cols vc_row via_grid cols_1 laptops-cols_inherit tablets-cols_inherit mobiles-cols_1 valign_top type_default stacking_default\"><div class=\"wpb_column vc_column_container\"><div class=\"vc_column-inner\"><div class=\"g-cols wpb_row via_grid cols_1-2-1 laptops-cols_inherit tablets-cols_inherit mobiles-cols_1 valign_middle type_default stacking_default\"><div class=\"wpb_column vc_column_container\"><div class=\"vc_column-inner\"><\/div><\/div><div class=\"wpb_column vc_column_container\"><div class=\"vc_column-inner\">[vc_custom_heading text=&#8220;Die \u00d6ffnungszeiten&#8220; font_container=&#8220;tag:h2|text_align:center&#8220; use_theme_fonts=&#8220;yes&#8220;]<div class=\"w-iconbox iconpos_left style_default color_primary align_center no_title\"><div class=\"w-iconbox-icon\" style=\"font-size:5rem;\"><i class=\"fal fa-clock\"><\/i><\/div><div class=\"w-iconbox-meta\"><div class=\"w-iconbox-text\"><p style=\"text-align: left;\">Montag bis Donnerstag von 9:00 Uhr bis 15:00 Uhr<\/p>\n<p style=\"text-align: left;\">Freitags, NUR E-Mail-Service von 10.00h bis 13.00h<\/p>\n<p style=\"text-align: left;\">Tel. (+34) 966 717 236<\/p>\n<p style=\"text-align: left;\">E-Mail : dentalnettqu@gmail.com<\/p>\n<\/div><\/div><\/div><\/div><\/div><div class=\"wpb_column vc_column_container\"><div class=\"vc_column-inner\"><\/div><\/div><\/div><\/div><\/div><\/div><\/div><\/section><section class=\"l-section wpb_row us_custom_e11ab399 height_medium\"><div class=\"l-section-h i-cf\"><div class=\"g-cols vc_row via_grid cols_1 laptops-cols_inherit tablets-cols_inherit mobiles-cols_1 valign_top type_default stacking_default\"><div class=\"wpb_column vc_column_container us_custom_fda7b615\"><div class=\"vc_column-inner\"><div class=\"wpb_text_column\"><div class=\"wpb_wrapper\"><h2 style=\"text-align: center;\"><span style=\"color: #4961a0;\">WILLKOMMEN IN UNSERER KLINIK, DENTAL PLANET, Zentrum f\u00fcr Implantologie und Zahnprothetik<\/span><\/h2>\n<\/div><\/div><div class=\"w-separator size_custom\" style=\"height:25px\"><\/div><div class=\"wpb_text_column\"><div class=\"wpb_wrapper\"><p style=\"text-align: justify;\">Ihr Zahnarzt, der Spanisch, Deutsch, Englisch, Italienisch und Franz\u00f6sisch spricht, Prothetik und Implantologie in Spanien, Quesada, Rojales, Torrevieja, an der Costa Blanca, in der N\u00e4he von Alicante, Orihuela, Elche, Santa Pola, Guardamar del Segura, La Marina, San Miguel de Salinas, La Zenia, Orihuela Costa, Los Montesinos, Algorfa, Catral, Almorad\u00ed, Benijofar und La Marina.<\/p>\n<\/div><\/div><div class=\"w-separator size_custom\" style=\"height:25px\"><\/div><div class=\"wpb_text_column\"><div class=\"wpb_wrapper\"><h3 style=\"text-align: center;\"><span style=\"color: #4961a0;\">&#8222;Wir machen sch\u00f6ne neue Z\u00e4hne. Unsere Herausforderung ist es, Ihnen nur die h\u00f6chste Qualit\u00e4t zu bieten&#8220;.<\/span><\/h3>\n<\/div><\/div><div class=\"w-separator size_custom\" style=\"height:25px\"><\/div><div class=\"wpb_text_column\"><div class=\"wpb_wrapper\"><ul>\n<li style=\"text-align: justify;\">Wir restaurieren Ihre Z\u00e4hne sorgf\u00e4ltig, um Ihnen einen <strong>perfekten Kaukomfort und ein sch\u00f6nes, problemloses L\u00e4cheln<\/strong> zu erm\u00f6glichen.<\/li>\n<li style=\"text-align: justify;\">Wir sind <strong>f\u00fchrend in der Parodontal-<\/strong> und <strong>Prophylaxebehandlung<\/strong> und<strong> sorgen f\u00fcr langlebige Z\u00e4hne und Implantate<\/strong>.<\/li>\n<li style=\"text-align: justify;\">Die Zusammenarbeit zwischen einem <strong>erfahrenen Prothetiker<\/strong>, einem <strong>renommierten Implantologen und einem Zahntechnikermeister<\/strong> sorgt f\u00fcr <strong>perfekte und \u00e4sthetische Ergebnisse<\/strong>.<\/li>\n<li style=\"text-align: justify;\">Auf diese Weise verbessern wir dauerhaft <strong>ihre Lebensqualit\u00e4t<\/strong>.<\/li>\n<\/ul>\n<\/div><\/div><div class=\"w-separator size_custom\" style=\"height:25px\"><\/div><div class=\"wpb_text_column\"><div class=\"wpb_wrapper\"><p>Nachstehend finden Sie einen \u00dcberblick \u00fcber unsere Dienstleistungen:<\/p>\n<\/div><\/div><\/div><\/div><\/div><\/div><\/section><section class=\"l-section wpb_row us_custom_e11ab399 height_medium\"><div class=\"l-section-h i-cf\"><div class=\"g-cols vc_row via_grid cols_1 laptops-cols_inherit tablets-cols_inherit mobiles-cols_1 valign_top type_default stacking_default\"><div class=\"wpb_column vc_column_container\"><div class=\"vc_column-inner\"><div class=\"g-cols wpb_row via_grid cols_1 laptops-cols_inherit tablets-cols_inherit mobiles-cols_1 valign_top type_default stacking_default\"><div class=\"wpb_column vc_column_container\"><div class=\"vc_column-inner\">[vc_custom_heading text=&#8220;Was unsere Kunden sagen&#8220; font_container=&#8220;tag:h2|text_align:center&#8220; use_theme_fonts=&#8220;yes&#8220;]<\/div><\/div><\/div><div class=\"w-separator size_custom\" style=\"height:25px\"><\/div><div class=\"wpb_text_column\"><div class=\"wpb_wrapper\"><p style=\"text-align: center;\"><div class=\"ti-widget ti-goog\" data-time-locale=\"hace %d %s|hoy|d\u00eda|d\u00edas|semana|semanas|mes|meses|a\u00f1o|a\u00f1os\" data-layout-id=\"13\" data-set-id=\"light-background\" data-pid=\"b5167179c03e50ec942cb\" data-pager-autoplay-timeout=\"6\" data-review-target-width=\"275\" > <div class=\"ti-widget-container ti-col-4\"> <div class=\"ti-footer source-Google\"> <div class=\"ti-row\"> <div class=\"ti-profile-img\"> <img decoding=\"async\" src=\"https:\/\/lh6.googleusercontent.com\/-WvzTO0yiGPQ\/AAAAAAAAAAI\/AAAAAAAAAAA\/KNxyS7R_Aic\/s160-c-k-mo\/photo.jpg\" alt=\"Dental Planet Implant Centre Spain\" \/> <\/div> <div class=\"ti-profile-details\"> <div class=\"ti-name\"> Dental Planet Implant Centre Spain<\/div> <span class=\"ti-stars\"><span class=\"ti-star f\"><\/span><span class=\"ti-star f\"><\/span><span class=\"ti-star f\"><\/span><span class=\"ti-star f\"><\/span><span class=\"ti-star f\"><\/span><\/span> <div class=\"ti-rating-text\"> <span class=\"nowrap\"><strong>52 rese\u00f1as de Google<\/strong><\/span> <\/div> <div class=\"ti-header-write-btn-container\"> <a href=\"http:\/\/search.google.com\/local\/reviews?placeid=ChIJjYb3WSqvYw0R1SzyRCQ3nro\" class=\"ti-header-write-btn\" target=\"_blank\" rel=\"noopener\">Escribe una rese\u00f1a<\/a> <\/div>  <\/div> <\/div> <\/div> <div class=\"ti-reviews-container\"> <div class=\"ti-controls\"> <div class=\"ti-next\"><\/div> <div class=\"ti-prev\"><\/div> <\/div> <div class=\"ti-reviews-container-wrapper\">  <div data-empty=\"0\" data-time=\"1694649600\" class=\"ti-review-item source-Google\" > <div class=\"ti-inner\"> <div class=\"ti-review-header\"> <div class=\"ti-profile-img\"> <img decoding=\"async\" src=\"https:\/\/lh3.googleusercontent.com\/a-\/ALV-UjV2iKnDimY1txHDKmBgdXKC2lXHjM6TCfNJgqySmUlzS9Ps=s120-c-rp-mo-ba3-br100\" alt=\"Marianne Doliwa-Duerr\" \/> <\/div> <div class=\"ti-profile-details\"> <div class=\"ti-name\"> Marianne Doliwa-Duerr <\/div> <div class=\"ti-date\"><\/div> <\/div> <\/div> <span class=\"ti-stars\"><span class=\"ti-star f\"><\/span><span class=\"ti-star f\"><\/span><span class=\"ti-star f\"><\/span><span class=\"ti-star f\"><\/span><span class=\"ti-star f\"><\/span><\/span> <div class=\"ti-review-content\"><!-- R-CONTENT -->Eine sehr angenehme Zahnarztpraxis, das Personal ist sehr freundlich und kompetent.<!-- R-CONTENT --><\/div> <span class=\"ti-read-more\" data-container=\".ti-review-content\" data-collapse-text=\"Ocultar\" data-open-text=\"Leer m\u00e1s\"><\/span> <\/div> <\/div>  <div data-empty=\"0\" data-time=\"1694390400\" class=\"ti-review-item source-Google\" > <div class=\"ti-inner\"> <div class=\"ti-review-header\"> <div class=\"ti-profile-img\"> <img decoding=\"async\" src=\"https:\/\/lh3.googleusercontent.com\/a\/ACg8ocLo1yoNwBqp8rK3mBBCbtEt262LSqCeWnjcOwNPdE16=s120-c-rp-mo-br100\" alt=\"Keith Pate\" \/> <\/div> <div class=\"ti-profile-details\"> <div class=\"ti-name\"> Keith Pate <\/div> <div class=\"ti-date\"><\/div> <\/div> <\/div> <span class=\"ti-stars\"><span class=\"ti-star f\"><\/span><span class=\"ti-star f\"><\/span><span class=\"ti-star f\"><\/span><span class=\"ti-star f\"><\/span><span class=\"ti-star f\"><\/span><\/span> <div class=\"ti-review-content\"><!-- R-CONTENT -->After completing the first stage of my implant treatment including bone graft. I would like to complement the whole team on there skill and professionalism in making the treatment go very smoothly Based on my experience I would recommend Dental Planet to anyone<!-- R-CONTENT --><\/div> <span class=\"ti-read-more\" data-container=\".ti-review-content\" data-collapse-text=\"Ocultar\" data-open-text=\"Leer m\u00e1s\"><\/span> <\/div> <\/div>  <div data-empty=\"0\" data-time=\"1693958400\" class=\"ti-review-item source-Google\" > <div class=\"ti-inner\"> <div class=\"ti-review-header\"> <div class=\"ti-profile-img\"> <img decoding=\"async\" src=\"https:\/\/lh3.googleusercontent.com\/a\/ACg8ocLLf3fGi22HIHod9_r5OD4DJs1wRl5WXV0o4lFflPdo=s120-c-rp-mo-br100\" alt=\"Ilona Tiedge\" \/> <\/div> <div class=\"ti-profile-details\"> <div class=\"ti-name\"> Ilona Tiedge <\/div> <div class=\"ti-date\"><\/div> <\/div> <\/div> <span class=\"ti-stars\"><span class=\"ti-star f\"><\/span><span class=\"ti-star f\"><\/span><span class=\"ti-star f\"><\/span><span class=\"ti-star f\"><\/span><span class=\"ti-star f\"><\/span><\/span> <div class=\"ti-review-content\"><!-- R-CONTENT -->Mein Mann und ich waren beide in dieser Praxis in Behandlung und haben ausnahmslos die besten Erfahrungen machen k\u00f6nnen. Es herrscht eine angenehme Atmosph\u00e4re und man f\u00fchlt sich dort sehr gut aufgehoben. Ausf\u00fchrliche Erkl\u00e4rungen, sowohl am Empfang als auch w\u00e4hrend der Behandlung durch sympathische \u00c4rzte und Mitarbeiter, die ihren Job verstehen. Sehr empfehlenswert.<!-- R-CONTENT --><\/div> <span class=\"ti-read-more\" data-container=\".ti-review-content\" data-collapse-text=\"Ocultar\" data-open-text=\"Leer m\u00e1s\"><\/span> <\/div> <\/div>  <div data-empty=\"0\" data-time=\"1693008000\" class=\"ti-review-item source-Google\" > <div class=\"ti-inner\"> <div class=\"ti-review-header\"> <div class=\"ti-profile-img\"> <img decoding=\"async\" src=\"https:\/\/lh3.googleusercontent.com\/a\/ACg8ocLcBwFYIgbJG3YyLd21GIFlKtlFBLv4Mcjs3vRKfLan=s120-c-rp-mo-br100\" alt=\"Bernadete Dieckelmann\" \/> <\/div> <div class=\"ti-profile-details\"> <div class=\"ti-name\"> Bernadete Dieckelmann <\/div> <div class=\"ti-date\"><\/div> <\/div> <\/div> <span class=\"ti-stars\"><span class=\"ti-star f\"><\/span><span class=\"ti-star f\"><\/span><span class=\"ti-star f\"><\/span><span class=\"ti-star f\"><\/span><span class=\"ti-star e\"><\/span><\/span> <div class=\"ti-review-content\"><!-- R-CONTENT -->Man wird da nur abgezockt  die  haben  nur geld  im kopf<!-- R-CONTENT --><\/div> <span class=\"ti-read-more\" data-container=\".ti-review-content\" data-collapse-text=\"Ocultar\" data-open-text=\"Leer m\u00e1s\"><\/span> <\/div> <\/div>  <div data-empty=\"0\" data-time=\"1692835200\" class=\"ti-review-item source-Google\" > <div class=\"ti-inner\"> <div class=\"ti-review-header\"> <div class=\"ti-profile-img\"> <img decoding=\"async\" src=\"https:\/\/lh3.googleusercontent.com\/a\/ACg8ocKqQACz7oH55QIzPCoKLmAz3_vN5DJRrLsG9dps3JgE=s120-c-rp-mo-br100\" alt=\"Frank Osterhoff\" \/> <\/div> <div class=\"ti-profile-details\"> <div class=\"ti-name\"> Frank Osterhoff <\/div> <div class=\"ti-date\"><\/div> <\/div> <\/div> <span class=\"ti-stars\"><span class=\"ti-star f\"><\/span><span class=\"ti-star f\"><\/span><span class=\"ti-star f\"><\/span><span class=\"ti-star f\"><\/span><span class=\"ti-star f\"><\/span><\/span> <div class=\"ti-review-content\"><!-- R-CONTENT -->Alles bestens.  F\u00fchlte mich kompetent beraten und behandelt.  Sehr freundliche Mitarbeiter.  Kann ich weite empfehlen!!!!<!-- R-CONTENT --><\/div> <span class=\"ti-read-more\" data-container=\".ti-review-content\" data-collapse-text=\"Ocultar\" data-open-text=\"Leer m\u00e1s\"><\/span> <\/div> <\/div>  <div data-empty=\"0\" data-time=\"1692835200\" class=\"ti-review-item source-Google\" > <div class=\"ti-inner\"> <div class=\"ti-review-header\"> <div class=\"ti-profile-img\"> <img decoding=\"async\" src=\"https:\/\/lh3.googleusercontent.com\/a\/ACg8ocK4CB7apXdOKgqIzz7MkrAvo69McSGS_C741OdKYgc8=s120-c-rp-mo-br100\" alt=\"Rebeca Lopez\" \/> <\/div> <div class=\"ti-profile-details\"> <div class=\"ti-name\"> Rebeca Lopez <\/div> <div class=\"ti-date\"><\/div> <\/div> <\/div> <span class=\"ti-stars\"><span class=\"ti-star f\"><\/span><span class=\"ti-star f\"><\/span><span class=\"ti-star f\"><\/span><span class=\"ti-star f\"><\/span><span class=\"ti-star f\"><\/span><\/span> <div class=\"ti-review-content\"><!-- R-CONTENT -->Profesionales<!-- R-CONTENT --><\/div> <span class=\"ti-read-more\" data-container=\".ti-review-content\" data-collapse-text=\"Ocultar\" data-open-text=\"Leer m\u00e1s\"><\/span> <\/div> <\/div>  <div data-empty=\"0\" data-time=\"1690416000\" class=\"ti-review-item source-Google\" > <div class=\"ti-inner\"> <div class=\"ti-review-header\"> <div class=\"ti-profile-img\"> <img decoding=\"async\" src=\"https:\/\/lh3.googleusercontent.com\/a-\/ALV-UjUPA7juXEZ_o1rRe6R_OwYFkhfrYqOKP8JjyenAXNihTQ=s120-c-rp-mo-br100\" alt=\"Felix Torrente Galdon\" \/> <\/div> <div class=\"ti-profile-details\"> <div class=\"ti-name\"> Felix Torrente Galdon <\/div> <div class=\"ti-date\"><\/div> <\/div> <\/div> <span class=\"ti-stars\"><span class=\"ti-star f\"><\/span><span class=\"ti-star f\"><\/span><span class=\"ti-star f\"><\/span><span class=\"ti-star f\"><\/span><span class=\"ti-star f\"><\/span><\/span> <div class=\"ti-review-content\"><!-- R-CONTENT -->Tengo que decir que fui desde Alicante para que Rosa la higienista me hiciera la limpieza dental porque ya me las hac\u00eda anteriormente en otra cl\u00ednica y es una aut\u00e9ntica profesional. La recomiendo al 100%. Es una grand\u00edsima profesional y un gran trato humano. Adem\u00e1s, todo s\u00faper limpio y desinfectado, eso me da una gran tranquilidad. Volver\u00e9 sin dudarlo. Rosa mil gracias.<!-- R-CONTENT --><\/div> <span class=\"ti-read-more\" data-container=\".ti-review-content\" data-collapse-text=\"Ocultar\" data-open-text=\"Leer m\u00e1s\"><\/span> <\/div> <\/div>  <div data-empty=\"0\" data-time=\"1690156800\" class=\"ti-review-item source-Google\" > <div class=\"ti-inner\"> <div class=\"ti-review-header\"> <div class=\"ti-profile-img\"> <img decoding=\"async\" src=\"https:\/\/lh3.googleusercontent.com\/a\/ACg8ocKghXfdp6TP02QSCGLjigR_djpz1lLalpYGCCQmGWrb=s120-c-rp-mo-br100\" alt=\"Adrienne Lemon\" \/> <\/div> <div class=\"ti-profile-details\"> <div class=\"ti-name\"> Adrienne Lemon <\/div> <div class=\"ti-date\"><\/div> <\/div> <\/div> <span class=\"ti-stars\"><span class=\"ti-star f\"><\/span><span class=\"ti-star f\"><\/span><span class=\"ti-star f\"><\/span><span class=\"ti-star f\"><\/span><span class=\"ti-star f\"><\/span><\/span> <div class=\"ti-review-content\"><!-- R-CONTENT -->I highly recommend Dental Planet. The staff is friendly and the quality of work is top notch.<!-- R-CONTENT --><\/div> <span class=\"ti-read-more\" data-container=\".ti-review-content\" data-collapse-text=\"Ocultar\" data-open-text=\"Leer m\u00e1s\"><\/span> <\/div> <\/div>  <div data-empty=\"0\" data-time=\"1689292800\" class=\"ti-review-item source-Google\" > <div class=\"ti-inner\"> <div class=\"ti-review-header\"> <div class=\"ti-profile-img\"> <img decoding=\"async\" src=\"https:\/\/lh3.googleusercontent.com\/a\/ACg8ocJUbpT9mxf-03CFlxCKdF-h_KZFiKkzKpWfjxh1KVOu=s120-c-rp-mo-ba3-br100\" alt=\"GILLIAN TRICKETT\" \/> <\/div> <div class=\"ti-profile-details\"> <div class=\"ti-name\"> GILLIAN TRICKETT <\/div> <div class=\"ti-date\"><\/div> <\/div> <\/div> <span class=\"ti-stars\"><span class=\"ti-star f\"><\/span><span class=\"ti-star f\"><\/span><span class=\"ti-star f\"><\/span><span class=\"ti-star f\"><\/span><span class=\"ti-star f\"><\/span><\/span> <div class=\"ti-review-content\"><!-- R-CONTENT -->I cannot recommend Dental Planet highly enough. From the  initial consultation to where I'm at now-after having 9 extractions and 2 implants in my lower jaw, it has been a pleasure. I now have implant retained dentures....heading back soon for the final part of my treatment.\n\nThe whole team made me feel confident and cared for whilst at the clinic. Every question has been answered fully and honestly putting my mind at ease. The clinic is pristinely clean, the team super lovely and friendly, multi-lingual, professional and highly competent in their field.\n\nPlease do not hesitate if you\u2019re considering having implants or dentures. Honestly 5 \ud83c\udf1f\ud83c\udf1f\ud83c\udf1f\ud83c\udf1f\ud83c\udf1f I cannot stop smiling. Photos of before & after. \ud83d\udc4c\ud83c\udffb\n\nThank you Dental Planet Team for giving me a new found confidence!!<!-- R-CONTENT --><\/div> <span class=\"ti-read-more\" data-container=\".ti-review-content\" data-collapse-text=\"Ocultar\" data-open-text=\"Leer m\u00e1s\"><\/span> <\/div> <\/div>  <\/div> <div class=\"ti-controls-line\"> <div class=\"dot\"><\/div> <\/div> <div class=\"ti-footer-filter-text\">Mostrando nuestras \u00faltimas rese\u00f1as<\/div> <\/div> <\/div> <\/div>\n<\/div><\/div><div class=\"g-cols wpb_row via_grid cols_3 laptops-cols_inherit tablets-cols_inherit mobiles-cols_1 valign_top type_default stacking_default\"><div class=\"wpb_column vc_column_container\"><div class=\"vc_column-inner\"><div class=\"w-btn-wrapper align_center\"><a class=\"w-btn us-btn-style_4\" target=\"_blank\" href=\"https:\/\/www.google.com\/search?hl=es-ES&amp;gl=es&amp;q=Dental+Planet+Implant+Centre+Spain,+C.+las+Adelfas,+1,+03170+Cdad.+Quesada,+Alicante&amp;ludocid=13447246166289951957&amp;lsig=AB86z5XC41w4bpW7tr-z3qN9Fhps#lrd=0xd63af2a59f7868d:0xba9e372444f22cd5,1,,,,\"><span class=\"w-btn-label\">Mehr Bewertungen lesen<\/span><\/a><\/div><\/div><\/div><div class=\"wpb_column vc_column_container\"><div class=\"vc_column-inner\"><\/div><\/div><div class=\"wpb_column vc_column_container\"><div class=\"vc_column-inner\"><\/div><\/div><\/div><\/div><\/div><\/div><\/div><\/section>\n","protected":false},"excerpt":{"rendered":"[vc_custom_heading text=\"Die \u00d6ffnungszeiten\" font_container=\"tag:h2|text_align:center\" use_theme_fonts=\"yes\"]Montag bis Donnerstag von 9:00 Uhr bis 15:00 Uhr Freitags, NUR E-Mail-Service von 10.00h bis 13.00h Tel. (+34) 966 717 236 E-Mail : dentalnettqu@gmail.com WILLKOMMEN IN UNSERER KLINIK, DENTAL PLANET, Zentrum f\u00fcr Implantologie und Zahnprothetik Ihr Zahnarzt, der Spanisch, Deutsch, Englisch, Italienisch und Franz\u00f6sisch spricht, Prothetik und Implantologie in Spanien, Quesada,...","protected":false},"author":1,"featured_media":0,"parent":0,"menu_order":0,"comment_status":"closed","ping_status":"closed","template":"","meta":{"footnotes":""},"class_list":["post-267","page","type-page","status-publish","hentry"],"_links":{"self":[{"href":"https:\/\/dental-planet.eu\/de\/wp-json\/wp\/v2\/pages\/267","targetHints":{"allow":["GET"]}}],"collection":[{"href":"https:\/\/dental-planet.eu\/de\/wp-json\/wp\/v2\/pages"}],"about":[{"href":"https:\/\/dental-planet.eu\/de\/wp-json\/wp\/v2\/types\/page"}],"author":[{"embeddable":true,"href":"https:\/\/dental-planet.eu\/de\/wp-json\/wp\/v2\/users\/1"}],"replies":[{"embeddable":true,"href":"https:\/\/dental-planet.eu\/de\/wp-json\/wp\/v2\/comments?post=267"}],"version-history":[{"count":164,"href":"https:\/\/dental-planet.eu\/de\/wp-json\/wp\/v2\/pages\/267\/revisions"}],"predecessor-version":[{"id":2959,"href":"https:\/\/dental-planet.eu\/de\/wp-json\/wp\/v2\/pages\/267\/revisions\/2959"}],"wp:attachment":[{"href":"https:\/\/dental-planet.eu\/de\/wp-json\/wp\/v2\/media?parent=267"}],"curies":[{"name":"wp","href":"https:\/\/api.w.org\/{rel}","templated":true}]}}