{"id":1340,"date":"2023-09-28T11:20:36","date_gmt":"2023-09-28T09:20:36","guid":{"rendered":"https:\/\/ecstatic-roentgen.31-24-155-213.plesk.page\/ihr-urlaub-mit-dental-planet-2\/"},"modified":"2023-09-28T11:28:04","modified_gmt":"2023-09-28T09:28:04","slug":"ihr-urlaub-mit-dental-planet-2","status":"publish","type":"page","link":"https:\/\/dental-planet.eu\/de\/ihr-urlaub-mit-dental-planet-2\/","title":{"rendered":"Ihr Urlaub mit Dental Planet"},"content":{"rendered":"<section class=\"l-section wpb_row us_custom_e11ab399 height_medium\"><div class=\"l-section-h i-cf\"><div class=\"g-cols vc_row via_grid cols_1 laptops-cols_inherit tablets-cols_inherit mobiles-cols_1 valign_top type_default stacking_default\"><div class=\"wpb_column vc_column_container\"><div class=\"vc_column-inner\"><div class=\"g-cols wpb_row via_grid cols_2 laptops-cols_inherit tablets-cols_inherit mobiles-cols_1 valign_top type_default stacking_default\"><div class=\"wpb_column vc_column_container\"><div class=\"vc_column-inner\"><div class=\"wpb_text_column\"><div class=\"wpb_wrapper\"><h3 style=\"text-align: justify;\">Urlaub beim Zahnarzt im Dental Planet Implant Center<\/h3>\n<h4 style=\"text-align: justify;\">Hochwertiger Zahnersatz unter den Palmen!<\/h4>\n<p style=\"text-align: justify;\"><strong>Verbinden Sie Ihre Zahnbehandlung mit Urlaub und Gesundheit am Meer in Spanien. Unsere Zahnklinik in Quesada, Rojales in Spanien, bietet exzellente zahnmedizinische Behandlungen zu einem au\u00dfergew\u00f6hnlich attraktiven Preis-Leistungs-Verh\u00e4ltnis in einer entspannten Atmosph\u00e4re.<\/strong><\/p>\n<\/div><\/div><\/div><\/div><div class=\"wpb_column vc_column_container\"><div class=\"vc_column-inner\"><div class=\"w-image align_center\"><div url class=\"w-image-h\"><img loading=\"lazy\" decoding=\"async\" width=\"1200\" height=\"675\" src=\"https:\/\/dental-planet.eu\/wp-content\/uploads\/2023\/09\/9fb51d1b-b64e-44ad-88d5-e7ed3217ca23_16-9-discover-aspect-ratio_default_0.jpg\" class=\"attachment-full size-full\" alt=\"\" srcset=\"https:\/\/dental-planet.eu\/wp-content\/uploads\/2023\/09\/9fb51d1b-b64e-44ad-88d5-e7ed3217ca23_16-9-discover-aspect-ratio_default_0.jpg 1200w, https:\/\/dental-planet.eu\/wp-content\/uploads\/2023\/09\/9fb51d1b-b64e-44ad-88d5-e7ed3217ca23_16-9-discover-aspect-ratio_default_0-300x169.jpg 300w, https:\/\/dental-planet.eu\/wp-content\/uploads\/2023\/09\/9fb51d1b-b64e-44ad-88d5-e7ed3217ca23_16-9-discover-aspect-ratio_default_0-1024x576.jpg 1024w\" sizes=\"auto, (max-width: 1200px) 100vw, 1200px\" \/><\/div><\/div><\/div><\/div><\/div><div class=\"w-separator size_custom\" style=\"height:15px\"><\/div><div class=\"wpb_text_column\"><div class=\"wpb_wrapper\"><p style=\"text-align: justify;\">Immer mehr Deutsche entscheiden sich daf\u00fcr, ihre Z\u00e4hne im Ausland begradigen zu lassen. Urlaub beim Zahnarzt <strong>(oder Urlaub f\u00fcr den Zahnarzt) wird immer beliebter<\/strong>, denn guter Zahnersatz ist in Deutschland teuer.<\/p>\n<p style=\"text-align: justify;\">Seit 2004 ist es prinzipiell m\u00f6glich, sich in billigeren EU-L\u00e4ndern behandeln zu lassen und trotzdem die Leistungen der Krankenversicherung nicht zu verlieren.<br \/>\n<strong>Unser erfahrenes Zahn\u00e4rzteteam bietet seri\u00f6se, qualitativ hochwertige und gleichzeitig bezahlbare Zahnbehandlungen oder Zahnersatz auf h\u00f6chstem<\/strong> Niveau sowie eine sorgf\u00e4ltige und objektive Patientenberatung. Und&#8230; <strong><a title=\"G\u00fcnstige Preise f\u00fcr Zahnersatz mit h\u00f6chster Qualit\u00e4t in unserer Zahnarztpraxis Dental Planet in Spanien.\" href=\"https:\/\/www.dental-planet.eu\/kosten-preise-zahnersatz-zahnarzt-spanien-guenstige-implantate-preiswerte-krone-bruecke-\/\">Sie k\u00f6nnen bis zu 75 % der Behandlungskosten sparen<\/a> und gleichzeitig in den Urlaub fahren<\/strong>.<\/p>\n<h3 style=\"text-align: justify;\">Die Vorteile eines Dentalurlaubs mit Dental Planet in Spanien auf einen Blick<\/h3>\n<ul style=\"text-align: justify;\">\n<li>Die Kosten und Preise f\u00fcr unseren <strong>Zahnersatz sind<\/strong> bei vergleichbarer oder sogar h\u00f6herer Qualit\u00e4t bis zu <strong>75 % g\u00fcnstiger als die Preise<\/strong>, die gute Zahn\u00e4rzte in Deutschland oder England verlangen.<\/li>\n<li><strong><br \/>\n  <a title=\"Unser Praxisteam: ein Team von Spezialisten. Denatl Planet, Ihr deutscher Zahnarzt in Spanien.\" href=\"https:\/\/www.dental-planet.eu\/zahnarzt-spezialisten-team-deutsche-zahnarztpraxis-spanien-rojales-alicante-torrevieja\/\">Team der Zahnarztpraxis<\/a><br \/>\n<\/strong><strong> hochqualifiziertes, mehrsprachiges, freundliches und erfahrenes Team<\/strong><br \/>\n(Sprachen: Englisch, Deutsch, Spanisch, Franz\u00f6sisch, Italienisch, Italienisch)<\/li>\n<li><strong><br \/>\n  <a title=\"Bilder von unserer Zahnklinik Dental Planet Spain, damit Sie sich vor Ihrem Besuch einen Eindruck verschaffen k\u00f6nnen.\" href=\"https:\/\/www.dental-planet.eu\/zahnarzt-spanien-bilder-zahnarztpraxis-rojales-behandlungszimmer-praxis-ausstattung\/\">Zahnarztpraxis<\/a><br \/>\n<\/strong><strong> modern und hochwertig<\/strong> mit gem\u00fctlichen und hellen Behandlungsr\u00e4umen<\/li>\n<li><strong><br \/>\n  <a title=\"Zahnbehandlung ohne Bohren und ohne Injektionen, Veneers oder Veneers ohne Vorbereitung bei Dental Planet in Spanien.\" href=\"https:\/\/www.dental-planet.eu\/zahn-veneers-spanien-schiefe-verfaerbte-frontzaehne-richten-rojales-alicante-torrevieja\/\">Die modernste und schonendste Behandlung<\/a><br \/>\n<\/strong><strong> und die modernsten und<\/strong> schonendsten Behandlungsmethoden sowie eine &#8222;State-of-the-Art&#8220;-Zahnmedizintechnik.<\/li>\n<li>Wir verwenden <strong><br \/>\n  <a title=\"Hochwertige und allergikerfreundliche Zahnmaterialien bei Dental Planet, Ihrer deutschen Zahnklinik in Spanien.\" href=\"https:\/\/www.dental-planet.eu\/zahnersatz-keramik-spanien-zirkon-dental-werkstoff-zahnarzt-rojales-alicante-torrevieja\/\">Zahnersatz-Materialien<\/a><br \/>\n<\/strong><strong> Prothesenmaterialien, die hypoallergen, hoch\u00e4sthetisch und von h\u00f6chster Qualit\u00e4t sind.<\/strong><\/li>\n<li><strong>Kosteng\u00fcnstige Erstberatung<\/strong> in unserer Zahnarztpraxis mit Kostenvoranschlag<\/li>\n<li><strong>Vollst\u00e4ndige Erneuerung Ihrer Z\u00e4hne schnell und einfach.<\/strong><br \/>\nDank der engen Zusammenarbeit mit einem Speziallabor sind wir in der Lage, alle prothetischen Arbeiten w\u00e4hrend Ihres Kurzurlaubs optimal und in kurzer Zeit auszuf\u00fchren.<\/li>\n<li><strong>Entspannende und idyllische Urlaubsatmosph\u00e4re<\/strong> an der Costa Blanca mit nahe gelegenen Golfpl\u00e4tzen<\/li>\n<li>Wenn Sie es w\u00fcnschen, k\u00f6nnen wir Ihnen bei <strong>der Planung Ihres Urlaubs mit dem Zahnarzt<\/strong> helfen (Anreise, Hotel, Umgebung).<\/li>\n<\/ul>\n<p style=\"text-align: justify;\">Neben den zahlreichen zahnmedizinischen und finanziellen Vorteilen, die ein Besuch in unserer Zahnarztpraxis mit sich bringt, m\u00f6chten wir auch kurz auf den <strong>Erholungswert unserer Umgebung<\/strong> eingehen.<\/p>\n<p style=\"text-align: justify;\">Unsere Zahnarztpraxis Dental Planet befindet sich in dem kleinen, idyllischen Dorf Quesada, einem Ortsteil von Rojales. Wir sind etwa 15 km von der Stadt Torrevieja und 10 km von Guardamar del Segura an der Costa Blanca entfernt.<\/p>\n<p style=\"text-align: justify;\"><strong>In unserer Gegend gibt es zahlreiche Golfpl\u00e4tze, Hotels, Spas und Attraktionen, die Sie w\u00e4hrend Ihres Aufenthalts genie\u00dfen k\u00f6nnen.<\/strong><\/p>\n<\/div><\/div><\/div><\/div><\/div><\/div><\/section>\n","protected":false},"excerpt":{"rendered":"Urlaub beim Zahnarzt im Dental Planet Implant Center Hochwertiger Zahnersatz unter den Palmen! Verbinden Sie Ihre Zahnbehandlung mit Urlaub und Gesundheit am Meer in Spanien. Unsere Zahnklinik in Quesada, Rojales in Spanien, bietet exzellente zahnmedizinische Behandlungen zu einem au\u00dfergew\u00f6hnlich attraktiven Preis-Leistungs-Verh\u00e4ltnis in einer entspannten Atmosph\u00e4re. Immer mehr Deutsche entscheiden sich daf\u00fcr, ihre Z\u00e4hne im Ausland...","protected":false},"author":1,"featured_media":0,"parent":0,"menu_order":0,"comment_status":"closed","ping_status":"closed","template":"","meta":{"footnotes":""},"class_list":["post-1340","page","type-page","status-publish","hentry"],"_links":{"self":[{"href":"https:\/\/dental-planet.eu\/de\/wp-json\/wp\/v2\/pages\/1340","targetHints":{"allow":["GET"]}}],"collection":[{"href":"https:\/\/dental-planet.eu\/de\/wp-json\/wp\/v2\/pages"}],"about":[{"href":"https:\/\/dental-planet.eu\/de\/wp-json\/wp\/v2\/types\/page"}],"author":[{"embeddable":true,"href":"https:\/\/dental-planet.eu\/de\/wp-json\/wp\/v2\/users\/1"}],"replies":[{"embeddable":true,"href":"https:\/\/dental-planet.eu\/de\/wp-json\/wp\/v2\/comments?post=1340"}],"version-history":[{"count":10,"href":"https:\/\/dental-planet.eu\/de\/wp-json\/wp\/v2\/pages\/1340\/revisions"}],"predecessor-version":[{"id":1380,"href":"https:\/\/dental-planet.eu\/de\/wp-json\/wp\/v2\/pages\/1340\/revisions\/1380"}],"wp:attachment":[{"href":"https:\/\/dental-planet.eu\/de\/wp-json\/wp\/v2\/media?parent=1340"}],"curies":[{"name":"wp","href":"https:\/\/api.w.org\/{rel}","templated":true}]}}