{"id":1290,"date":"2023-09-28T10:45:00","date_gmt":"2023-09-28T08:45:00","guid":{"rendered":"https:\/\/ecstatic-roentgen.31-24-155-213.plesk.page\/ihr-urlaub-mit-dental-planet\/"},"modified":"2023-09-28T11:28:38","modified_gmt":"2023-09-28T09:28:38","slug":"ihr-urlaub-mit-dental-planet","status":"publish","type":"page","link":"https:\/\/dental-planet.eu\/de\/ihr-urlaub-mit-dental-planet\/","title":{"rendered":"Besondere Dienstleistungen"},"content":{"rendered":"<section class=\"l-section wpb_row us_custom_e11ab399 height_medium\"><div class=\"l-section-h i-cf\"><div class=\"g-cols vc_row via_grid cols_1 laptops-cols_inherit tablets-cols_inherit mobiles-cols_1 valign_top type_default stacking_default\"><div class=\"wpb_column vc_column_container\"><div class=\"vc_column-inner\"><div class=\"g-cols wpb_row via_grid cols_2 laptops-cols_inherit tablets-cols_inherit mobiles-cols_1 valign_top type_default stacking_default\"><div class=\"wpb_column vc_column_container\"><div class=\"vc_column-inner\"><div class=\"wpb_text_column\"><div class=\"wpb_wrapper\"><p style=\"text-align: justify;\">Zentrales Anliegen unseres Praxisteams ist es, dass unsere Patienten eine optimale zahnmedizinische Versorgung erhalten und sich in unserer Praxis wohl f\u00fchlen. Deshalb bieten wir unseren Patienten neben Fachwissen und modernster Ausstattung zus\u00e4tzliche Leistungen an, die \u00fcber das \u00fcbliche zahn\u00e4rztliche Leistungsspektrum hinausgehen.<br \/>\nWir m\u00f6chten, dass Ihr Aufenthalt so angenehm und erfolgreich wie m\u00f6glich ist.<\/p>\n<p style=\"text-align: justify;\">Einsetzen von 14 Implantaten in NUR 90 Minuten<br \/>\nFestsitzender Zahnersatz im Unterkiefer ohne Knochenaufbau, auch wenn Ihnen gesagt wurde, dass der Knochen nicht ausreichend ist (amerikanisches Modell).<br \/>\nVermessung des Kiefergelenks f\u00fcr gr\u00f6\u00dfere Restaurationen, um neue Sch\u00e4den zu verhindern oder alte Sch\u00e4den zu korrigieren. Nackenschmerzen, R\u00fcckenschmerzen, Kopfschmerzen usw. werden h\u00e4ufig durch Probleme in den Kiefergelenken verursacht.<br \/>\nAbsch\u00e4tzung des erh\u00f6hten Herzinfarkt- und Schlaganfallrisikos aufgrund von Parodontalerkrankungen mittels eines bakteriologischen Tests in einem Schweizer Institut mit anschlie\u00dfender Behandlung<br \/>\nTeleskopschienen aus Keramik anstelle von Gold oder anderen Metallen<br \/>\nKnochendichtemessung zur Risikobewertung in der Implantologie<\/p>\n<\/div><\/div><\/div><\/div><div class=\"wpb_column vc_column_container\"><div class=\"vc_column-inner\"><div class=\"w-image align_center\"><div url class=\"w-image-h\"><img loading=\"lazy\" decoding=\"async\" width=\"1024\" height=\"768\" src=\"https:\/\/dental-planet.eu\/wp-content\/uploads\/2023\/09\/SONRISAPOST.jpg\" class=\"attachment-full size-full\" alt=\"\" srcset=\"https:\/\/dental-planet.eu\/wp-content\/uploads\/2023\/09\/SONRISAPOST.jpg 1024w, https:\/\/dental-planet.eu\/wp-content\/uploads\/2023\/09\/SONRISAPOST-300x225.jpg 300w\" sizes=\"auto, (max-width: 1024px) 100vw, 1024px\" \/><\/div><\/div><div class=\"w-image align_center\"><div url class=\"w-image-h\"><img loading=\"lazy\" decoding=\"async\" width=\"1200\" height=\"600\" src=\"https:\/\/dental-planet.eu\/wp-content\/uploads\/2023\/09\/diseno-de-sonrisas.jpg\" class=\"attachment-full size-full\" alt=\"\" srcset=\"https:\/\/dental-planet.eu\/wp-content\/uploads\/2023\/09\/diseno-de-sonrisas.jpg 1200w, https:\/\/dental-planet.eu\/wp-content\/uploads\/2023\/09\/diseno-de-sonrisas-300x150.jpg 300w, https:\/\/dental-planet.eu\/wp-content\/uploads\/2023\/09\/diseno-de-sonrisas-1024x512.jpg 1024w\" sizes=\"auto, (max-width: 1200px) 100vw, 1200px\" \/><\/div><\/div><\/div><\/div><\/div><div class=\"w-separator size_custom\" style=\"height:15px\"><\/div><div class=\"wpb_text_column\"><div class=\"wpb_wrapper\"><p style=\"text-align: justify;\">Herausnehmbare Prothesen, die vollst\u00e4ndig aus Keramik bestehen.<br \/>\nExtreme Strahlenreduzierung durch digitales R\u00f6ntgen<br \/>\nBesonders einf\u00fchlsame und schmerzfreie Behandlung f\u00fcr \u00e4ngstliche Patienten<br \/>\nAusgezeichnetes Preis-Leistungs-Verh\u00e4ltnis, erschwinglicher Zahnersatz.<br \/>\nBeratung<br \/>\nWir m\u00f6chten, dass Sie umfassend informiert sind. Deshalb besprechen wir mit Ihnen in unserem Besprechungszimmer die Details von Pr\u00e4ventionsma\u00dfnahmen oder Behandlungsm\u00f6glichkeiten.<br \/>\nMehrsprachiges Praxisteam, so dass wir sowohl englischen, italienischen und franz\u00f6sischen als auch spanischen und deutschen Patienten helfen k\u00f6nnen.<br \/>\nEntspannende, freundliche und famili\u00e4re Praxisumgebung.<\/p>\n<\/div><\/div><\/div><\/div><\/div><\/div><\/section>\n","protected":false},"excerpt":{"rendered":"Zentrales Anliegen unseres Praxisteams ist es, dass unsere Patienten eine optimale zahnmedizinische Versorgung erhalten und sich in unserer Praxis wohl f\u00fchlen. Deshalb bieten wir unseren Patienten neben Fachwissen und modernster Ausstattung zus\u00e4tzliche Leistungen an, die \u00fcber das \u00fcbliche zahn\u00e4rztliche Leistungsspektrum hinausgehen. Wir m\u00f6chten, dass Ihr Aufenthalt so angenehm und erfolgreich wie m\u00f6glich ist. Einsetzen von...","protected":false},"author":1,"featured_media":0,"parent":0,"menu_order":0,"comment_status":"closed","ping_status":"closed","template":"","meta":{"footnotes":""},"class_list":["post-1290","page","type-page","status-publish","hentry"],"_links":{"self":[{"href":"https:\/\/dental-planet.eu\/de\/wp-json\/wp\/v2\/pages\/1290","targetHints":{"allow":["GET"]}}],"collection":[{"href":"https:\/\/dental-planet.eu\/de\/wp-json\/wp\/v2\/pages"}],"about":[{"href":"https:\/\/dental-planet.eu\/de\/wp-json\/wp\/v2\/types\/page"}],"author":[{"embeddable":true,"href":"https:\/\/dental-planet.eu\/de\/wp-json\/wp\/v2\/users\/1"}],"replies":[{"embeddable":true,"href":"https:\/\/dental-planet.eu\/de\/wp-json\/wp\/v2\/comments?post=1290"}],"version-history":[{"count":11,"href":"https:\/\/dental-planet.eu\/de\/wp-json\/wp\/v2\/pages\/1290\/revisions"}],"predecessor-version":[{"id":1389,"href":"https:\/\/dental-planet.eu\/de\/wp-json\/wp\/v2\/pages\/1290\/revisions\/1389"}],"wp:attachment":[{"href":"https:\/\/dental-planet.eu\/de\/wp-json\/wp\/v2\/media?parent=1290"}],"curies":[{"name":"wp","href":"https:\/\/api.w.org\/{rel}","templated":true}]}}